{"id":2699,"date":"2023-03-08T14:07:57","date_gmt":"2023-03-08T13:07:57","guid":{"rendered":"https:\/\/vakifbank.de\/?page_id=2699"},"modified":"2023-03-08T14:24:28","modified_gmt":"2023-03-08T13:24:28","slug":"mitarbeiter-corporate-banking-w-m-d","status":"publish","type":"page","link":"https:\/\/vakifbank.de\/de\/karriere-1\/mitarbeiter-corporate-banking-w-m-d\/","title":{"rendered":"Mitarbeiter Corporate Banking (w\/m\/d)"},"content":{"rendered":"\t\t<div data-elementor-type=\"wp-page\" data-elementor-id=\"2699\" class=\"elementor elementor-2699\" data-elementor-post-type=\"page\">\n\t\t\t\t\t\t<section class=\"elementor-section elementor-top-section elementor-element elementor-element-b689bfb elementor-section-boxed elementor-section-height-default elementor-section-height-default\" data-id=\"b689bfb\" data-element_type=\"section\">\n\t\t\t\t\t\t<div class=\"elementor-container elementor-column-gap-default\">\n\t\t\t\t\t<div class=\"elementor-column elementor-col-100 elementor-top-column elementor-element elementor-element-8e7b10d\" data-id=\"8e7b10d\" data-element_type=\"column\">\n\t\t\t<div class=\"elementor-widget-wrap elementor-element-populated\">\n\t\t\t\t\t\t<div class=\"elementor-element elementor-element-070ef8a elementor-widget elementor-widget-heading\" data-id=\"070ef8a\" data-element_type=\"widget\" data-widget_type=\"heading.default\">\n\t\t\t\t<div class=\"elementor-widget-container\">\n\t\t\t\t\t<h1 class=\"elementor-heading-title elementor-size-default\">Stellenausschreibung<\/h1>\t\t\t\t<\/div>\n\t\t\t\t<\/div>\n\t\t\t\t<div class=\"elementor-element elementor-element-9198237 elementor-widget elementor-widget-text-editor\" data-id=\"9198237\" data-element_type=\"widget\" data-widget_type=\"text-editor.default\">\n\t\t\t\t<div class=\"elementor-widget-container\">\n\t\t\t\t\t\t\t\t\t<h2><span style=\"color: #000000;\">Mitarbeiter Corporate Banking (w\/m\/d)<\/span><\/h2><p>Datum: ab sofort <br \/>Standort: Wien<br \/>Berufsfeld: Banking, Corporate Banking<\/p><p>Wir sind eine internationale Bank mit Sitz in Wien. Neben dem klassischen Einlagengesch\u00e4ft fokussieren wir uns auf die Finanzierung mittlerer und gro\u00dfer Unternehmen in Europa.<\/p><p>Wenn Sie in Wien internationale Bankt\u00e4tigkeit aktiv mitgestalten wollen und Spa\u00df daran haben, Ihre Ideen direkt umzusetzen, sind Sie bei uns genau richtig.<\/p><p>Und nicht nur das: Neben vielversprechenden Karrierem\u00f6glichkeiten legen wir gro\u00dfen Wert auf Familienfreundlichkeit, Voll- und Teilzeitmodelle.<\/p><p>Wir suchen derzeit neue Teamkolleg*innen f\u00fcr unsere Abteilung Corporate Banking. Wir bieten eine fundierte Ausbildung in allen Bereichen einer Bank. Aufgrund unserer Gr\u00f6\u00dfe bekommen Sie schnell ein ganzheitliches Verst\u00e4ndnis \u00fcber das Bankgesch\u00e4ft. <br \/>Aufgaben:<\/p><p style=\"padding-left: 40px;\">\u2022 Erstellung von Kreditantr\u00e4gen<br \/>\u2022 Analyse und Auswertung von Finanzkennzahlen<br \/>\u2022 Verkn\u00fcpfung neuer Beziehungen mit Kunden\/Gesch\u00e4ftspartner<br \/>\u2022 Erhaltung und regelm\u00e4\u00dfige Pflege der bestehenden Kundenbeziehungen <br \/>\u2022 Ratingauswertung des Portfolios<br \/>\u2022 \u00dcberwachung von Finanzthemen und -m\u00e4rkten<\/p><p>\u00a0<\/p><p>Anforderungen:<\/p><p style=\"padding-left: 40px;\">\u2022 Abgeschlossenes wirtschaftliches Studium mit Schwerpunkt Finanz- oder Bankwesen <br \/>\u2022 Berufserfahrung im Bereich Kredit- und Marktrisiko <br \/>\u2022 Kenntnisse \u00fcber aufsichtsrechtliche Bestimmungen im Kreditgesch\u00e4fte <br \/>\u2022 Fortgeschrittene Finanzanalysekenntnis<br \/>\u2022 Berechnung der Kreditprodukte<br \/>\u2022 Grundkenntnis der makro\u00f6konomischen Entwicklungen und deren Effekte in Branchen<br \/>\u2022 Kenntnis anderer Bankprodukte<br \/>\u2022 Kunden- und Serviceorientierung, Kommunikationsst\u00e4rke und Lernwille<\/p><p>\u00a0<\/p><p>Unser Angebot:<\/p><p style=\"padding-left: 40px;\">\u2022 Vielseitige Positionen in einer internationalen Bank <br \/>\u2022 mit einem starken und kollegialen Team <br \/>\u2022 in einem dynamischen und modernen Arbeitsumfeld mit flachen Hierarchien<br \/>\u2022 F\u00f6rderung von facheinschl\u00e4gigen Weiter- und Ausbildungen<\/p><p>\u00a0<\/p><p>Wir freuen uns auf Ihre Bewerbung an <a href=\"mailto:hr@vakifbank.de\">hr@vakifbank.de<\/a>!<\/p>\t\t\t\t\t\t\t\t<\/div>\n\t\t\t\t<\/div>\n\t\t\t\t\t<\/div>\n\t\t<\/div>\n\t\t\t\t\t<\/div>\n\t\t<\/section>\n\t\t\t\t<\/div>\n\t\t","protected":false},"excerpt":{"rendered":"<p>Stellenausschreibung Mitarbeiter Corporate Banking (w\/m\/d) Datum: ab sofort Standort: WienBerufsfeld: Banking, Corporate Banking Wir sind eine internationale Bank mit Sitz in Wien. Neben dem klassischen Einlagengesch\u00e4ft fokussieren wir uns auf die Finanzierung mittlerer und gro\u00dfer Unternehmen in Europa. Wenn Sie in Wien internationale Bankt\u00e4tigkeit aktiv mitgestalten wollen und Spa\u00df daran haben, Ihre Ideen direkt umzusetzen, [&hellip;]<\/p>\n","protected":false},"author":3,"featured_media":0,"parent":1334,"menu_order":0,"comment_status":"closed","ping_status":"closed","template":"elementor_header_footer","meta":{"_uag_custom_page_level_css":"","footnotes":""},"class_list":["post-2699","page","type-page","status-publish","hentry"],"uagb_featured_image_src":{"full":false,"thumbnail":false,"medium":false,"medium_large":false,"large":false,"1536x1536":false,"2048x2048":false,"trp-custom-language-flag":false},"uagb_author_info":{"display_name":"caner","author_link":"https:\/\/vakifbank.de\/de\/author\/caner\/"},"uagb_comment_info":0,"uagb_excerpt":"Stellenausschreibung Mitarbeiter Corporate Banking (w\/m\/d) Datum: ab sofort Standort: WienBerufsfeld: Banking, Corporate Banking Wir sind eine internationale Bank mit Sitz in Wien. Neben dem klassischen Einlagengesch\u00e4ft fokussieren wir uns auf die Finanzierung mittlerer und gro\u00dfer Unternehmen in Europa. Wenn Sie in Wien internationale Bankt\u00e4tigkeit aktiv mitgestalten wollen und Spa\u00df daran haben, Ihre Ideen direkt umzusetzen,&hellip;","_links":{"self":[{"href":"https:\/\/vakifbank.de\/de\/wp-json\/wp\/v2\/pages\/2699","targetHints":{"allow":["GET"]}}],"collection":[{"href":"https:\/\/vakifbank.de\/de\/wp-json\/wp\/v2\/pages"}],"about":[{"href":"https:\/\/vakifbank.de\/de\/wp-json\/wp\/v2\/types\/page"}],"author":[{"embeddable":true,"href":"https:\/\/vakifbank.de\/de\/wp-json\/wp\/v2\/users\/3"}],"replies":[{"embeddable":true,"href":"https:\/\/vakifbank.de\/de\/wp-json\/wp\/v2\/comments?post=2699"}],"version-history":[{"count":7,"href":"https:\/\/vakifbank.de\/de\/wp-json\/wp\/v2\/pages\/2699\/revisions"}],"predecessor-version":[{"id":2714,"href":"https:\/\/vakifbank.de\/de\/wp-json\/wp\/v2\/pages\/2699\/revisions\/2714"}],"up":[{"embeddable":true,"href":"https:\/\/vakifbank.de\/de\/wp-json\/wp\/v2\/pages\/1334"}],"wp:attachment":[{"href":"https:\/\/vakifbank.de\/de\/wp-json\/wp\/v2\/media?parent=2699"}],"curies":[{"name":"wp","href":"https:\/\/api.w.org\/{rel}","templated":true}]}}