{"id":2705,"date":"2023-03-08T14:14:01","date_gmt":"2023-03-08T13:14:01","guid":{"rendered":"https:\/\/vakifbank.de\/?page_id=2705"},"modified":"2023-03-08T14:24:30","modified_gmt":"2023-03-08T13:24:30","slug":"kundenbetreuer-w-m-d","status":"publish","type":"page","link":"https:\/\/vakifbank.de\/de\/karriere-1\/kundenbetreuer-w-m-d\/","title":{"rendered":"Kundenbetreuer (w\/m\/d)"},"content":{"rendered":"\t\t<div data-elementor-type=\"wp-page\" data-elementor-id=\"2705\" class=\"elementor elementor-2705\" data-elementor-post-type=\"page\">\n\t\t\t\t\t\t<section class=\"elementor-section elementor-top-section elementor-element elementor-element-7b86435 elementor-section-boxed elementor-section-height-default elementor-section-height-default\" data-id=\"7b86435\" data-element_type=\"section\">\n\t\t\t\t\t\t<div class=\"elementor-container elementor-column-gap-default\">\n\t\t\t\t\t<div class=\"elementor-column elementor-col-100 elementor-top-column elementor-element elementor-element-3c199fe\" data-id=\"3c199fe\" data-element_type=\"column\">\n\t\t\t<div class=\"elementor-widget-wrap elementor-element-populated\">\n\t\t\t\t\t\t<div class=\"elementor-element elementor-element-ee649b5 elementor-widget elementor-widget-heading\" data-id=\"ee649b5\" data-element_type=\"widget\" data-widget_type=\"heading.default\">\n\t\t\t\t<div class=\"elementor-widget-container\">\n\t\t\t\t\t<h1 class=\"elementor-heading-title elementor-size-default\">Stellenausschreibung<\/h1>\t\t\t\t<\/div>\n\t\t\t\t<\/div>\n\t\t\t\t<div class=\"elementor-element elementor-element-0c8dfdb elementor-widget elementor-widget-text-editor\" data-id=\"0c8dfdb\" data-element_type=\"widget\" data-widget_type=\"text-editor.default\">\n\t\t\t\t<div class=\"elementor-widget-container\">\n\t\t\t\t\t\t\t\t\t<h2><span style=\"color: #000000;\">Kundenbetreuer (w\/m\/d)<\/span><\/h2><p>Datum: ab sofort <br \/>Standort: Wien<br \/>Berufsfeld: Banking, Privatkunden<\/p><p>Wir sind eine internationale Bank mit Sitz in Wien. Neben dem klassischen Einlagengesch\u00e4ft fokussieren wir uns auf die Finanzierung mittlerer und gro\u00dfer Unternehmen in Europa.<\/p><p>Wenn Sie in Wien internationale Bankt\u00e4tigkeit aktiv mitgestalten wollen und Spa\u00df daran haben, Ihre Ideen direkt umzusetzen, sind Sie bei uns genau richtig. <br \/><br \/>Und nicht nur das: Neben vielversprechenden Karrierem\u00f6glichkeiten legen wir gro\u00dfen Wert auf Familienfreundlichkeit, Voll- und Teilzeitmodelle.<\/p><p>Wir suchen derzeit neue Teamkolleg*innen f\u00fcr unsere Filiale in. Wir bieten eine fundierte Ausbildung in allen Bereichen einer Bank. Aufgrund unserer Gr\u00f6\u00dfe bekommen Sie schnell ein ganzheitliches Verst\u00e4ndnis \u00fcber das Bankgesch\u00e4ft. <br \/>Anforderungen:<\/p><p style=\"padding-left: 40px;\">\u2022 Mindestabschluss in HAK\/HAS oder sonstige wirtschaftliche Ausbildung <br \/>\u2022 Ausbildung und\/oder Zusatzqualifikationen im Bereich Kundengesch\u00e4ft von Vorteil<br \/>\u2022 Hohe Zahlenaffinit\u00e4t<br \/>\u2022 Sehr gute MS Office Kenntnisse<br \/>\u2022 Sehr gute Deutsch- und Englischkenntnisse (Ungarisch- oder T\u00fcrkischkenntnisse von Vorteil)<br \/>\u2022 Eigeninitiative sowie eine genaue und strukturierte Arbeitsweise<br \/>\u2022 Hohe Einsatzbereitschaft<\/p><p>\u00a0<\/p><p>Unser Angebot:<\/p><p style=\"padding-left: 40px;\">\u2022 Vielseitige Positionen in einer internationalen Bank <br \/>\u2022 mit einem starken und kollegialen Team <br \/>\u2022 in einem dynamischen und modernen Arbeitsumfeld mit flachen Hierarchien<br \/>\u2022 F\u00f6rderung von facheinschl\u00e4gigen Weiter- und Ausbildungen<\/p><p>\u00a0<\/p><p>Wir freuen uns auf Ihre Bewerbung an <a href=\"mailto:hr@vakifbank.de\">hr@vakifbank.de<\/a>!<\/p>\t\t\t\t\t\t\t\t<\/div>\n\t\t\t\t<\/div>\n\t\t\t\t\t<\/div>\n\t\t<\/div>\n\t\t\t\t\t<\/div>\n\t\t<\/section>\n\t\t\t\t<\/div>\n\t\t","protected":false},"excerpt":{"rendered":"<p>Stellenausschreibung Kundenbetreuer (w\/m\/d) Datum: ab sofort Standort: WienBerufsfeld: Banking, Privatkunden Wir sind eine internationale Bank mit Sitz in Wien. Neben dem klassischen Einlagengesch\u00e4ft fokussieren wir uns auf die Finanzierung mittlerer und gro\u00dfer Unternehmen in Europa. Wenn Sie in Wien internationale Bankt\u00e4tigkeit aktiv mitgestalten wollen und Spa\u00df daran haben, Ihre Ideen direkt umzusetzen, sind Sie bei [&hellip;]<\/p>\n","protected":false},"author":3,"featured_media":0,"parent":1334,"menu_order":0,"comment_status":"closed","ping_status":"closed","template":"elementor_header_footer","meta":{"_uag_custom_page_level_css":"","footnotes":""},"class_list":["post-2705","page","type-page","status-publish","hentry"],"uagb_featured_image_src":{"full":false,"thumbnail":false,"medium":false,"medium_large":false,"large":false,"1536x1536":false,"2048x2048":false,"trp-custom-language-flag":false},"uagb_author_info":{"display_name":"caner","author_link":"https:\/\/vakifbank.de\/de\/author\/caner\/"},"uagb_comment_info":0,"uagb_excerpt":"Stellenausschreibung Kundenbetreuer (w\/m\/d) Datum: ab sofort Standort: WienBerufsfeld: Banking, Privatkunden Wir sind eine internationale Bank mit Sitz in Wien. Neben dem klassischen Einlagengesch\u00e4ft fokussieren wir uns auf die Finanzierung mittlerer und gro\u00dfer Unternehmen in Europa. Wenn Sie in Wien internationale Bankt\u00e4tigkeit aktiv mitgestalten wollen und Spa\u00df daran haben, Ihre Ideen direkt umzusetzen, sind Sie bei&hellip;","_links":{"self":[{"href":"https:\/\/vakifbank.de\/de\/wp-json\/wp\/v2\/pages\/2705","targetHints":{"allow":["GET"]}}],"collection":[{"href":"https:\/\/vakifbank.de\/de\/wp-json\/wp\/v2\/pages"}],"about":[{"href":"https:\/\/vakifbank.de\/de\/wp-json\/wp\/v2\/types\/page"}],"author":[{"embeddable":true,"href":"https:\/\/vakifbank.de\/de\/wp-json\/wp\/v2\/users\/3"}],"replies":[{"embeddable":true,"href":"https:\/\/vakifbank.de\/de\/wp-json\/wp\/v2\/comments?post=2705"}],"version-history":[{"count":7,"href":"https:\/\/vakifbank.de\/de\/wp-json\/wp\/v2\/pages\/2705\/revisions"}],"predecessor-version":[{"id":2717,"href":"https:\/\/vakifbank.de\/de\/wp-json\/wp\/v2\/pages\/2705\/revisions\/2717"}],"up":[{"embeddable":true,"href":"https:\/\/vakifbank.de\/de\/wp-json\/wp\/v2\/pages\/1334"}],"wp:attachment":[{"href":"https:\/\/vakifbank.de\/de\/wp-json\/wp\/v2\/media?parent=2705"}],"curies":[{"name":"wp","href":"https:\/\/api.w.org\/{rel}","templated":true}]}}