{"id":2859,"date":"2023-04-04T21:55:55","date_gmt":"2023-04-04T19:55:55","guid":{"rendered":"https:\/\/vakifbank.de\/?page_id=2859"},"modified":"2026-03-23T23:36:52","modified_gmt":"2026-03-23T22:36:52","slug":"glossar-und-bedingungen","status":"publish","type":"page","link":"https:\/\/vakifbank.de\/de\/glossar-und-bedingungen\/","title":{"rendered":"Glossar und Bedingungen"},"content":{"rendered":"\t\t<div data-elementor-type=\"wp-page\" data-elementor-id=\"2859\" class=\"elementor elementor-2859\" data-elementor-post-type=\"page\">\n\t\t\t\t\t\t<section class=\"elementor-section elementor-top-section elementor-element elementor-element-3ed372e elementor-section-boxed elementor-section-height-default elementor-section-height-default\" data-id=\"3ed372e\" data-element_type=\"section\">\n\t\t\t\t\t\t<div class=\"elementor-container elementor-column-gap-default\">\n\t\t\t\t\t<div class=\"elementor-column elementor-col-100 elementor-top-column elementor-element elementor-element-70f8d45\" data-id=\"70f8d45\" data-element_type=\"column\">\n\t\t\t<div class=\"elementor-widget-wrap elementor-element-populated\">\n\t\t\t\t\t\t<div class=\"elementor-element elementor-element-bad07ed elementor-widget elementor-widget-heading\" data-id=\"bad07ed\" data-element_type=\"widget\" data-widget_type=\"heading.default\">\n\t\t\t\t<div class=\"elementor-widget-container\">\n\t\t\t\t\t<h1 class=\"elementor-heading-title elementor-size-default\">Besondere Bedingungen f\u00fcr Tagesgeld- und Termingeldanlagen (Stand: 17 M\u00e4rz 2026) \n<\/h1>\t\t\t\t<\/div>\n\t\t\t\t<\/div>\n\t\t\t\t<div class=\"elementor-element elementor-element-5e14a20 elementor-widget elementor-widget-heading\" data-id=\"5e14a20\" data-element_type=\"widget\" data-widget_type=\"heading.default\">\n\t\t\t\t<div class=\"elementor-widget-container\">\n\t\t\t\t\t<h1 class=\"elementor-heading-title elementor-size-default\">Terminologie\n<\/h1>\t\t\t\t<\/div>\n\t\t\t\t<\/div>\n\t\t\t\t<div class=\"elementor-element elementor-element-75d21ea8 elementor-widget elementor-widget-text-editor\" data-id=\"75d21ea8\" data-element_type=\"widget\" data-widget_type=\"text-editor.default\">\n\t\t\t\t<div class=\"elementor-widget-container\">\n\t\t\t\t\t\t\t\t\t\n<p><b>VakifBank Int. AG, Wien, Zweigniederlassung Deutschland<\/b> wird als VakifBank genannt.<br><strong>Termingeld (oder Festgeld)<\/strong> ist eine Form von Geldanlage, die f\u00fcr eine bestimmte Laufzeit mit einem vereinbarten Zinssatz angelegt wird.<br><strong>Tagesgeld<\/strong> ist eine Form von Geldanlage mit t\u00e4glicher Verf\u00fcgungsm\u00f6glichkeit und einer variablen Verzinsung.<br><strong>Termingeldabwicklungskonto (oder Abwicklungskonto)<\/strong> ist ein auf den Kundennamen er\u00f6ffnetes Konto bei der VakifBank zum Abwickeln der Termingelder. Das Konto ist geb\u00fchrenfrei.<br><strong>Referenzkonto (oder Gegenkonto)<\/strong> ist ein Konto, das auf den Namen des Kontoinhabers lautet und bei der Hausbank des Kunden gef\u00fchrt wird.<br><strong>Prolongation<\/strong> ist die Verl\u00e4ngerung der Laufzeit einer Termingeldanlage (oder Festgeldanlage).<\/p>\n\n\n\n<h3 class=\"wp-block-heading\">1. Kontoer\u00f6ffnungen<\/h3>\n\n\n\n<p>Tages- oder Termingeldkonten werden nur als \u201eEinzel-Konto\u201c bzw. \u201eOder-Konto\u201c gef\u00fchrt. \u201eUnd-\u201c bzw. \u201eBetreuer-Konten\u201c werden nicht gef\u00fchrt. Kontoer\u00f6ffnungen erfolgen entweder in den Gesch\u00e4ftsstellen oder per Fernabsatz. Nach Eingang des Antrags wird -durch Postident\/Videoident- die Legitimation \u00fcberpr\u00fcft. Nach der Best\u00e4tigung der Legitimation wird der Kunde schriftlich oder in Textform sein Abwicklungskonto zur Anweisung des Anlagebetrags erhalten. Die Mindestanlage betr\u00e4gt f\u00fcr Termingeldanlagen EUR 5.000,-. Kontoausz\u00fcge werden bei Ums\u00e4tzen erstellt.<\/p>\n\n\n\n<h3 class=\"wp-block-heading\">2. Tagesgeldanlagen<\/h3>\n\n\n\n<p>Tagesgelder werden nur f\u00fcr Privatkunden gef\u00fchrt. Die Anlage wird mit Geldeingang zum jeweils g\u00fcltigen Zinssatz verzinst. Zuzahlungen sind jederzeit m\u00f6glich. Geldabrufe erfolgen telefonisch, in Textform oder schriftlich. Abgerufene Betr\u00e4ge werden tagegleich lediglich auf das bekannte Referenzkonto \u00fcberwiesen. Zahlungsverkehr mit \u00dcberweisungen oder Lastschriften ist nicht m\u00f6glich. Zinsabschl\u00fcsse werden pro Quartal mit Zinsgutschrift auf dem Tagesgeldkonto erstellt. Das Tagesgeldkonto hat keine Laufzeit und kann jederzeit gek\u00fcndigt werden. H\u00f6chstanlagebetrag wird von der Bank bestimmt und auf Internetseiten der VakifBank ver\u00f6ffentlicht. Beim \u00dcbersteigen des H\u00f6chstbetrages gilt der ver\u00f6ffentlichte Zinssatz nicht.<\/p>\n\n\n\n<h3 class=\"wp-block-heading\">3. Termingeldanlagen<\/h3>\n\n\n\n<p>Mit Geldeingang und Verbuchung erh\u00e4lt der Kunde einen Kontoauszug mit den Vertragsdaten. Zuzahlungen, Verf\u00fcgungen und K\u00fcndigung w\u00e4hrend der Laufzeit sind ausgeschlossen. Die Verzinsung der Anlage ist f\u00fcr die vereinbarte Laufzeit fix. Im Fall einer au\u00dferordentlichen K\u00fcndigung nach \u00a7 314 BGB wird anstelle des vereinbarten Zinssatzes ein Mindestzinssatz von 0,01% f\u00fcr die bereits veranlagte Laufzeit verg\u00fctet. Bereits verg\u00fctete fix gew\u00e4hrte Zinsen d\u00fcrfen bei R\u00fcckzahlung des Veranlagungsbetrages nach au\u00dferordentlicher K\u00fcndigung in Abzug gebracht werden. N\u00e4here Angaben sind dem Preis- und Leistungsverzeichnis zu entnehmen (https:\/\/vakifbank.de\/de\/konditionen\/). Die Zinsangebote der VakifBank werden jeweils bis 7 Werktage nach Zusendung des Abwicklungskontos garantiert. Der Kunde wird 2 Wochen vor Vertragsablauf \u00fcber die F\u00e4lligkeit informiert. Sofern wir bis 2 Werktage vor Vertragsende keine anders lautende Weisung erhalten, wird die Geldanlage mit der gleichen Laufzeit und dem dann g\u00fcltigen Zinssatz verl\u00e4ngert. Zinszahlungen valutieren bei Festgeldanlagen bis zu einem Jahr mit Vertragsablauf, bei mehrj\u00e4hrigen Festgeldanlagen j\u00e4hrlich nach Kontoer\u00f6ffnungsdatum. Die Bank zahlt die Zinsen auf das Referenzkonto, ohne speziellen Kundenauftrag. F\u00e4llige Zins- und Kapitalzahlungen erfolgen ausschlie\u00dflich auf das Referenzkonto.<\/p>\n\n\n\n<h3 class=\"wp-block-heading\">4. Verwaltung<\/h3>\n\n\n\n<p>Die Disposition von Tages- u. Termingeldkonten erfolgt telefonisch, in Textform, schriftlich oder \u00fcber Online-Banking. \u00c4nderungen von Kundendaten und des Referenzkontos erfolgen nur schriftlich im Original und von allen Kontoinhabern unterschrieben. Sofern mit dem Kunden die Abwicklung von Bankgesch\u00e4ften per Online-Banking vereinbart worden ist, k\u00f6nnen Adress\u00e4nderungen, \u00c4nderungen der Kontaktdaten, \u00c4nderungen von Freistellungsauftr\u00e4gen und \u00c4nderungen des Referenzkontos per Online-Banking durchgef\u00fchrt werden. Die Kontof\u00fchrung ist geb\u00fchrenfrei. Entgelte f\u00fcr Sonderleistungen sind im Preis- und Leistungsverzeichnis der Bank aufgef\u00fchrt.<\/p>\n\n\n\n<h3 class=\"wp-block-heading\">5. Kontoaufl\u00f6sung Termingeldabwicklungskonto<\/h3>\n\n\n\n<p>Weist das Abwicklungskonto keine Ums\u00e4tze \u00fcber einen Zeitraum von einem Jahr auf und bestehen keine laufenden Termingeldanlagen, so wird das Abwicklungskonto seitens der VakifBank aufgel\u00f6st und eventuell vorhandene Guthaben auf das Referenzkonto \u00fcberwiesen.<\/p>\n\n\n\n<h3 class=\"wp-block-heading\">6. Nachlasskonten \/ Testament \/ Kontovollmacht<\/h3>\n\n\n\n<p>Der Tod eines Kontoinhabers muss der Bank durch Vorlage der Sterbeurkunde zeitnah angezeigt werden. Die Bank ist verpflichtet, Guthaben (ab gesetzlich vorgeschriebenem Betrag) und Schlie\u00dff\u00e4cher per Todestag der zust\u00e4ndigen Erbschaftsteuerstelle anzuzeigen. Mit dem Tod des Kontoinhabers werden die Konten als Nachlass weitergef\u00fchrt. Kontovollmachten gelten \u00fcber den Tod hinaus; bis zur Vorlage relevanter Erbnachweise. Ein- oder mehrere Erb- und Verf\u00fcgungsberechtigte legitimieren sich mit einem Testament mit Er\u00f6ffnungsprotokoll, oder mit Erbschein. Guthaben auf Anderkonten, Nachlasskonten und Konten von Erbengemeinschaften sind weder ganz noch in Teilbetr\u00e4gen abtretbar oder verpf\u00e4ndbar. Die VakifBank beh\u00e4lt sich das Recht vor, bei Zweifel von den Erben weitere Unterlagen zu verlangen. Es k\u00f6nnen Vollmachten nur einer nat\u00fcrlichen Person erteilt werden. Bei Gemeinschaftskonten sind die Unterschriften beider Kontoinhaber erforderlich. Die bevollm\u00e4chtigte Person ist verpflichtet, ihre Steueridentnummer der Bank mitzuteilen. Die Befugnisse ergeben sich aus der Vollmachtsurkunde.<\/p>\n\n\n\n<h3 class=\"wp-block-heading\">7. Kapitalertr\u00e4ge \/ Freistellung<\/h3>\n\n\n\n<p>Kapitalertr\u00e4ge werden pauschal mit Kapitalertragsteuer und Solidarit\u00e4tszuschlag besteuert. Die Banken sind verpflichtet, diesen Zinsabschlag f\u00fcr ihre Kunden vorzunehmen. Ab 01. Januar 2015 wird von den Angeh\u00f6rigen von Religionsgemeinschaften auch die Kirchensteuer automatisch einbehalten und abgef\u00fchrt. Zinsertr\u00e4ge k\u00f6nnen bis zum gesetzlich festgeschriebenen Betrag freigestellt werden. Liegt eine NV-Bescheinigung vor, sind Zinsertr\u00e4ge steuerfrei &#8211; ohne Abz\u00fcge. \u00dcber die versteuerten \/ freigestellten Kapitalertr\u00e4ge erh\u00e4lt der Kunde nach Ablauf des Kalenderjahres automatisch eine Jahressteuerbescheinigung oder Ertr\u00e4gnisaufstellung.<\/p>\n\n\n\n<h3 class=\"wp-block-heading\">8. Wirtschaftlich Berechtigter nach GWG<\/h3>\n\n\n\n<p>Konten werden ausschlie\u00dflich f\u00fcr eigene Rechnung des Vertragspartners bzw. Kontoinhabers er\u00f6ffnet. Folglich ist der Vertragspartner bzw. der Kontoinhaber auch immer der wirtschaftlich Berechtigte der Einlage.<\/p>\n\n\n\n<h3 class=\"wp-block-heading\">9. Gesch\u00e4ftsbedingungen<\/h3>\n\n\n\n<p>Mit der Kontoer\u00f6ffnung akzeptiert der Kunde unsere aktuellen \u201eAGB\u201c und die \u201eBesonderen Bedingungen f\u00fcr Tages- u. Termingeldanlagen\u201c Die Bedingungen erh\u00e4lt der Kunde mit dem Kontoer\u00f6ffnungsantrag. Sie k\u00f6nnen auch in der Bank eingesehen oder zugesandt werden. Gerichtsstand ist K\u00f6ln.<\/p>\n\t\t\t\t\t\t\t\t<\/div>\n\t\t\t\t<\/div>\n\t\t\t\t\t<\/div>\n\t\t<\/div>\n\t\t\t\t\t<\/div>\n\t\t<\/section>\n\t\t\t\t<\/div>\n\t\t","protected":false},"excerpt":{"rendered":"<p>Besondere Bedingungen f\u00fcr Tagesgeld- und Termingeldanlagen (Stand: 17 M\u00e4rz 2026) Terminologie VakifBank Int. AG, Wien, Zweigniederlassung Deutschland wird als VakifBank genannt.Termingeld (oder Festgeld) ist eine Form von Geldanlage, die f\u00fcr eine bestimmte Laufzeit mit einem vereinbarten Zinssatz angelegt wird.Tagesgeld ist eine Form von Geldanlage mit t\u00e4glicher Verf\u00fcgungsm\u00f6glichkeit und einer variablen Verzinsung.Termingeldabwicklungskonto (oder Abwicklungskonto) ist ein [&hellip;]<\/p>\n","protected":false},"author":4,"featured_media":0,"parent":0,"menu_order":0,"comment_status":"closed","ping_status":"closed","template":"elementor_header_footer","meta":{"_uag_custom_page_level_css":"","footnotes":""},"class_list":["post-2859","page","type-page","status-publish","hentry"],"uagb_featured_image_src":{"full":false,"thumbnail":false,"medium":false,"medium_large":false,"large":false,"1536x1536":false,"2048x2048":false,"trp-custom-language-flag":false},"uagb_author_info":{"display_name":"Huda Sabagh","author_link":"https:\/\/vakifbank.de\/de\/author\/huda\/"},"uagb_comment_info":0,"uagb_excerpt":"Besondere Bedingungen f\u00fcr Tagesgeld- und Termingeldanlagen (Stand: 17 M\u00e4rz 2026) Terminologie VakifBank Int. AG, Wien, Zweigniederlassung Deutschland wird als VakifBank genannt.Termingeld (oder Festgeld) ist eine Form von Geldanlage, die f\u00fcr eine bestimmte Laufzeit mit einem vereinbarten Zinssatz angelegt wird.Tagesgeld ist eine Form von Geldanlage mit t\u00e4glicher Verf\u00fcgungsm\u00f6glichkeit und einer variablen Verzinsung.Termingeldabwicklungskonto (oder Abwicklungskonto) ist ein&hellip;","_links":{"self":[{"href":"https:\/\/vakifbank.de\/de\/wp-json\/wp\/v2\/pages\/2859","targetHints":{"allow":["GET"]}}],"collection":[{"href":"https:\/\/vakifbank.de\/de\/wp-json\/wp\/v2\/pages"}],"about":[{"href":"https:\/\/vakifbank.de\/de\/wp-json\/wp\/v2\/types\/page"}],"author":[{"embeddable":true,"href":"https:\/\/vakifbank.de\/de\/wp-json\/wp\/v2\/users\/4"}],"replies":[{"embeddable":true,"href":"https:\/\/vakifbank.de\/de\/wp-json\/wp\/v2\/comments?post=2859"}],"version-history":[{"count":18,"href":"https:\/\/vakifbank.de\/de\/wp-json\/wp\/v2\/pages\/2859\/revisions"}],"predecessor-version":[{"id":4761,"href":"https:\/\/vakifbank.de\/de\/wp-json\/wp\/v2\/pages\/2859\/revisions\/4761"}],"wp:attachment":[{"href":"https:\/\/vakifbank.de\/de\/wp-json\/wp\/v2\/media?parent=2859"}],"curies":[{"name":"wp","href":"https:\/\/api.w.org\/{rel}","templated":true}]}}