{"id":3846,"date":"2023-09-20T09:49:10","date_gmt":"2023-09-20T07:49:10","guid":{"rendered":"https:\/\/vakifbank.de\/?page_id=3846"},"modified":"2025-09-05T15:51:04","modified_gmt":"2025-09-05T13:51:04","slug":"offenlegung","status":"publish","type":"page","link":"https:\/\/vakifbank.de\/de\/uber-uns\/offenlegung\/","title":{"rendered":"Offenlegung"},"content":{"rendered":"\t\t<div data-elementor-type=\"wp-page\" data-elementor-id=\"3846\" class=\"elementor elementor-3846\" data-elementor-post-type=\"page\">\n\t\t\t\t\t\t<section class=\"elementor-section elementor-top-section elementor-element elementor-element-f806fbb elementor-section-boxed elementor-section-height-default elementor-section-height-default\" data-id=\"f806fbb\" data-element_type=\"section\">\n\t\t\t\t\t\t<div class=\"elementor-container elementor-column-gap-default\">\n\t\t\t\t\t<div class=\"elementor-column elementor-col-100 elementor-top-column elementor-element elementor-element-771643b\" data-id=\"771643b\" data-element_type=\"column\">\n\t\t\t<div class=\"elementor-widget-wrap elementor-element-populated\">\n\t\t\t\t\t\t<div class=\"elementor-element elementor-element-54b79bb elementor-widget elementor-widget-heading\" data-id=\"54b79bb\" data-element_type=\"widget\" data-widget_type=\"heading.default\">\n\t\t\t\t<div class=\"elementor-widget-container\">\n\t\t\t\t\t<h2 class=\"elementor-heading-title elementor-size-default\">Offenlegung<\/h2>\t\t\t\t<\/div>\n\t\t\t\t<\/div>\n\t\t\t\t<section class=\"elementor-section elementor-inner-section elementor-element elementor-element-e8fc9d0 elementor-section-boxed elementor-section-height-default elementor-section-height-default\" data-id=\"e8fc9d0\" data-element_type=\"section\">\n\t\t\t\t\t\t<div class=\"elementor-container elementor-column-gap-default\">\n\t\t\t\t\t<div class=\"elementor-column elementor-col-100 elementor-inner-column elementor-element elementor-element-e979e55\" data-id=\"e979e55\" data-element_type=\"column\">\n\t\t\t<div class=\"elementor-widget-wrap elementor-element-populated\">\n\t\t\t\t\t\t<div class=\"elementor-element elementor-element-aa3fe7d elementor-widget elementor-widget-text-editor\" data-id=\"aa3fe7d\" data-element_type=\"widget\" data-widget_type=\"text-editor.default\">\n\t\t\t\t<div class=\"elementor-widget-container\">\n\t\t\t\t\t\t\t\t\t<h2><span style=\"color: #ffb300;\"><strong>Offenlegung gem. Bankwesengesetz (BWG)<\/strong><\/span><\/h2><p><strong>\u00a7 5 Abs. 1 Z 6 bis 9a und 28a Abs. 5 Z 1 bis 5 BWG \u2013 Qualifikationsanforderungen f\u00fcr Mitglieder des Vorstandes und Aufsichtsrates<\/strong><\/p><p>Die gesetzlichen Fit &amp; Proper-Anforderungen an Vorstands- und Aufsichtsratsmitglieder sowie Inhaber von Schl\u00fcsselfunktionen werden anhand der bankinternen Richtlinie (\u201eFit &amp; Proper Richtlinie\u201c), in der die Grunds\u00e4tze f\u00fcr die Eignungsbeurteilung erl\u00e4utert werden, beurteilt. Ebenso finden Fit &amp; Proper-Trainings f\u00fcr die Mitglieder des Vorstandes und Aufsichtsrates sowie f\u00fcr die Inhaber von Schl\u00fcsselfunktionen statt.<\/p><p>\u00a0<\/p><p><strong>\u00a7 29, 39c BWG \u2013 Nominierungs- und Verg\u00fctungsausschuss<\/strong><\/p><p>Ein Nominierungs- oder Verg\u00fctungsausschuss des Aufsichtsrates ist in der VakifBank nicht eingerichtet (\u00a7\u00a7 29, 39c BWG).<\/p><p>\u00a0<\/p><p><strong> 39b und c BWG sowie Anlage zu \u00a7 39b BWG \u2013 Grunds\u00e4tze der Verg\u00fctungspolitik und Verg\u00fctungsausschuss<\/strong><\/p><p>Die Einhaltung der Bestimmungen gem\u00e4\u00df \u00a7\u00a7 39b samt Anlage und 39c BWG erfolgt durch den Aufsichtsrat der VakifBank, der die entsprechende Verg\u00fctungspolitik \u00fcberwacht, welche in der Verg\u00fctungsrichtlinie (\u201eRemuneration Policy\u201c), die bei der Festlegung und Anwendung von Verg\u00fctungspraktiken zum Einsatz kommt, geregelt wird.<\/p><p>\u00a0<\/p><p><strong> 64 Abs. 1 Z 18 und 19 BWG \u2013 Erweiterte Angaben im Anhang des Jahresabschlusses bez\u00fcglich Niederlassungen und Gesamtkapitalrentabilit\u00e4t<\/strong><\/p><p>S\u00e4mtliche in \u00a7 64 Abs.1 Z 18 und 19 BWG aufgelisteten Finanzinformationen k\u00f6nnen dem Gesch\u00e4ftsbericht der VakifBank, der auf unserer Website\u00a0als\u00a0Download\u00a0zur Verf\u00fcgung steht, entnommen werden.<\/p><h3><span style=\"color: #ffb300;\">Offenlegung gem. CRR<\/span><\/h3><p>Die Offenlegung gem. Art. 431-455 der Verordnung (EU) Nr. 575\/2013 (CRR) finden Sie unten stehend als Download.<\/p>\t\t\t\t\t\t\t\t<\/div>\n\t\t\t\t<\/div>\n\t\t\t\t\t<\/div>\n\t\t<\/div>\n\t\t\t\t\t<\/div>\n\t\t<\/section>\n\t\t\t\t<section class=\"elementor-section elementor-inner-section elementor-element elementor-element-533c64e elementor-section-boxed elementor-section-height-default elementor-section-height-default\" data-id=\"533c64e\" data-element_type=\"section\">\n\t\t\t\t\t\t<div class=\"elementor-container elementor-column-gap-default\">\n\t\t\t\t\t<div class=\"elementor-column elementor-col-16 elementor-inner-column elementor-element elementor-element-314cc28\" data-id=\"314cc28\" data-element_type=\"column\">\n\t\t\t<div class=\"elementor-widget-wrap\">\n\t\t\t\t\t\t\t<\/div>\n\t\t<\/div>\n\t\t\t\t<div class=\"elementor-column elementor-col-66 elementor-inner-column elementor-element elementor-element-03c1902\" data-id=\"03c1902\" data-element_type=\"column\">\n\t\t\t<div class=\"elementor-widget-wrap elementor-element-populated\">\n\t\t\t\t\t\t<div class=\"elementor-element elementor-element-87f021c elementor-widget elementor-widget-heading\" data-id=\"87f021c\" data-element_type=\"widget\" data-widget_type=\"heading.default\">\n\t\t\t\t<div class=\"elementor-widget-container\">\n\t\t\t\t\t<h2 class=\"elementor-heading-title elementor-size-default\">2024<\/h2>\t\t\t\t<\/div>\n\t\t\t\t<\/div>\n\t\t\t\t<div class=\"elementor-element elementor-element-621a869 elementor-widget elementor-widget-text-editor\" data-id=\"621a869\" data-element_type=\"widget\" data-widget_type=\"text-editor.default\">\n\t\t\t\t<div class=\"elementor-widget-container\">\n\t\t\t\t\t\t\t\t\t<p><a href=\"https:\/\/vakifbank.de\/wp-content\/uploads\/2025\/09\/Offenlegung_31122024.pdf\" target=\"_blank\" rel=\"noopener\">Offenlegung 2024<\/a><\/p>\t\t\t\t\t\t\t\t<\/div>\n\t\t\t\t<\/div>\n\t\t\t\t\t<\/div>\n\t\t<\/div>\n\t\t\t\t<div class=\"elementor-column elementor-col-16 elementor-inner-column elementor-element elementor-element-b069e92\" data-id=\"b069e92\" data-element_type=\"column\">\n\t\t\t<div class=\"elementor-widget-wrap\">\n\t\t\t\t\t\t\t<\/div>\n\t\t<\/div>\n\t\t\t\t\t<\/div>\n\t\t<\/section>\n\t\t\t\t<section class=\"elementor-section elementor-inner-section elementor-element elementor-element-f46d93f elementor-section-boxed elementor-section-height-default elementor-section-height-default\" data-id=\"f46d93f\" data-element_type=\"section\">\n\t\t\t\t\t\t<div class=\"elementor-container elementor-column-gap-default\">\n\t\t\t\t\t<div class=\"elementor-column elementor-col-16 elementor-inner-column elementor-element elementor-element-61dcfaa\" data-id=\"61dcfaa\" data-element_type=\"column\">\n\t\t\t<div class=\"elementor-widget-wrap\">\n\t\t\t\t\t\t\t<\/div>\n\t\t<\/div>\n\t\t\t\t<div class=\"elementor-column elementor-col-66 elementor-inner-column elementor-element elementor-element-6c6ea11\" data-id=\"6c6ea11\" data-element_type=\"column\">\n\t\t\t<div class=\"elementor-widget-wrap elementor-element-populated\">\n\t\t\t\t\t\t<div class=\"elementor-element elementor-element-5e3822e elementor-widget elementor-widget-heading\" data-id=\"5e3822e\" data-element_type=\"widget\" data-widget_type=\"heading.default\">\n\t\t\t\t<div class=\"elementor-widget-container\">\n\t\t\t\t\t<h2 class=\"elementor-heading-title elementor-size-default\">2023<\/h2>\t\t\t\t<\/div>\n\t\t\t\t<\/div>\n\t\t\t\t<div class=\"elementor-element elementor-element-289ed5d elementor-widget elementor-widget-text-editor\" data-id=\"289ed5d\" data-element_type=\"widget\" data-widget_type=\"text-editor.default\">\n\t\t\t\t<div class=\"elementor-widget-container\">\n\t\t\t\t\t\t\t\t\t<a href=\"https:\/\/vakifbank.de\/wp-content\/uploads\/2024\/10\/Offenlegung_31122023-1.pdf\">Offenlegung 2023<\/a>\t\t\t\t\t\t\t\t<\/div>\n\t\t\t\t<\/div>\n\t\t\t\t\t<\/div>\n\t\t<\/div>\n\t\t\t\t<div class=\"elementor-column elementor-col-16 elementor-inner-column elementor-element elementor-element-4707f74\" data-id=\"4707f74\" data-element_type=\"column\">\n\t\t\t<div class=\"elementor-widget-wrap\">\n\t\t\t\t\t\t\t<\/div>\n\t\t<\/div>\n\t\t\t\t\t<\/div>\n\t\t<\/section>\n\t\t\t\t<section class=\"elementor-section elementor-inner-section elementor-element elementor-element-0635b18 elementor-section-boxed elementor-section-height-default elementor-section-height-default\" data-id=\"0635b18\" data-element_type=\"section\">\n\t\t\t\t\t\t<div class=\"elementor-container elementor-column-gap-default\">\n\t\t\t\t\t<div class=\"elementor-column elementor-col-16 elementor-inner-column elementor-element elementor-element-f7d4453\" data-id=\"f7d4453\" data-element_type=\"column\">\n\t\t\t<div class=\"elementor-widget-wrap\">\n\t\t\t\t\t\t\t<\/div>\n\t\t<\/div>\n\t\t\t\t<div class=\"elementor-column elementor-col-66 elementor-inner-column elementor-element elementor-element-3317997\" data-id=\"3317997\" data-element_type=\"column\">\n\t\t\t<div class=\"elementor-widget-wrap elementor-element-populated\">\n\t\t\t\t\t\t<div class=\"elementor-element elementor-element-dc10b52 elementor-widget elementor-widget-heading\" data-id=\"dc10b52\" data-element_type=\"widget\" data-widget_type=\"heading.default\">\n\t\t\t\t<div class=\"elementor-widget-container\">\n\t\t\t\t\t<h2 class=\"elementor-heading-title elementor-size-default\">2022<\/h2>\t\t\t\t<\/div>\n\t\t\t\t<\/div>\n\t\t\t\t<div class=\"elementor-element elementor-element-04157a4 elementor-widget elementor-widget-text-editor\" data-id=\"04157a4\" data-element_type=\"widget\" data-widget_type=\"text-editor.default\">\n\t\t\t\t<div class=\"elementor-widget-container\">\n\t\t\t\t\t\t\t\t\t<p><a href=\"https:\/\/vakifbank.de\/wp-content\/uploads\/2023\/09\/Offenlegung_31122022.pdf\">Offenlegung 2022<\/a><\/p>\t\t\t\t\t\t\t\t<\/div>\n\t\t\t\t<\/div>\n\t\t\t\t\t<\/div>\n\t\t<\/div>\n\t\t\t\t<div class=\"elementor-column elementor-col-16 elementor-inner-column elementor-element elementor-element-9b0849a\" data-id=\"9b0849a\" data-element_type=\"column\">\n\t\t\t<div class=\"elementor-widget-wrap\">\n\t\t\t\t\t\t\t<\/div>\n\t\t<\/div>\n\t\t\t\t\t<\/div>\n\t\t<\/section>\n\t\t\t\t<section class=\"elementor-section elementor-inner-section elementor-element elementor-element-2ea8a01 elementor-section-boxed elementor-section-height-default elementor-section-height-default\" data-id=\"2ea8a01\" data-element_type=\"section\">\n\t\t\t\t\t\t<div class=\"elementor-container elementor-column-gap-default\">\n\t\t\t\t\t<div class=\"elementor-column elementor-col-16 elementor-inner-column elementor-element elementor-element-d6ec68e\" data-id=\"d6ec68e\" data-element_type=\"column\">\n\t\t\t<div class=\"elementor-widget-wrap\">\n\t\t\t\t\t\t\t<\/div>\n\t\t<\/div>\n\t\t\t\t<div class=\"elementor-column elementor-col-66 elementor-inner-column elementor-element elementor-element-d6cb8ce\" data-id=\"d6cb8ce\" data-element_type=\"column\">\n\t\t\t<div class=\"elementor-widget-wrap elementor-element-populated\">\n\t\t\t\t\t\t<div class=\"elementor-element elementor-element-78748fa elementor-widget elementor-widget-heading\" data-id=\"78748fa\" data-element_type=\"widget\" data-widget_type=\"heading.default\">\n\t\t\t\t<div class=\"elementor-widget-container\">\n\t\t\t\t\t<h2 class=\"elementor-heading-title elementor-size-default\">2021<\/h2>\t\t\t\t<\/div>\n\t\t\t\t<\/div>\n\t\t\t\t<div class=\"elementor-element elementor-element-168a84a elementor-widget elementor-widget-text-editor\" data-id=\"168a84a\" data-element_type=\"widget\" data-widget_type=\"text-editor.default\">\n\t\t\t\t<div class=\"elementor-widget-container\">\n\t\t\t\t\t\t\t\t\t<p><a href=\"https:\/\/vakifbank.de\/wp-content\/uploads\/2023\/03\/Offenlegung_2021.pdf\" target=\"_blank\" rel=\"noreferrer noopener\">Offenlegung 2021<\/a><\/p>\t\t\t\t\t\t\t\t<\/div>\n\t\t\t\t<\/div>\n\t\t\t\t\t<\/div>\n\t\t<\/div>\n\t\t\t\t<div class=\"elementor-column elementor-col-16 elementor-inner-column elementor-element elementor-element-73620b0\" data-id=\"73620b0\" data-element_type=\"column\">\n\t\t\t<div class=\"elementor-widget-wrap\">\n\t\t\t\t\t\t\t<\/div>\n\t\t<\/div>\n\t\t\t\t\t<\/div>\n\t\t<\/section>\n\t\t\t\t<section class=\"elementor-section elementor-inner-section elementor-element elementor-element-dbdb460 elementor-section-boxed elementor-section-height-default elementor-section-height-default\" data-id=\"dbdb460\" data-element_type=\"section\">\n\t\t\t\t\t\t<div class=\"elementor-container elementor-column-gap-default\">\n\t\t\t\t\t<div class=\"elementor-column elementor-col-16 elementor-inner-column elementor-element elementor-element-3eacd83\" data-id=\"3eacd83\" data-element_type=\"column\">\n\t\t\t<div class=\"elementor-widget-wrap\">\n\t\t\t\t\t\t\t<\/div>\n\t\t<\/div>\n\t\t\t\t<div class=\"elementor-column elementor-col-66 elementor-inner-column elementor-element elementor-element-47e7efd\" data-id=\"47e7efd\" data-element_type=\"column\">\n\t\t\t<div class=\"elementor-widget-wrap elementor-element-populated\">\n\t\t\t\t\t\t<div class=\"elementor-element elementor-element-ae21f1b elementor-widget elementor-widget-heading\" data-id=\"ae21f1b\" data-element_type=\"widget\" data-widget_type=\"heading.default\">\n\t\t\t\t<div class=\"elementor-widget-container\">\n\t\t\t\t\t<h2 class=\"elementor-heading-title elementor-size-default\">2020<\/h2>\t\t\t\t<\/div>\n\t\t\t\t<\/div>\n\t\t\t\t<div class=\"elementor-element elementor-element-3d2d128 elementor-widget elementor-widget-text-editor\" data-id=\"3d2d128\" data-element_type=\"widget\" data-widget_type=\"text-editor.default\">\n\t\t\t\t<div class=\"elementor-widget-container\">\n\t\t\t\t\t\t\t\t\t<p><a href=\"https:\/\/vakifbank.de\/wp-content\/uploads\/2023\/03\/Offenlegung_2020.pdf\" target=\"_blank\" rel=\"noreferrer noopener\">Offenlegung 2020<\/a><\/p>\t\t\t\t\t\t\t\t<\/div>\n\t\t\t\t<\/div>\n\t\t\t\t\t<\/div>\n\t\t<\/div>\n\t\t\t\t<div class=\"elementor-column elementor-col-16 elementor-inner-column elementor-element elementor-element-363fce5\" data-id=\"363fce5\" data-element_type=\"column\">\n\t\t\t<div class=\"elementor-widget-wrap\">\n\t\t\t\t\t\t\t<\/div>\n\t\t<\/div>\n\t\t\t\t\t<\/div>\n\t\t<\/section>\n\t\t\t\t<section class=\"elementor-section elementor-inner-section elementor-element elementor-element-3853cb3 elementor-section-boxed elementor-section-height-default elementor-section-height-default\" data-id=\"3853cb3\" data-element_type=\"section\">\n\t\t\t\t\t\t<div class=\"elementor-container elementor-column-gap-default\">\n\t\t\t\t\t<div class=\"elementor-column elementor-col-16 elementor-inner-column elementor-element elementor-element-5537bb5\" data-id=\"5537bb5\" data-element_type=\"column\">\n\t\t\t<div class=\"elementor-widget-wrap\">\n\t\t\t\t\t\t\t<\/div>\n\t\t<\/div>\n\t\t\t\t<div class=\"elementor-column elementor-col-66 elementor-inner-column elementor-element elementor-element-e525db7\" data-id=\"e525db7\" data-element_type=\"column\">\n\t\t\t<div class=\"elementor-widget-wrap elementor-element-populated\">\n\t\t\t\t\t\t<div class=\"elementor-element elementor-element-2251d5d elementor-widget elementor-widget-heading\" data-id=\"2251d5d\" data-element_type=\"widget\" data-widget_type=\"heading.default\">\n\t\t\t\t<div class=\"elementor-widget-container\">\n\t\t\t\t\t<h2 class=\"elementor-heading-title elementor-size-default\">2019<\/h2>\t\t\t\t<\/div>\n\t\t\t\t<\/div>\n\t\t\t\t<div class=\"elementor-element elementor-element-7c87dee elementor-widget elementor-widget-text-editor\" data-id=\"7c87dee\" data-element_type=\"widget\" data-widget_type=\"text-editor.default\">\n\t\t\t\t<div class=\"elementor-widget-container\">\n\t\t\t\t\t\t\t\t\t<p><a href=\"https:\/\/vakifbank.de\/wp-content\/uploads\/2023\/03\/Offenlegung_2019.pdf\" target=\"_blank\" rel=\"noreferrer noopener\">Offenlegung 2019<\/a><\/p>\t\t\t\t\t\t\t\t<\/div>\n\t\t\t\t<\/div>\n\t\t\t\t\t<\/div>\n\t\t<\/div>\n\t\t\t\t<div class=\"elementor-column elementor-col-16 elementor-inner-column elementor-element elementor-element-70d2cdd\" data-id=\"70d2cdd\" data-element_type=\"column\">\n\t\t\t<div class=\"elementor-widget-wrap\">\n\t\t\t\t\t\t\t<\/div>\n\t\t<\/div>\n\t\t\t\t\t<\/div>\n\t\t<\/section>\n\t\t\t\t<section class=\"elementor-section elementor-inner-section elementor-element elementor-element-9f4d548 elementor-section-boxed elementor-section-height-default elementor-section-height-default\" data-id=\"9f4d548\" data-element_type=\"section\">\n\t\t\t\t\t\t<div class=\"elementor-container elementor-column-gap-default\">\n\t\t\t\t\t<div class=\"elementor-column elementor-col-16 elementor-inner-column elementor-element elementor-element-010908a\" data-id=\"010908a\" data-element_type=\"column\">\n\t\t\t<div class=\"elementor-widget-wrap\">\n\t\t\t\t\t\t\t<\/div>\n\t\t<\/div>\n\t\t\t\t<div class=\"elementor-column elementor-col-66 elementor-inner-column elementor-element elementor-element-861b13c\" data-id=\"861b13c\" data-element_type=\"column\">\n\t\t\t<div class=\"elementor-widget-wrap elementor-element-populated\">\n\t\t\t\t\t\t<div class=\"elementor-element elementor-element-9f5ff2c elementor-widget elementor-widget-heading\" data-id=\"9f5ff2c\" data-element_type=\"widget\" data-widget_type=\"heading.default\">\n\t\t\t\t<div class=\"elementor-widget-container\">\n\t\t\t\t\t<h2 class=\"elementor-heading-title elementor-size-default\">2018<\/h2>\t\t\t\t<\/div>\n\t\t\t\t<\/div>\n\t\t\t\t<div class=\"elementor-element elementor-element-315eb16 elementor-widget elementor-widget-text-editor\" data-id=\"315eb16\" data-element_type=\"widget\" data-widget_type=\"text-editor.default\">\n\t\t\t\t<div class=\"elementor-widget-container\">\n\t\t\t\t\t\t\t\t\t<p><a href=\"https:\/\/vakifbank.de\/wp-content\/uploads\/2023\/03\/Offenlegung_2018.pdf\" target=\"_blank\" rel=\"noreferrer noopener\">Offenlegung 2018<\/a><\/p>\t\t\t\t\t\t\t\t<\/div>\n\t\t\t\t<\/div>\n\t\t\t\t\t<\/div>\n\t\t<\/div>\n\t\t\t\t<div class=\"elementor-column elementor-col-16 elementor-inner-column elementor-element elementor-element-0b09d67\" data-id=\"0b09d67\" data-element_type=\"column\">\n\t\t\t<div class=\"elementor-widget-wrap\">\n\t\t\t\t\t\t\t<\/div>\n\t\t<\/div>\n\t\t\t\t\t<\/div>\n\t\t<\/section>\n\t\t\t\t<section class=\"elementor-section elementor-inner-section elementor-element elementor-element-1032e1d elementor-section-boxed elementor-section-height-default elementor-section-height-default\" data-id=\"1032e1d\" data-element_type=\"section\">\n\t\t\t\t\t\t<div class=\"elementor-container elementor-column-gap-default\">\n\t\t\t\t\t<div class=\"elementor-column elementor-col-16 elementor-inner-column elementor-element elementor-element-47d758b\" data-id=\"47d758b\" data-element_type=\"column\">\n\t\t\t<div class=\"elementor-widget-wrap\">\n\t\t\t\t\t\t\t<\/div>\n\t\t<\/div>\n\t\t\t\t<div class=\"elementor-column elementor-col-66 elementor-inner-column elementor-element elementor-element-f95865d\" data-id=\"f95865d\" data-element_type=\"column\">\n\t\t\t<div class=\"elementor-widget-wrap elementor-element-populated\">\n\t\t\t\t\t\t<div class=\"elementor-element elementor-element-59f53dc elementor-widget elementor-widget-heading\" data-id=\"59f53dc\" data-element_type=\"widget\" data-widget_type=\"heading.default\">\n\t\t\t\t<div class=\"elementor-widget-container\">\n\t\t\t\t\t<h2 class=\"elementor-heading-title elementor-size-default\">2017<\/h2>\t\t\t\t<\/div>\n\t\t\t\t<\/div>\n\t\t\t\t<div class=\"elementor-element elementor-element-b0b5abc elementor-widget elementor-widget-text-editor\" data-id=\"b0b5abc\" data-element_type=\"widget\" data-widget_type=\"text-editor.default\">\n\t\t\t\t<div class=\"elementor-widget-container\">\n\t\t\t\t\t\t\t\t\t<p><a href=\"https:\/\/vakifbank.de\/wp-content\/uploads\/2023\/03\/Offenlegung_2017.pdf\" target=\"_blank\" rel=\"noreferrer noopener\">Offenlegung 2017<\/a><\/p>\t\t\t\t\t\t\t\t<\/div>\n\t\t\t\t<\/div>\n\t\t\t\t\t<\/div>\n\t\t<\/div>\n\t\t\t\t<div class=\"elementor-column elementor-col-16 elementor-inner-column elementor-element elementor-element-f39397b\" data-id=\"f39397b\" data-element_type=\"column\">\n\t\t\t<div class=\"elementor-widget-wrap\">\n\t\t\t\t\t\t\t<\/div>\n\t\t<\/div>\n\t\t\t\t\t<\/div>\n\t\t<\/section>\n\t\t\t\t\t<\/div>\n\t\t<\/div>\n\t\t\t\t\t<\/div>\n\t\t<\/section>\n\t\t\t\t<\/div>\n\t\t","protected":false},"excerpt":{"rendered":"<p>Offenlegung Offenlegung gem. Bankwesengesetz (BWG) \u00a7 5 Abs. 1 Z 6 bis 9a und 28a Abs. 5 Z 1 bis 5 BWG \u2013 Qualifikationsanforderungen f\u00fcr Mitglieder des Vorstandes und Aufsichtsrates Die gesetzlichen Fit &amp; Proper-Anforderungen an Vorstands- und Aufsichtsratsmitglieder sowie Inhaber von Schl\u00fcsselfunktionen werden anhand der bankinternen Richtlinie (\u201eFit &amp; Proper Richtlinie\u201c), in der die [&hellip;]<\/p>\n","protected":false},"author":3,"featured_media":0,"parent":565,"menu_order":0,"comment_status":"closed","ping_status":"closed","template":"elementor_header_footer","meta":{"_uag_custom_page_level_css":"","footnotes":""},"class_list":["post-3846","page","type-page","status-publish","hentry"],"uagb_featured_image_src":{"full":false,"thumbnail":false,"medium":false,"medium_large":false,"large":false,"1536x1536":false,"2048x2048":false,"trp-custom-language-flag":false},"uagb_author_info":{"display_name":"caner","author_link":"https:\/\/vakifbank.de\/de\/author\/caner\/"},"uagb_comment_info":0,"uagb_excerpt":"Offenlegung Offenlegung gem. Bankwesengesetz (BWG) \u00a7 5 Abs. 1 Z 6 bis 9a und 28a Abs. 5 Z 1 bis 5 BWG \u2013 Qualifikationsanforderungen f\u00fcr Mitglieder des Vorstandes und Aufsichtsrates Die gesetzlichen Fit &amp; Proper-Anforderungen an Vorstands- und Aufsichtsratsmitglieder sowie Inhaber von Schl\u00fcsselfunktionen werden anhand der bankinternen Richtlinie (\u201eFit &amp; Proper Richtlinie\u201c), in der die&hellip;","_links":{"self":[{"href":"https:\/\/vakifbank.de\/de\/wp-json\/wp\/v2\/pages\/3846","targetHints":{"allow":["GET"]}}],"collection":[{"href":"https:\/\/vakifbank.de\/de\/wp-json\/wp\/v2\/pages"}],"about":[{"href":"https:\/\/vakifbank.de\/de\/wp-json\/wp\/v2\/types\/page"}],"author":[{"embeddable":true,"href":"https:\/\/vakifbank.de\/de\/wp-json\/wp\/v2\/users\/3"}],"replies":[{"embeddable":true,"href":"https:\/\/vakifbank.de\/de\/wp-json\/wp\/v2\/comments?post=3846"}],"version-history":[{"count":26,"href":"https:\/\/vakifbank.de\/de\/wp-json\/wp\/v2\/pages\/3846\/revisions"}],"predecessor-version":[{"id":4531,"href":"https:\/\/vakifbank.de\/de\/wp-json\/wp\/v2\/pages\/3846\/revisions\/4531"}],"up":[{"embeddable":true,"href":"https:\/\/vakifbank.de\/de\/wp-json\/wp\/v2\/pages\/565"}],"wp:attachment":[{"href":"https:\/\/vakifbank.de\/de\/wp-json\/wp\/v2\/media?parent=3846"}],"curies":[{"name":"wp","href":"https:\/\/api.w.org\/{rel}","templated":true}]}}