{"id":4051,"date":"2023-12-15T15:54:57","date_gmt":"2023-12-15T14:54:57","guid":{"rendered":"https:\/\/vakifbank.de\/?page_id=4051"},"modified":"2025-02-17T15:23:35","modified_gmt":"2025-02-17T14:23:35","slug":"whistleblowing","status":"publish","type":"page","link":"https:\/\/vakifbank.de\/de\/whistleblowing\/","title":{"rendered":"Whistleblowing"},"content":{"rendered":"\t\t<div data-elementor-type=\"wp-page\" data-elementor-id=\"4051\" class=\"elementor elementor-4051\" data-elementor-post-type=\"page\">\n\t\t\t\t\t\t<section class=\"elementor-section elementor-top-section elementor-element elementor-element-32959db elementor-section-boxed elementor-section-height-default elementor-section-height-default\" data-id=\"32959db\" data-element_type=\"section\">\n\t\t\t\t\t\t<div class=\"elementor-container elementor-column-gap-default\">\n\t\t\t\t\t<div class=\"elementor-column elementor-col-100 elementor-top-column elementor-element elementor-element-e83504e\" data-id=\"e83504e\" data-element_type=\"column\">\n\t\t\t<div class=\"elementor-widget-wrap elementor-element-populated\">\n\t\t\t\t\t\t<div class=\"elementor-element elementor-element-a05709a elementor-widget elementor-widget-heading\" data-id=\"a05709a\" data-element_type=\"widget\" data-widget_type=\"heading.default\">\n\t\t\t\t<div class=\"elementor-widget-container\">\n\t\t\t\t\t<h2 class=\"elementor-heading-title elementor-size-default\">Whistleblowing<\/h2>\t\t\t\t<\/div>\n\t\t\t\t<\/div>\n\t\t\t\t<div class=\"elementor-element elementor-element-636448a elementor-widget elementor-widget-text-editor\" data-id=\"636448a\" data-element_type=\"widget\" data-widget_type=\"text-editor.default\">\n\t\t\t\t<div class=\"elementor-widget-container\">\n\t\t\t\t\t\t\t\t\t<p><strong>Informationen f\u00fcr Hinweisgeber \/ Whistleblowers<\/strong><\/p><p>VakifBank legt gro\u00dfen Wert auf Integrit\u00e4t, Transparenz und die Einhaltung h\u00f6chster ethischer Standards. Unser Hinweisgebersystem bietet Ihnen eine sichere und vertrauliche M\u00f6glichkeit, etwaige Verst\u00f6\u00dfe oder Missst\u00e4nde zu melden, die die Bank, ihre Mitarbeitenden oder ihre Gesch\u00e4ftspraktiken betreffen k\u00f6nnten.<\/p><p>Wir ermutigen sowohl Mitarbeitende als auch externe Personen, Hinweise zu geben, wenn sie von potenziellen Regelverst\u00f6\u00dfen, illegalem Verhalten oder anderen Missst\u00e4nden erfahren. Bitte beachten Sie, dass alle Meldungen streng vertraulich behandelt werden und wir Sie vor m\u00f6glichen Nachteilen sch\u00fctzen.<\/p><p>Im Folgenden finden Sie alle Informationen zu den verf\u00fcgbaren Meldekan\u00e4len:<\/p><p>Meldekan\u00e4le f\u00fcr Hinweisgeber<\/p><p><strong>1. Interne Kan\u00e4le<\/strong><\/p><p><strong>\u00b7 Whistleblowing Website:<\/strong> nachstehendes Kontaktformular<\/p><p><strong>\u00b7 E-Mail:<\/strong> <a href=\"mailto:whistleblowing@vakifbank.at\">whistleblowing@vakifbank.at<\/a><\/p><p><strong>\u00b7 Telefon:<\/strong> +43 (1) 512 35 20-725 (Compliance)<\/p><p><strong>2. Externe Kan\u00e4le<\/strong><\/p><p>Wenn Sie nicht zufrieden sind mit der Art und Weise, wie Ihre Meldung bearbeitet wurde, k\u00f6nnen Sie sich an folgende externe Stellen wenden:<\/p><table style=\"border-collapse: collapse; width: 100%; border: 1px solid #ccc; font-family: Arial, sans-serif; margin-top: 30px; margin-bottom: 30px;\"><thead><tr style=\"background-color: #f4f4f4; text-align: left;\"><th style=\"border: 1px solid #ccc; padding: 10px;\"><strong>Option<\/strong><\/th><th style=\"border: 1px solid #ccc; padding: 10px;\"><strong>Details<\/strong><\/th><\/tr><\/thead><tbody><tr><td style=\"border: 1px solid #ccc; padding: 10px;\"><strong>Bundesanstalt f\u00fcr Finanzdienstleistungsaufsicht (BaFin)<\/strong><\/td><td style=\"border: 1px solid #ccc; padding: 10px;\"><a style=\"color: #007bff; text-decoration: none;\" href=\"https:\/\/www.bafin.de\/DE\/DieBaFin\/Hinweisgeberstelle\/hinweisgeberstelle_node.html\">https:\/\/www.bafin.de\/DE\/DieBaFin\/Hinweisgeberstelle\/hinweisgeberstelle_node.html<\/a><\/td><\/tr><tr><td style=\"border: 1px solid #ccc; padding: 10px;\"><strong>Bundesamt f\u00fcr Justiz (BfJ)<\/strong><\/td><td style=\"border: 1px solid #ccc; padding: 10px;\"><a style=\"color: #007bff; text-decoration: none;\" href=\"https:\/\/bfj-hinweisgeberstelle.dataport.de\/#\/\">https:\/\/bfj-hinweisgeberstelle.dataport.de\/#\/<\/a><\/td><\/tr><tr><td style=\"border: 1px solid #ccc; padding: 10px;\"><strong>Bundeskartellamt<\/strong><\/td><td style=\"border: 1px solid #ccc; padding: 10px;\"><a style=\"color: #007bff; text-decoration: none;\" href=\"https:\/\/www.bkms-system.net\/bkwebanon\/report\/channels?id=bkarta&amp;language=ger\">https:\/\/www.bkms-system.net\/bkwebanon\/report\/channels?id=bkarta&amp;language=ger<\/a><\/td><\/tr><tr><td style=\"padding: 8px;\"><strong>EU Kommission<\/strong><\/td><td style=\"border: 1px solid #ccc; padding: 10px;\" rowspan=\"3\"><strong>Sanktionen:<\/strong><br \/><a style=\"color: #007bff; text-decoration: none;\" href=\"https:\/\/eusanctions.integrityline.com\/frontpage\" target=\"_blank\" rel=\"noopener\">https:\/\/eusanctions.integrityline.com\/frontpage<\/a><br \/><a style=\"color: #007bff; text-decoration: none;\" href=\"https:\/\/finance.ec.europa.eu\/eu-and-world\/sanctions-restrictive-measures_en#whistleblower\" target=\"_blank\" rel=\"noopener\">https:\/\/finance.ec.europa.eu\/eu-and-world\/sanctions-restrictive-measures_en#whistleblower<\/a><br \/><strong>Wettbewerbsrecht:<\/strong><br \/><a style=\"color: #007bff; text-decoration: none;\" href=\"https:\/\/competition-policy.ec.europa.eu\/antitrust-and-cartels_en\" target=\"_blank\" rel=\"noopener\">https:\/\/competition-policy.ec.europa.eu\/antitrust-and-cartels_en<\/a><br \/><a style=\"color: #007bff; text-decoration: none;\" href=\"https:\/\/competition-policy.ec.europa.eu\/index\/whistleblower_en\" target=\"_blank\" rel=\"noopener\">https:\/\/competition-policy.ec.europa.eu\/index\/whistleblower_en<\/a><br \/><strong>Europ\u00e4isches Amt f\u00fcr Betrugsbek\u00e4mpfung:<\/strong><br \/><a style=\"color: #007bff; text-decoration: none;\" href=\"https:\/\/anti-fraud.ec.europa.eu\/olaf-and-you\/report-fraud_de\" target=\"_blank\" rel=\"noopener\">https:\/\/anti-fraud.ec.europa.eu\/olaf-and-you\/report-fraud_de<\/a><\/td><\/tr><\/tbody><\/table><p><br \/><strong>Vertraulichkeit und Schutz<\/strong><\/p><p>VakifBank verpflichtet sich, die Identit\u00e4t von Hinweisgebern streng vertraulich zu behandeln und umfassend zu sch\u00fctzen. Ihre Meldung wird nur von den zust\u00e4ndigen Stellen gepr\u00fcft, und Ihre Identit\u00e4t wird nicht offengelegt, es sei denn, dies ist aus rechtlichen Gr\u00fcnden zwingend erforderlich (z. B. im Rahmen beh\u00f6rdlicher Ermittlungen). Zudem genie\u00dfen Hinweisgeber umfassenden Schutz vor Benachteiligung, Diskriminierung oder Repressalien. Sollten Sie dennoch negative Folgen erleben, k\u00f6nnen Sie sich an uns wenden, damit geeignete Schutzma\u00dfnahmen ergriffen werden.<\/p><p>Vielen Dank f\u00fcr Ihre Unterst\u00fctzung bei der Aufrechterhaltung von Integrit\u00e4t und Compliance bei VakifBank.<\/p>\t\t\t\t\t\t\t\t<\/div>\n\t\t\t\t<\/div>\n\t\t\t\t<section class=\"elementor-section elementor-inner-section elementor-element elementor-element-d4f44a4 elementor-section-boxed elementor-section-height-default elementor-section-height-default\" data-id=\"d4f44a4\" data-element_type=\"section\">\n\t\t\t\t\t\t<div class=\"elementor-container elementor-column-gap-default\">\n\t\t\t\t\t<div class=\"elementor-column elementor-col-100 elementor-inner-column elementor-element elementor-element-0868808\" data-id=\"0868808\" data-element_type=\"column\">\n\t\t\t<div class=\"elementor-widget-wrap elementor-element-populated\">\n\t\t\t\t\t\t<div class=\"elementor-element elementor-element-bfe114c elementor-widget elementor-widget-heading\" data-id=\"bfe114c\" data-element_type=\"widget\" data-widget_type=\"heading.default\">\n\t\t\t\t<div class=\"elementor-widget-container\">\n\t\t\t\t\t<h2 class=\"elementor-heading-title elementor-size-default\">Kontaktformular<\/h2>\t\t\t\t<\/div>\n\t\t\t\t<\/div>\n\t\t\t\t<div class=\"elementor-element elementor-element-2254792 elementor-button-align-center elementor-mobile-button-align-center elementor-widget elementor-widget-form\" data-id=\"2254792\" data-element_type=\"widget\" data-settings=\"{&quot;step_next_label&quot;:&quot;Next&quot;,&quot;step_previous_label&quot;:&quot;Previous&quot;,&quot;step_type&quot;:&quot;none&quot;,&quot;step_icon_shape&quot;:&quot;none&quot;,&quot;button_width&quot;:&quot;100&quot;}\" data-widget_type=\"form.default\">\n\t\t\t\t<div class=\"elementor-widget-container\">\n\t\t\t\t\t\t\t<form class=\"elementor-form\" method=\"post\" name=\"New Form\" aria-label=\"New Form\">\n\t\t\t<input type=\"hidden\" name=\"post_id\" value=\"4051\"\/>\n\t\t\t<input type=\"hidden\" name=\"form_id\" value=\"2254792\"\/>\n\t\t\t<input type=\"hidden\" name=\"referer_title\" value=\"\" \/>\n\n\t\t\t\n\t\t\t<div class=\"elementor-form-fields-wrapper elementor-labels-above\">\n\t\t\t\t\t\t\t\t<div class=\"elementor-field-type-text elementor-field-group elementor-column elementor-field-group-Vorname elementor-col-50\">\n\t\t\t\t\t\t\t\t\t\t\t\t<label for=\"form-field-Vorname\" class=\"elementor-field-label\">\n\t\t\t\t\t\t\t\tVorname\t\t\t\t\t\t\t<\/label>\n\t\t\t\t\t\t\t\t\t\t\t\t\t\t<input size=\"1\" type=\"text\" name=\"form_fields[Vorname]\" id=\"form-field-Vorname\" class=\"elementor-field elementor-size-sm  elementor-field-textual\" placeholder=\"Max\">\n\t\t\t\t\t\t\t\t\t\t\t<\/div>\n\t\t\t\t\t\t\t\t<div class=\"elementor-field-type-text elementor-field-group elementor-column elementor-field-group-Nachname elementor-col-50\">\n\t\t\t\t\t\t\t\t\t\t\t\t<label for=\"form-field-Nachname\" class=\"elementor-field-label\">\n\t\t\t\t\t\t\t\tNachname\t\t\t\t\t\t\t<\/label>\n\t\t\t\t\t\t\t\t\t\t\t\t\t\t<input size=\"1\" type=\"text\" name=\"form_fields[Nachname]\" id=\"form-field-Nachname\" class=\"elementor-field elementor-size-sm  elementor-field-textual\" placeholder=\"Mustermann\">\n\t\t\t\t\t\t\t\t\t\t\t<\/div>\n\t\t\t\t\t\t\t\t<div class=\"elementor-field-type-email elementor-field-group elementor-column elementor-field-group-Email elementor-col-50\">\n\t\t\t\t\t\t\t\t\t\t\t\t<label for=\"form-field-Email\" class=\"elementor-field-label\">\n\t\t\t\t\t\t\t\tEmail\t\t\t\t\t\t\t<\/label>\n\t\t\t\t\t\t\t\t\t\t\t\t\t\t<input size=\"1\" type=\"email\" name=\"form_fields[Email]\" id=\"form-field-Email\" class=\"elementor-field elementor-size-sm  elementor-field-textual\" placeholder=\"max@mustermann.de\">\n\t\t\t\t\t\t\t\t\t\t\t<\/div>\n\t\t\t\t\t\t\t\t<div class=\"elementor-field-type-tel elementor-field-group elementor-column elementor-field-group-Telefonnummer elementor-col-50\">\n\t\t\t\t\t\t\t\t\t\t\t\t<label for=\"form-field-Telefonnummer\" class=\"elementor-field-label\">\n\t\t\t\t\t\t\t\tTelefonnummer\t\t\t\t\t\t\t<\/label>\n\t\t\t\t\t\t\t\t<input size=\"1\" type=\"tel\" name=\"form_fields[Telefonnummer]\" id=\"form-field-Telefonnummer\" class=\"elementor-field elementor-size-sm  elementor-field-textual\" placeholder=\"+49 123 456 789\" pattern=\"[0-9()#&amp;+*-=.]+\" title=\"Nur Nummern oder Telefon-Zeichen (#, -, *, etc) werden akzeptiert.\">\n\n\t\t\t\t\t\t<\/div>\n\t\t\t\t\t\t\t\t<div class=\"elementor-field-type-upload elementor-field-group elementor-column elementor-field-group-Ablage elementor-col-100\">\n\t\t\t\t\t\t\t\t\t\t\t\t<label for=\"form-field-Ablage\" class=\"elementor-field-label\">\n\t\t\t\t\t\t\t\tDokumenten Ablage\t\t\t\t\t\t\t<\/label>\n\t\t\t\t\t\t\t\t<input type=\"file\" name=\"form_fields[Ablage][]\" id=\"form-field-Ablage\" class=\"elementor-field elementor-size-sm  elementor-upload-field\" multiple=\"multiple\" data-maxsize=\"16\" data-maxsize-message=\"Diese Datei \u00fcbersteigt die maximale Dateigr\u00f6\u00dfe.\">\n\n\t\t\t\t\t\t<\/div>\n\t\t\t\t\t\t\t\t<div class=\"elementor-field-type-textarea elementor-field-group elementor-column elementor-field-group-nachricht elementor-col-100\">\n\t\t\t\t\t\t\t\t\t\t\t\t<label for=\"form-field-nachricht\" class=\"elementor-field-label\">\n\t\t\t\t\t\t\t\tIhre Nachricht\t\t\t\t\t\t\t<\/label>\n\t\t\t\t\t\t<textarea class=\"elementor-field-textual elementor-field  elementor-size-sm\" name=\"form_fields[nachricht]\" id=\"form-field-nachricht\" rows=\"4\" placeholder=\"Ihre Nachricht\"><\/textarea>\t\t\t\t<\/div>\n\t\t\t\t\t\t\t\t<div class=\"elementor-field-type-acceptance elementor-field-group elementor-column elementor-field-group-Datenschutzerklaerung elementor-col-100 elementor-field-required elementor-mark-required\">\n\t\t\t\t\t\t\t\t\t\t\t\t<label for=\"form-field-Datenschutzerklaerung\" class=\"elementor-field-label\">\n\t\t\t\t\t\t\t\tDatenschutzerkl\u00e4rung\t\t\t\t\t\t\t<\/label>\n\t\t\t\t\t\t\t\t<div class=\"elementor-field-subgroup\">\n\t\t\t<span class=\"elementor-field-option\">\n\t\t\t\t<input type=\"checkbox\" name=\"form_fields[Datenschutzerklaerung]\" id=\"form-field-Datenschutzerklaerung\" class=\"elementor-field elementor-size-sm  elementor-acceptance-field\" required=\"required\" checked=\"checked\">\n\t\t\t\t<label for=\"form-field-Datenschutzerklaerung\"><a href=\"\/datenschutzerklarung\/\" target=\"_blank\">Datenschutzerkl\u00e4rung<\/a>  gelesen & akzeptiert<\/label>\t\t\t<\/span>\n\t\t<\/div>\n\t\t\t\t\t\t<\/div>\n\t\t\t\t\t\t\t\t<div class=\"elementor-field-group elementor-column elementor-field-type-submit elementor-col-100 e-form__buttons\">\n\t\t\t\t\t<button class=\"elementor-button elementor-size-md\" type=\"submit\">\n\t\t\t\t\t\t<span class=\"elementor-button-content-wrapper\">\n\t\t\t\t\t\t\t\t\t\t\t\t\t\t\t\t\t\t\t\t\t\t<span class=\"elementor-button-text\">Senden<\/span>\n\t\t\t\t\t\t\t\t\t\t\t\t\t<\/span>\n\t\t\t\t\t<\/button>\n\t\t\t\t<\/div>\n\t\t\t<\/div>\n\t\t<\/form>\n\t\t\t\t\t\t<\/div>\n\t\t\t\t<\/div>\n\t\t\t\t\t<\/div>\n\t\t<\/div>\n\t\t\t\t\t<\/div>\n\t\t<\/section>\n\t\t\t\t\t<\/div>\n\t\t<\/div>\n\t\t\t\t\t<\/div>\n\t\t<\/section>\n\t\t\t\t<\/div>\n\t\t","protected":false},"excerpt":{"rendered":"<p>Whistleblowing Informationen f\u00fcr Hinweisgeber \/ Whistleblowers VakifBank legt gro\u00dfen Wert auf Integrit\u00e4t, Transparenz und die Einhaltung h\u00f6chster ethischer Standards. Unser Hinweisgebersystem bietet Ihnen eine sichere und vertrauliche M\u00f6glichkeit, etwaige Verst\u00f6\u00dfe oder Missst\u00e4nde zu melden, die die Bank, ihre Mitarbeitenden oder ihre Gesch\u00e4ftspraktiken betreffen k\u00f6nnten. Wir ermutigen sowohl Mitarbeitende als auch externe Personen, Hinweise zu geben, [&hellip;]<\/p>\n","protected":false},"author":3,"featured_media":0,"parent":0,"menu_order":0,"comment_status":"closed","ping_status":"closed","template":"elementor_header_footer","meta":{"_uag_custom_page_level_css":"","footnotes":""},"class_list":["post-4051","page","type-page","status-publish","hentry"],"uagb_featured_image_src":{"full":false,"thumbnail":false,"medium":false,"medium_large":false,"large":false,"1536x1536":false,"2048x2048":false,"trp-custom-language-flag":false},"uagb_author_info":{"display_name":"caner","author_link":"https:\/\/vakifbank.de\/de\/author\/caner\/"},"uagb_comment_info":0,"uagb_excerpt":"Whistleblowing Informationen f\u00fcr Hinweisgeber \/ Whistleblowers VakifBank legt gro\u00dfen Wert auf Integrit\u00e4t, Transparenz und die Einhaltung h\u00f6chster ethischer Standards. Unser Hinweisgebersystem bietet Ihnen eine sichere und vertrauliche M\u00f6glichkeit, etwaige Verst\u00f6\u00dfe oder Missst\u00e4nde zu melden, die die Bank, ihre Mitarbeitenden oder ihre Gesch\u00e4ftspraktiken betreffen k\u00f6nnten. Wir ermutigen sowohl Mitarbeitende als auch externe Personen, Hinweise zu geben,&hellip;","_links":{"self":[{"href":"https:\/\/vakifbank.de\/de\/wp-json\/wp\/v2\/pages\/4051","targetHints":{"allow":["GET"]}}],"collection":[{"href":"https:\/\/vakifbank.de\/de\/wp-json\/wp\/v2\/pages"}],"about":[{"href":"https:\/\/vakifbank.de\/de\/wp-json\/wp\/v2\/types\/page"}],"author":[{"embeddable":true,"href":"https:\/\/vakifbank.de\/de\/wp-json\/wp\/v2\/users\/3"}],"replies":[{"embeddable":true,"href":"https:\/\/vakifbank.de\/de\/wp-json\/wp\/v2\/comments?post=4051"}],"version-history":[{"count":44,"href":"https:\/\/vakifbank.de\/de\/wp-json\/wp\/v2\/pages\/4051\/revisions"}],"predecessor-version":[{"id":4313,"href":"https:\/\/vakifbank.de\/de\/wp-json\/wp\/v2\/pages\/4051\/revisions\/4313"}],"wp:attachment":[{"href":"https:\/\/vakifbank.de\/de\/wp-json\/wp\/v2\/media?parent=4051"}],"curies":[{"name":"wp","href":"https:\/\/api.w.org\/{rel}","templated":true}]}}