{"id":406,"date":"2022-12-19T16:22:23","date_gmt":"2022-12-19T15:22:23","guid":{"rendered":"https:\/\/vakifbank.de\/?page_id=406"},"modified":"2023-11-02T09:55:39","modified_gmt":"2023-11-02T08:55:39","slug":"information-zum-festgeldkonto-fur-privatkunden","status":"publish","type":"page","link":"https:\/\/vakifbank.de\/de\/privatkunden\/information-zum-festgeldkonto-fur-privatkunden\/","title":{"rendered":"Information zum Festgeldkonto f\u00fcr Privatkunden"},"content":{"rendered":"\t\t<div data-elementor-type=\"wp-page\" data-elementor-id=\"406\" class=\"elementor elementor-406\" data-elementor-post-type=\"page\">\n\t\t\t\t\t\t<section class=\"elementor-section elementor-top-section elementor-element elementor-element-13491b8 elementor-section-boxed elementor-section-height-default elementor-section-height-default\" data-id=\"13491b8\" data-element_type=\"section\">\n\t\t\t\t\t\t<div class=\"elementor-container elementor-column-gap-default\">\n\t\t\t\t\t<div class=\"elementor-column elementor-col-100 elementor-top-column elementor-element elementor-element-0026323\" data-id=\"0026323\" data-element_type=\"column\">\n\t\t\t<div class=\"elementor-widget-wrap elementor-element-populated\">\n\t\t\t\t\t\t<div class=\"elementor-element elementor-element-2c99b11 elementor-widget elementor-widget-heading\" data-id=\"2c99b11\" data-element_type=\"widget\" data-widget_type=\"heading.default\">\n\t\t\t\t<div class=\"elementor-widget-container\">\n\t\t\t\t\t<h1 class=\"elementor-heading-title elementor-size-default\">Information zum Festgeldkonto f\u00fcr Privatkunden\n<\/h1>\t\t\t\t<\/div>\n\t\t\t\t<\/div>\n\t\t\t\t<div class=\"elementor-element elementor-element-e9c1d93 elementor-widget elementor-widget-text-editor\" data-id=\"e9c1d93\" data-element_type=\"widget\" data-widget_type=\"text-editor.default\">\n\t\t\t\t<div class=\"elementor-widget-container\">\n\t\t\t\t\t\t\t\t\t<p>B<b>esondere Bedingungen f\u00fcr Tagesgeld- und Termingeldanlagen (Stand August 2023) Terminologie<\/b><\/p><p>\u00a0<\/p><p>V<b>akifBank Int. AG, Wien, Zweigniederlassung Deutschland<\/b> wird als VakifBank genannt.<\/p><p>\u00a0<\/p><p>T<b>ermingeld (oder Festgeld)<\/b> ist eine Form von Geldanlage, die f\u00fcr eine bestimmte Laufzeit mit einem vereinbarten Zinssatz angelegt wird.<\/p><p>\u00a0<\/p><p>Ta<b>gesgeld<\/b> ist eine Form von Geldanlage mit t\u00e4glicher Verf\u00fcgungsm\u00f6glichkeit und einer variablen Verzinsung.<\/p><p>\u00a0<\/p><p>T<b>ermingeldabwicklungskonto (oder Abwicklungskonto)<\/b> ist ein auf den Kundennamen er\u00f6ffnetes Konto bei der VakifBank zum Abwickeln der Termingelder. Das Konto ist geb\u00fchrenfrei.<\/p><p>\u00a0<\/p><p>R<b>eferenzkonto (oder Gegenkonto)<\/b> ist ein Konto, das auf den Namen des Kontoinhabers lautet und bei der Hausbank des Kunden gef\u00fchrt wird.<\/p><p>\u00a0<\/p><p>P<b>rolongation<\/b> ist die Verl\u00e4ngerung der Laufzeit einer Termingeldanlage (oder Festgeldanlage).<\/p><p>\u00a0<\/p><p>1<b>. Kontoer\u00f6ffnungen<\/b><br \/>Tages- oder Termingeldkonten werden nur als \u201eEinzel-Konto\u201c bzw. \u201cOder-Konto\u201c gef\u00fchrt. \u201eUnd-\u201c bzw.<br \/>\u201eBetreuer-Konten\u201c werden nicht gef\u00fchrt.<\/p><p>\u00a0<\/p><p>Kontoer\u00f6ffnungen erfolgen entweder in den Gesch\u00e4ftsstellen oder per Fernabsatz. Nach Eingang des Antrags wird -durch Postident\/Videoident- die Legitimation \u00fcberpr\u00fcft. Nach der Best\u00e4tigung der Legitimation wird der Kunde schriftlich sein Abwicklungskonto zur Anweisung des Anlagebetrags erhalten.<\/p><p>\u00a0<\/p><p>Die Mindestanlage betr\u00e4gt f\u00fcr Termingeldanlagen EUR 5.000, &#8211; und Kontoausz\u00fcge werden bei Ums\u00e4tzen erstellt.<\/p><p>\u00a0<\/p><p>2<b>. Tagesgeldanlagen<\/b><br \/>Tagesgelder werden nur f\u00fcr Privatkunden gef\u00fchrt. Die Anlage wird mit Geldeingang zum jeweils g\u00fcltigen Zinssatz verzinst. Zuzahlungen sind jederzeit m\u00f6glich. Geldabrufe erfolgen telefonisch, in Textform oder schriftlich. Abgerufene Betr\u00e4ge werden tagegleich lediglich auf das bekannte Referenzkonto \u00fcberwiesen. Zahlungsverkehr mit \u00dcberweisungen oder Lastschriften ist nicht m\u00f6glich. Bei einer Gesamtverf\u00fcgung wird das Tagesgeldkonto aufgel\u00f6st und auf das Referenzkonto \u00fcberwiesen. Zinsabschl\u00fcsse werden pro Quartal mit Zinsgutschrift auf dem Tagesgeldkonto erstellt.<\/p><p>\u00a0<\/p><p>H\u00f6chstanlagebetrag wird von der Bank bestimmt und auf Internetseiten der VakifBank ver\u00f6ffentlicht. Beim \u00dcbersteigen des H\u00f6chstbetrages gilt der ver\u00f6ffentliche Zinssatz nicht.<\/p><p>\u00a0<\/p><p>3.<b> Termingeldanlagen<\/b><br \/>Mit Geldeingang und Verbuchung erh\u00e4lt der Kunde einen Kontoauszug mit den Vertragsdaten.<\/p><p>\u00a0<\/p><p>Zuzahlungen, Verf\u00fcgungen und K\u00fcndigung w\u00e4hrend der Laufzeit sind ausgeschlossen. Die Verzinsung der Anlage ist f\u00fcr die vereinbarte Laufzeit fix. Im Fall einer au\u00dferordentlichen K\u00fcndigung nach \u00a7 314 BGB kann einer vorzeitigen K\u00fcndigung entsprochen werden, und zwar unter der Bedingung, dass die hierf\u00fcr anfallenden Geb\u00fchren und Vorschusszinsen an die VakifBank gezahlt und die erforderlichen Nachweise erbracht werden. N\u00e4here Angaben zu den Geb\u00fchren und den Vorschusszinsen sind dem Preis- und Leistungsverzeichnis zu entnehmen.<\/p><p>\u00a0<\/p><p>Die Zinsangebote der VakifBank werden jeweils bis 7 Werktage nach Zusendung des Abwicklungskontos garantiert.<\/p><p>\u00a0<\/p><p>Der Kunde wird 2 Wochen vor Vertragsablauf \u00fcber die F\u00e4lligkeit informiert. Sofern wir bis 2 Werktage vor Vertragsende keine anders lautende Weisung erhalten, wird die Geldanlage mit der gleichen Laufzeit und dem dann g\u00fcltigen Zinssatz verl\u00e4ngert.<\/p><p>\u00a0<\/p><p>Zinszahlungen valutieren bei Festgeldanlagen bis zu einem Jahr mit Vertragsablauf, bei mehrj\u00e4hrigen Festgeldanlagen j\u00e4hrlich nach Kontoer\u00f6ffnungsdatum. Die Bank zahlt die Zinsen auf das Referenzkonto, ohne speziellen Kundenauftrag. F\u00e4llige Zins- und Kapitalzahlungen erfolgen ausschlie\u00dflich auf das Referenzkonto.<\/p><p>\u00a0<\/p><p>4<b>. Verwaltung<\/b><br \/>Die Disposition von Tages- u. Termingeldkonten erfolgt telefonisch, in Textform oder schriftlich.<\/p><p>\u00a0<\/p><p>\u00c4nderungen von Kundendaten und des Referenzkontos erfolgen nur schriftlich im Original und von allen Kontoinhabern unterschrieben. Sofern mit dem Kunden die Abwicklung von Bankgesch\u00e4ften per Online- Banking vereinbart worden ist, k\u00f6nnen Adress\u00e4nderungen, \u00c4nderungen der Kontaktdaten, \u00c4nderungen von Freistellungsauftr\u00e4gen und \u00c4nderungen des Referenzkontos per Online-Banking durchgef\u00fchrt werden.<\/p><p>\u00a0<\/p><p>Die Kontof\u00fchrung ist geb\u00fchrenfrei. Entgelte f\u00fcr Sonderleistungen sind im Preis- und Leistungsverzeichnis der Bank aufgef\u00fchrt.<\/p><p>\u00a0<\/p><p>5<b>. Kontoaufl\u00f6sung Tagesgeldkonto und Abwicklungskonto<\/b><br \/>Weist das Abwicklungskonto keine Ums\u00e4tze \u00fcber einen Zeitraum von einem Jahr auf und bestehen keine laufenden Termingeldanlagen, so wird das Abwicklungskonto seitens der VakifBank aufgel\u00f6st und eventuell vorhandene Guthaben auf das Referenzkonto \u00fcberwiesen.<\/p><p>\u00a0<\/p><p>6<b>. Nachlasskonten \/ Testament \/ Kontovollmacht<\/b><br \/>Der Tod eines Kontoinhabers muss der Bank durch Vorlage der Sterbeurkunde zeitnah angezeigt werden. Die Bank ist verpflichtet, Guthaben (ab gesetzlich vorgeschriebenem Betrag) und Schlie\u00dff\u00e4cher per Todestag der zust\u00e4ndigen Erbschaftsteuerstelle anzuzeigen. Mit dem Tod des Kontoinhabers werden die Konten als Nachlass weitergef\u00fchrt. Kontovollmachten gelten \u00fcber den Tod hinaus; bis zur Vorlage relevanter Erbnachweise. Ein- oder mehrere Erb- und Verf\u00fcgungsberechtigte legitimieren sich mit einem Testament mit Er\u00f6ffnungsprotokoll, oder mit Erbschein. Guthaben auf Anderkonten, Nachlasskonten und Konten von Erbengemeinschaften sind weder ganz noch in Teilbetr\u00e4gen abtretbar oder verpf\u00e4ndbar. Die VakifBank beh\u00e4lt sich das Recht vor, bei Zweifel von den Erben weitere Unterlagen zu verlangen.<\/p><p>\u00a0<\/p><p>Es k\u00f6nnen Vollmachten nur einer nat\u00fcrlichen Person erteilt werden. Bei Gemeinschaftskonten sind die Unterschriften beider Kontoinhaber erforderlich. Die bevollm\u00e4chtige Person ist verpflichtet Ihre Steueridentnummer der Bank mitzuteilen. Die Befugnisse ergeben sich aus der Vollmachtsurkunde.<\/p><p>\u00a0<\/p><p>7<b>. Kapitalertr\u00e4ge \/ Freistellung<\/b><br \/>Kapitalertr\u00e4ge werden pauschal mit Kapitalertragsteuer und Solidarit\u00e4tszuschlag besteuert. Die Banken sind verpflichtet, diesen Zinsabschlag f\u00fcr ihre Kunden vorzunehmen. Ab 01.Januar 2015 wird von den Angeh\u00f6rigen von Religionsgemeinschaften auch die Kirchensteuer automatisch einbehalten und abgef\u00fchrt. Zinsertr\u00e4ge k\u00f6nnen bis zum gesetzlich festgeschriebenen Betrag freigestellt werden. Liegt eine NV- Bescheinigung vor, sind Zinsertr\u00e4ge steuerfrei &#8211; ohne Abz\u00fcge. \u00dcber die versteuerten \/ freigestellten Kapitalertr\u00e4ge erh\u00e4lt der Kunde nach Ablauf des Kalenderjahres automatisch eine Jahressteuerbescheinigung oder Ertr\u00e4gnisaufstellung.<\/p><p>\u00a0<\/p><p>8<b>. Wirtschaftlich Berechtigter nach GWG<\/b><br \/>Konten werden ausschlie\u00dflich f\u00fcr eigene Rechnung des Vertragspartners bzw. Kontoinhabers er\u00f6ffnet. Folglich ist der Vertragspartner bzw. der Kontoinhaber auch immer der wirtschaftlich Berechtigte der Einlage.<\/p><p>\u00a0<\/p><p>9<b>. Gesch\u00e4ftsbedingungen<\/b><br \/>Mit der Kontoer\u00f6ffnung akzeptiert der Kunde unsere aktuellen \u201eAGB\u201c und die \u201eBesonderen Bedingungen f\u00fcr Tages- u. Termingeldanlagen\u201c Die Bedingungen erh\u00e4lt der Kunde mit dem Kontoer\u00f6ffnungsantrag. Sie k\u00f6nnen auch in der Bank eingesehen oder zugesandt werden.<br \/>Gerichtsstand ist K\u00f6ln.<\/p>\t\t\t\t\t\t\t\t<\/div>\n\t\t\t\t<\/div>\n\t\t\t\t\t<\/div>\n\t\t<\/div>\n\t\t\t\t\t<\/div>\n\t\t<\/section>\n\t\t\t\t<\/div>\n\t\t","protected":false},"excerpt":{"rendered":"<p>Information zum Festgeldkonto f\u00fcr Privatkunden Besondere Bedingungen f\u00fcr Tagesgeld- und Termingeldanlagen (Stand August 2023) Terminologie \u00a0 VakifBank Int. AG, Wien, Zweigniederlassung Deutschland wird als VakifBank genannt. \u00a0 Termingeld (oder Festgeld) ist eine Form von Geldanlage, die f\u00fcr eine bestimmte Laufzeit mit einem vereinbarten Zinssatz angelegt wird. \u00a0 Tagesgeld ist eine Form von Geldanlage mit t\u00e4glicher [&hellip;]<\/p>\n","protected":false},"author":1,"featured_media":0,"parent":544,"menu_order":0,"comment_status":"closed","ping_status":"closed","template":"elementor_header_footer","meta":{"_uag_custom_page_level_css":"","footnotes":""},"class_list":["post-406","page","type-page","status-publish","hentry"],"uagb_featured_image_src":{"full":false,"thumbnail":false,"medium":false,"medium_large":false,"large":false,"1536x1536":false,"2048x2048":false,"trp-custom-language-flag":false},"uagb_author_info":{"display_name":"meisterkoch840","author_link":"https:\/\/vakifbank.de\/de\/author\/meisterkoch840\/"},"uagb_comment_info":0,"uagb_excerpt":"Information zum Festgeldkonto f\u00fcr Privatkunden Besondere Bedingungen f\u00fcr Tagesgeld- und Termingeldanlagen (Stand August 2023) Terminologie \u00a0 VakifBank Int. AG, Wien, Zweigniederlassung Deutschland wird als VakifBank genannt. \u00a0 Termingeld (oder Festgeld) ist eine Form von Geldanlage, die f\u00fcr eine bestimmte Laufzeit mit einem vereinbarten Zinssatz angelegt wird. \u00a0 Tagesgeld ist eine Form von Geldanlage mit t\u00e4glicher&hellip;","_links":{"self":[{"href":"https:\/\/vakifbank.de\/de\/wp-json\/wp\/v2\/pages\/406","targetHints":{"allow":["GET"]}}],"collection":[{"href":"https:\/\/vakifbank.de\/de\/wp-json\/wp\/v2\/pages"}],"about":[{"href":"https:\/\/vakifbank.de\/de\/wp-json\/wp\/v2\/types\/page"}],"author":[{"embeddable":true,"href":"https:\/\/vakifbank.de\/de\/wp-json\/wp\/v2\/users\/1"}],"replies":[{"embeddable":true,"href":"https:\/\/vakifbank.de\/de\/wp-json\/wp\/v2\/comments?post=406"}],"version-history":[{"count":39,"href":"https:\/\/vakifbank.de\/de\/wp-json\/wp\/v2\/pages\/406\/revisions"}],"predecessor-version":[{"id":3958,"href":"https:\/\/vakifbank.de\/de\/wp-json\/wp\/v2\/pages\/406\/revisions\/3958"}],"up":[{"embeddable":true,"href":"https:\/\/vakifbank.de\/de\/wp-json\/wp\/v2\/pages\/544"}],"wp:attachment":[{"href":"https:\/\/vakifbank.de\/de\/wp-json\/wp\/v2\/media?parent=406"}],"curies":[{"name":"wp","href":"https:\/\/api.w.org\/{rel}","templated":true}]}}