{"id":58,"date":"2022-11-29T00:04:55","date_gmt":"2022-11-28T23:04:55","guid":{"rendered":"https:\/\/vakifbank.de\/?page_id=58"},"modified":"2022-11-29T00:04:55","modified_gmt":"2022-11-28T23:04:55","slug":"kredite","status":"publish","type":"page","link":"https:\/\/vakifbank.de\/de\/kredite\/","title":{"rendered":"Kredite"},"content":{"rendered":"\n<p>Ohne viele Umst\u00e4nde und Zeitverlust, g\u00fcnstig und rasch ausbezahlt, so sollte ein Kredit aussehen.<\/p>\n\n\n\n<p>Die VakifBank International AG bietet Ihnen deshalb individuell auf Sie ausgerichtete kurz- und mittelfristige Kredite an, welche Sie sich auch leisten k\u00f6nnen. Unsere Mitarbeiter der VakifBank International AG werden sie fachm\u00e4nnisch informieren.<\/p>\n\n\n\n<p>F\u00fcr pers\u00f6nliche Beratung rund ums Finanzieren kontaktieren Sie bitte einen unserer Berater.<\/p>\n\n\n\n<p>Mit der&nbsp;VakifBank International AG ans Ziel.<\/p>\n\n\n\n<p><strong>Sie haben noch Fragen?<br><\/strong>Wir helfen Ihnen gern. Kommen Sie direkt in unsere&nbsp;Gesch\u00e4ftsstelle oder rufen Sie uns an. Unsere Berater freuen sich auf Sie!<\/p>\n","protected":false},"excerpt":{"rendered":"<p>Ohne viele Umst\u00e4nde und Zeitverlust, g\u00fcnstig und rasch ausbezahlt, so sollte ein Kredit aussehen. Die VakifBank International AG bietet Ihnen deshalb individuell auf Sie ausgerichtete kurz- und mittelfristige Kredite an, welche Sie sich auch leisten k\u00f6nnen. Unsere Mitarbeiter der VakifBank International AG werden sie fachm\u00e4nnisch informieren. F\u00fcr pers\u00f6nliche Beratung rund ums Finanzieren kontaktieren Sie bitte [&hellip;]<\/p>\n","protected":false},"author":1,"featured_media":0,"parent":0,"menu_order":0,"comment_status":"closed","ping_status":"closed","template":"","meta":{"_uag_custom_page_level_css":"","footnotes":""},"class_list":["post-58","page","type-page","status-publish","hentry"],"uagb_featured_image_src":{"full":false,"thumbnail":false,"medium":false,"medium_large":false,"large":false,"1536x1536":false,"2048x2048":false,"trp-custom-language-flag":false},"uagb_author_info":{"display_name":"meisterkoch840","author_link":"https:\/\/vakifbank.de\/de\/author\/meisterkoch840\/"},"uagb_comment_info":0,"uagb_excerpt":"Ohne viele Umst\u00e4nde und Zeitverlust, g\u00fcnstig und rasch ausbezahlt, so sollte ein Kredit aussehen. Die VakifBank International AG bietet Ihnen deshalb individuell auf Sie ausgerichtete kurz- und mittelfristige Kredite an, welche Sie sich auch leisten k\u00f6nnen. Unsere Mitarbeiter der VakifBank International AG werden sie fachm\u00e4nnisch informieren. F\u00fcr pers\u00f6nliche Beratung rund ums Finanzieren kontaktieren Sie bitte&hellip;","_links":{"self":[{"href":"https:\/\/vakifbank.de\/de\/wp-json\/wp\/v2\/pages\/58","targetHints":{"allow":["GET"]}}],"collection":[{"href":"https:\/\/vakifbank.de\/de\/wp-json\/wp\/v2\/pages"}],"about":[{"href":"https:\/\/vakifbank.de\/de\/wp-json\/wp\/v2\/types\/page"}],"author":[{"embeddable":true,"href":"https:\/\/vakifbank.de\/de\/wp-json\/wp\/v2\/users\/1"}],"replies":[{"embeddable":true,"href":"https:\/\/vakifbank.de\/de\/wp-json\/wp\/v2\/comments?post=58"}],"version-history":[{"count":1,"href":"https:\/\/vakifbank.de\/de\/wp-json\/wp\/v2\/pages\/58\/revisions"}],"predecessor-version":[{"id":59,"href":"https:\/\/vakifbank.de\/de\/wp-json\/wp\/v2\/pages\/58\/revisions\/59"}],"wp:attachment":[{"href":"https:\/\/vakifbank.de\/de\/wp-json\/wp\/v2\/media?parent=58"}],"curies":[{"name":"wp","href":"https:\/\/api.w.org\/{rel}","templated":true}]}}