{"id":2699,"date":"2023-03-08T14:07:57","date_gmt":"2023-03-08T13:07:57","guid":{"rendered":"https:\/\/vakifbank.de\/?page_id=2699"},"modified":"2023-03-08T14:24:28","modified_gmt":"2023-03-08T13:24:28","slug":"mitarbeiter-corporate-banking-w-m-d","status":"publish","type":"page","link":"https:\/\/vakifbank.de\/en\/karriere-1\/mitarbeiter-corporate-banking-w-m-d\/","title":{"rendered":"Employee Corporate Banking (f\/m\/d)"},"content":{"rendered":"<div data-elementor-type=\"wp-page\" data-elementor-id=\"2699\" class=\"elementor elementor-2699\" data-elementor-post-type=\"page\">\n\t\t\t\t\t\t<section class=\"elementor-section elementor-top-section elementor-element elementor-element-b689bfb elementor-section-boxed elementor-section-height-default elementor-section-height-default\" data-id=\"b689bfb\" data-element_type=\"section\">\n\t\t\t\t\t\t<div class=\"elementor-container elementor-column-gap-default\">\n\t\t\t\t\t<div class=\"elementor-column elementor-col-100 elementor-top-column elementor-element elementor-element-8e7b10d\" data-id=\"8e7b10d\" data-element_type=\"column\">\n\t\t\t<div class=\"elementor-widget-wrap elementor-element-populated\">\n\t\t\t\t\t\t<div class=\"elementor-element elementor-element-070ef8a elementor-widget elementor-widget-heading\" data-id=\"070ef8a\" data-element_type=\"widget\" data-widget_type=\"heading.default\">\n\t\t\t\t<div class=\"elementor-widget-container\">\n\t\t\t\t\t<h1 class=\"elementor-heading-title elementor-size-default\">Job advertisement<\/h1>\t\t\t\t<\/div>\n\t\t\t\t<\/div>\n\t\t\t\t<div class=\"elementor-element elementor-element-9198237 elementor-widget elementor-widget-text-editor\" data-id=\"9198237\" data-element_type=\"widget\" data-widget_type=\"text-editor.default\">\n\t\t\t\t<div class=\"elementor-widget-container\">\n\t\t\t\t\t\t\t\t\t<h2><span style=\"color: #000000;\">Employee Corporate Banking (f\/m\/d)<\/span><\/h2><p>Date: as of now <br \/>Location: Vienna<br \/>Occupational Area: Banking, Corporate Banking<\/p><p>We are an international bank based in Vienna. In addition to the traditional deposit business, we focus on financing medium-sized and large companies in Europe.<\/p><p>If you want to play an active role in shaping international banking activities in Vienna and enjoy putting your ideas directly into practice, you have come to the right place.<\/p><p>And not only that: in addition to promising career opportunities, we attach great importance to family-friendliness, full- and part-time models.<\/p><p>We are currently looking for new team members for our Corporate Banking department. We offer in-depth training in all areas of a bank. Due to our size, you will quickly gain a holistic understanding of the banking business. <br \/>Tasks:<\/p><p style=\"padding-left: 40px;\">- Preparation of credit applications<br \/>- Analysis and evaluation of key financial figures<br \/>- Linking new relationships with customers\/business partners<br \/>- Maintaining and regularly cultivating existing customer relationships <br \/>- Rating evaluation of the portfolio<br \/>- Monitoring financial issues and markets<\/p><p>\u00a0<\/p><p>Requirements:<\/p><p style=\"padding-left: 40px;\">- Completed business studies with a focus on finance or banking <br \/>- Professional experience in the area of credit and market risk <br \/>- Knowledge of supervisory regulations in the credit business <br \/>- Advanced financial analysis skills<br \/>- Calculation of the credit products<br \/>- Basic knowledge of macroeconomic developments and their effects in sectors<br \/>- Knowledge of other banking products<br \/>- Customer and service orientation, strong communication skills and willingness to learn<\/p><p>\u00a0<\/p><p>Our offer:<\/p><p style=\"padding-left: 40px;\">- Versatile positions in an international bank <br \/>- with a strong and collegial team <br \/>- in a dynamic and modern working environment with flat hierarchies<br \/>- Promotion of relevant further education and training courses<\/p><p>\u00a0<\/p><p>We look forward to receiving your application to <a href=\"mailto:hr@vakifbank.de\">hr@vakifbank.de<\/a>!<\/p>\t\t\t\t\t\t\t\t<\/div>\n\t\t\t\t<\/div>\n\t\t\t\t\t<\/div>\n\t\t<\/div>\n\t\t\t\t\t<\/div>\n\t\t<\/section>\n\t\t\t\t<\/div>","protected":false},"excerpt":{"rendered":"<p>Job advertisement Employee Corporate Banking (f\/m\/d) Date: immediately Location: ViennaProfessional field: Banking, Corporate Banking We are an international bank based in Vienna. In addition to the traditional deposit business, we focus on financing medium-sized and large companies in Europe. If you want to play an active role in shaping international banking activities in Vienna and enjoy implementing your ideas directly, [...]<\/p>","protected":false},"author":3,"featured_media":0,"parent":1334,"menu_order":0,"comment_status":"closed","ping_status":"closed","template":"elementor_header_footer","meta":{"_uag_custom_page_level_css":"","footnotes":""},"class_list":["post-2699","page","type-page","status-publish","hentry"],"uagb_featured_image_src":{"full":false,"thumbnail":false,"medium":false,"medium_large":false,"large":false,"1536x1536":false,"2048x2048":false,"trp-custom-language-flag":false},"uagb_author_info":{"display_name":"caner","author_link":"https:\/\/vakifbank.de\/en\/author\/caner\/"},"uagb_comment_info":0,"uagb_excerpt":"Stellenausschreibung Mitarbeiter Corporate Banking (w\/m\/d) Datum: ab sofort Standort: WienBerufsfeld: Banking, Corporate Banking Wir sind eine internationale Bank mit Sitz in Wien. Neben dem klassischen Einlagengesch\u00e4ft fokussieren wir uns auf die Finanzierung mittlerer und gro\u00dfer Unternehmen in Europa. Wenn Sie in Wien internationale Bankt\u00e4tigkeit aktiv mitgestalten wollen und Spa\u00df daran haben, Ihre Ideen direkt umzusetzen,&hellip;","_links":{"self":[{"href":"https:\/\/vakifbank.de\/en\/wp-json\/wp\/v2\/pages\/2699","targetHints":{"allow":["GET"]}}],"collection":[{"href":"https:\/\/vakifbank.de\/en\/wp-json\/wp\/v2\/pages"}],"about":[{"href":"https:\/\/vakifbank.de\/en\/wp-json\/wp\/v2\/types\/page"}],"author":[{"embeddable":true,"href":"https:\/\/vakifbank.de\/en\/wp-json\/wp\/v2\/users\/3"}],"replies":[{"embeddable":true,"href":"https:\/\/vakifbank.de\/en\/wp-json\/wp\/v2\/comments?post=2699"}],"version-history":[{"count":7,"href":"https:\/\/vakifbank.de\/en\/wp-json\/wp\/v2\/pages\/2699\/revisions"}],"predecessor-version":[{"id":2714,"href":"https:\/\/vakifbank.de\/en\/wp-json\/wp\/v2\/pages\/2699\/revisions\/2714"}],"up":[{"embeddable":true,"href":"https:\/\/vakifbank.de\/en\/wp-json\/wp\/v2\/pages\/1334"}],"wp:attachment":[{"href":"https:\/\/vakifbank.de\/en\/wp-json\/wp\/v2\/media?parent=2699"}],"curies":[{"name":"wp","href":"https:\/\/api.w.org\/{rel}","templated":true}]}}