{"id":58,"date":"2022-11-29T00:04:55","date_gmt":"2022-11-28T23:04:55","guid":{"rendered":"https:\/\/vakifbank.de\/?page_id=58"},"modified":"2022-11-29T00:04:55","modified_gmt":"2022-11-28T23:04:55","slug":"kredite","status":"publish","type":"page","link":"https:\/\/vakifbank.de\/en\/kredite\/","title":{"rendered":"Loans"},"content":{"rendered":"<p>Without a lot of hassle and loss of time, cheap and quickly paid out, that's what a loan should look like.<\/p>\n\n\n\n<p>VakifBank International AG therefore offers you individual short and medium term loans which you can afford. Our employees of VakifBank International AG will inform you professionally.<\/p>\n\n\n\n<p>For personal advice on all aspects of financing, please contact one of our advisors.<\/p>\n\n\n\n<p>Reach your goal with VakifBank International AG.<\/p>\n\n\n\n<p><strong>Do you still have questions?<br><\/strong>We will be happy to help you. Come directly to our office or give us a call. Our advisors look forward to meeting you!<\/p>","protected":false},"excerpt":{"rendered":"<p>Without much trouble and loss of time, favourable and quickly paid out, this is what a loan should look like. VakifBank International AG therefore offers you customised short and medium-term loans that you can afford. Our VakifBank International AG staff will provide you with expert information. For personal advice on all aspects of financing, please contact [...]<\/p>","protected":false},"author":1,"featured_media":0,"parent":0,"menu_order":0,"comment_status":"closed","ping_status":"closed","template":"","meta":{"_uag_custom_page_level_css":"","footnotes":""},"class_list":["post-58","page","type-page","status-publish","hentry"],"uagb_featured_image_src":{"full":false,"thumbnail":false,"medium":false,"medium_large":false,"large":false,"1536x1536":false,"2048x2048":false,"trp-custom-language-flag":false},"uagb_author_info":{"display_name":"meisterkoch840","author_link":"https:\/\/vakifbank.de\/en\/author\/meisterkoch840\/"},"uagb_comment_info":0,"uagb_excerpt":"Ohne viele Umst\u00e4nde und Zeitverlust, g\u00fcnstig und rasch ausbezahlt, so sollte ein Kredit aussehen. Die VakifBank International AG bietet Ihnen deshalb individuell auf Sie ausgerichtete kurz- und mittelfristige Kredite an, welche Sie sich auch leisten k\u00f6nnen. Unsere Mitarbeiter der VakifBank International AG werden sie fachm\u00e4nnisch informieren. F\u00fcr pers\u00f6nliche Beratung rund ums Finanzieren kontaktieren Sie bitte&hellip;","_links":{"self":[{"href":"https:\/\/vakifbank.de\/en\/wp-json\/wp\/v2\/pages\/58","targetHints":{"allow":["GET"]}}],"collection":[{"href":"https:\/\/vakifbank.de\/en\/wp-json\/wp\/v2\/pages"}],"about":[{"href":"https:\/\/vakifbank.de\/en\/wp-json\/wp\/v2\/types\/page"}],"author":[{"embeddable":true,"href":"https:\/\/vakifbank.de\/en\/wp-json\/wp\/v2\/users\/1"}],"replies":[{"embeddable":true,"href":"https:\/\/vakifbank.de\/en\/wp-json\/wp\/v2\/comments?post=58"}],"version-history":[{"count":1,"href":"https:\/\/vakifbank.de\/en\/wp-json\/wp\/v2\/pages\/58\/revisions"}],"predecessor-version":[{"id":59,"href":"https:\/\/vakifbank.de\/en\/wp-json\/wp\/v2\/pages\/58\/revisions\/59"}],"wp:attachment":[{"href":"https:\/\/vakifbank.de\/en\/wp-json\/wp\/v2\/media?parent=58"}],"curies":[{"name":"wp","href":"https:\/\/api.w.org\/{rel}","templated":true}]}}