{"id":1144,"date":"2023-01-12T14:33:24","date_gmt":"2023-01-12T13:33:24","guid":{"rendered":"https:\/\/vakifbank.de\/?page_id=1144"},"modified":"2023-09-19T14:12:02","modified_gmt":"2023-09-19T12:12:02","slug":"t-vakiflar-bankasi-tao","status":"publish","type":"page","link":"https:\/\/vakifbank.de\/tr\/uber-uns\/t-vakiflar-bankasi-tao\/","title":{"rendered":"T. Vakiflar Bankas\u0131 T.A.O."},"content":{"rendered":"<div data-elementor-type=\"wp-page\" data-elementor-id=\"1144\" class=\"elementor elementor-1144\" data-elementor-post-type=\"page\">\n\t\t\t\t\t\t<section class=\"elementor-section elementor-top-section elementor-element elementor-element-c280513 elementor-section-boxed elementor-section-height-default elementor-section-height-default\" data-id=\"c280513\" data-element_type=\"section\">\n\t\t\t\t\t\t<div class=\"elementor-container elementor-column-gap-default\">\n\t\t\t\t\t<div class=\"elementor-column elementor-col-100 elementor-top-column elementor-element elementor-element-e4a23d6\" data-id=\"e4a23d6\" data-element_type=\"column\">\n\t\t\t<div class=\"elementor-widget-wrap elementor-element-populated\">\n\t\t\t\t\t\t<div class=\"elementor-element elementor-element-877b97c elementor-widget elementor-widget-heading\" data-id=\"877b97c\" data-element_type=\"widget\" data-widget_type=\"heading.default\">\n\t\t\t\t<div class=\"elementor-widget-container\">\n\t\t\t\t\t<h2 class=\"elementor-heading-title elementor-size-default\">T. Vakiflar Bankas\u0131 T.A.O.<\/h2>\t\t\t\t<\/div>\n\t\t\t\t<\/div>\n\t\t\t\t\t<\/div>\n\t\t<\/div>\n\t\t\t\t\t<\/div>\n\t\t<\/section>\n\t\t\t\t<section class=\"elementor-section elementor-top-section elementor-element elementor-element-5ca3f4e elementor-section-content-middle elementor-section-boxed elementor-section-height-default elementor-section-height-default\" data-id=\"5ca3f4e\" data-element_type=\"section\">\n\t\t\t\t\t\t<div class=\"elementor-container elementor-column-gap-no\">\n\t\t\t\t\t<div class=\"elementor-column elementor-col-50 elementor-top-column elementor-element elementor-element-043fb11\" data-id=\"043fb11\" data-element_type=\"column\">\n\t\t\t<div class=\"elementor-widget-wrap elementor-element-populated\">\n\t\t\t\t\t\t<div class=\"elementor-element elementor-element-3d9bb84 elementor-widget elementor-widget-image\" data-id=\"3d9bb84\" data-element_type=\"widget\" data-widget_type=\"image.default\">\n\t\t\t\t<div class=\"elementor-widget-container\">\n\t\t\t\t\t\t\t\t\t\t\t\t\t\t\t<img fetchpriority=\"high\" decoding=\"async\" width=\"820\" height=\"590\" src=\"https:\/\/vakifbank.de\/wp-content\/uploads\/2022\/12\/teftis-2022-10.png\" class=\"attachment-full size-full wp-image-174\" alt=\"\" srcset=\"https:\/\/vakifbank.de\/wp-content\/uploads\/2022\/12\/teftis-2022-10.png 820w, https:\/\/vakifbank.de\/wp-content\/uploads\/2022\/12\/teftis-2022-10-300x216.png 300w, https:\/\/vakifbank.de\/wp-content\/uploads\/2022\/12\/teftis-2022-10-768x553.png 768w, https:\/\/vakifbank.de\/wp-content\/uploads\/2022\/12\/teftis-2022-10-18x12.png 18w\" sizes=\"(max-width: 820px) 100vw, 820px\" \/>\t\t\t\t\t\t\t\t\t\t\t\t\t\t\t<\/div>\n\t\t\t\t<\/div>\n\t\t\t\t\t<\/div>\n\t\t<\/div>\n\t\t\t\t<div class=\"elementor-column elementor-col-50 elementor-top-column elementor-element elementor-element-bf40d03\" data-id=\"bf40d03\" data-element_type=\"column\">\n\t\t\t<div class=\"elementor-widget-wrap elementor-element-populated\">\n\t\t\t\t\t\t<div class=\"elementor-element elementor-element-e3af543 elementor-widget elementor-widget-heading\" data-id=\"e3af543\" data-element_type=\"widget\" data-widget_type=\"heading.default\">\n\t\t\t\t<div class=\"elementor-widget-container\">\n\t\t\t\t\t<h3 class=\"elementor-heading-title elementor-size-default translation-block\">Vak\u0131fBank Hakk\u0131nda<\/h3>\t\t\t\t<\/div>\n\t\t\t\t<\/div>\n\t\t\t\t<div class=\"elementor-element elementor-element-4335432 elementor-widget elementor-widget-text-editor\" data-id=\"4335432\" data-element_type=\"widget\" data-widget_type=\"text-editor.default\">\n\t\t\t\t<div class=\"elementor-widget-container\">\n\t\t\t\t\t\t\t\t\t<p class=\"translation-block\">T. <i>Vakiflar<\/i> Bankasi T.A.O. 1954 y\u0131l\u0131nda kurulmu\u015ftur. T\u00fcrkiye'deki ikinci b\u00fcy\u00fck devlet bankas\u0131d\u0131r ve T\u00fcrkiye'de yakla\u015f\u0131k 940 \u015fubenin yan\u0131 s\u0131ra New York, Bahreyn ve Erbil'de birer \u015fubesi bulunmaktad\u0131r.<\/p>\t\t\t\t\t\t\t\t<\/div>\n\t\t\t\t<\/div>\n\t\t\t\t\t<\/div>\n\t\t<\/div>\n\t\t\t\t\t<\/div>\n\t\t<\/section>\n\t\t\t\t<section class=\"elementor-section elementor-top-section elementor-element elementor-element-c8fdf3c elementor-section-boxed elementor-section-height-default elementor-section-height-default\" data-id=\"c8fdf3c\" data-element_type=\"section\">\n\t\t\t\t\t\t<div class=\"elementor-container elementor-column-gap-default\">\n\t\t\t\t\t<div class=\"elementor-column elementor-col-100 elementor-top-column elementor-element elementor-element-920d471\" data-id=\"920d471\" data-element_type=\"column\">\n\t\t\t<div class=\"elementor-widget-wrap elementor-element-populated\">\n\t\t\t\t\t\t<div class=\"elementor-element elementor-element-a2053f9 elementor-widget elementor-widget-heading\" data-id=\"a2053f9\" data-element_type=\"widget\" data-widget_type=\"heading.default\">\n\t\t\t\t<div class=\"elementor-widget-container\">\n\t\t\t\t\t<h2 class=\"elementor-heading-title elementor-size-default\">silinecek<\/h2>\t\t\t\t<\/div>\n\t\t\t\t<\/div>\n\t\t\t\t<section class=\"elementor-section elementor-inner-section elementor-element elementor-element-4f15149 elementor-section-boxed elementor-section-height-default elementor-section-height-default\" data-id=\"4f15149\" data-element_type=\"section\">\n\t\t\t\t\t\t<div class=\"elementor-container elementor-column-gap-default\">\n\t\t\t\t\t<div class=\"elementor-column elementor-col-50 elementor-inner-column elementor-element elementor-element-6d442e4\" data-id=\"6d442e4\" data-element_type=\"column\">\n\t\t\t<div class=\"elementor-widget-wrap elementor-element-populated\">\n\t\t\t\t\t\t<div class=\"elementor-element elementor-element-c0d46f2 elementor-widget elementor-widget-text-editor\" data-id=\"c0d46f2\" data-element_type=\"widget\" data-widget_type=\"text-editor.default\">\n\t\t\t\t<div class=\"elementor-widget-container\">\n\t\t\t\t\t\t\t\t\t<h3>Ana \u015firket profili<\/h3><p>Kurulu\u015f tarihi: 13 Nisan 1954<br \/>Merkez: \u0130stanbul \/ T\u00fcrkiye<br \/>\u00d6denmi\u015f sermaye: 7.111.364 TL<br \/>\u00c7al\u0131\u015fan Say\u0131s\u0131: 16,929<br \/>T\u00fcrkiye'deki \u015eube Say\u0131s\u0131: 940<br \/>\u0130nternet:\u00a0<a href=\"http:\/\/vakifbank.com.tr\/\" target=\"_blank\" rel=\"noreferrer noopener\">www.vakifbank.com.tr<\/a><\/p><p><a href=\"\/tr\/T&\/#039;nin dereceleri. Vakiflar Bankasi T.A.O.(eng)\" target=\"_blank\" rel=\"noreferrer noopener\">T'nin dereceleri. <em>Vakiflar<\/em> Bankas\u0131 T.A.O. (eng)<\/a><\/p><p><a href=\"http:\/\/vakifbank.com.tr\/annual-reports.aspx?pageID=638\" target=\"_blank\" rel=\"noreferrer noopener\">T.'nin y\u0131ll\u0131k raporlar\u0131 <em>Vakiflar<\/em> Bankas\u0131 T.A.O.(eng)<\/a><\/p>\t\t\t\t\t\t\t\t<\/div>\n\t\t\t\t<\/div>\n\t\t\t\t\t<\/div>\n\t\t<\/div>\n\t\t\t\t<div class=\"elementor-column elementor-col-50 elementor-inner-column elementor-element elementor-element-2b5a99e\" data-id=\"2b5a99e\" data-element_type=\"column\">\n\t\t\t<div class=\"elementor-widget-wrap elementor-element-populated\">\n\t\t\t\t\t\t<div class=\"elementor-element elementor-element-a7c1bd8 elementor-widget elementor-widget-text-editor\" data-id=\"a7c1bd8\" data-element_type=\"widget\" data-widget_type=\"text-editor.default\">\n\t\t\t\t<div class=\"elementor-widget-container\">\n\t\t\t\t\t\t\t\t\t<h3>T.'nin hissedarlar\u0131 <i>Vakiflar<\/i> Bankas\u0131 T.A.O.<\/h3><div class=\"elementor-element elementor-element-a7c1bd8 elementor-widget elementor-widget-text-editor\" data-id=\"a7c1bd8\" data-element_type=\"widget\" data-widget_type=\"text-editor.default\"><div class=\"elementor-widget-container\"><p>14,75 % T\u00fcrkiye Cumhuriyeti - Hazine ve Maliye Bakanl\u0131\u011f\u0131<\/p><p>74,79 % T\u00fcrkiye Varl\u0131k Fonu<\/p><p>6,36% Di\u011fer (kamu hisseleri, vak\u0131f)<\/p><p>4.06 % T\u00fcrkiye Vak\u0131flar Bankas\u0131 T.A.O. Emekli Sand\u0131\u011f\u0131<\/p><\/div><\/div><p>\u00a0<\/p>\t\t\t\t\t\t\t\t<\/div>\n\t\t\t\t<\/div>\n\t\t\t\t\t<\/div>\n\t\t<\/div>\n\t\t\t\t\t<\/div>\n\t\t<\/section>\n\t\t\t\t\t<\/div>\n\t\t<\/div>\n\t\t\t\t\t<\/div>\n\t\t<\/section>\n\t\t\t\t<\/div>","protected":false},"excerpt":{"rendered":"<p>T. Vak\u0131flar Bankas\u0131 T.A.O. Vak\u0131fBank Hakk\u0131nda T. Vak\u0131flar Bankas\u0131 T.A.O. 1954 y\u0131l\u0131nda kurulmu\u015ftur. T\u00fcrkiye'nin ikinci b\u00fcy\u00fck kamu bankas\u0131 olan Vak\u0131fBank, T\u00fcrkiye'de yakla\u015f\u0131k 940 \u015fubenin yan\u0131 s\u0131ra New York, Bahreyn ve Erbil'de birer \u015fube ile faaliyet g\u00f6stermektedir. Temel verilerimiz Ana \u015firketin profili Kurulu\u015f tarihi: 13 Nisan 1954 Merkez: \u0130stanbul \/ T\u00fcrkiye \u00d6denmi\u015f sermaye: [...]<\/p>","protected":false},"author":3,"featured_media":0,"parent":565,"menu_order":0,"comment_status":"closed","ping_status":"closed","template":"elementor_header_footer","meta":{"_uag_custom_page_level_css":"","footnotes":""},"class_list":["post-1144","page","type-page","status-publish","hentry"],"uagb_featured_image_src":{"full":false,"thumbnail":false,"medium":false,"medium_large":false,"large":false,"1536x1536":false,"2048x2048":false,"trp-custom-language-flag":false},"uagb_author_info":{"display_name":"caner","author_link":"https:\/\/vakifbank.de\/tr\/author\/caner\/"},"uagb_comment_info":0,"uagb_excerpt":"T. Vakiflar Bankasi T.A.O. \u00dcber Vak\u0131fBank Die T. Vakiflar Bankasi T.A.O. wurde 1954 gegr\u00fcndet. Sie ist die zweitgr\u00f6\u00dfte unter Staatseinfluss stehende t\u00fcrkische Bank und betreibt ca. 940 Filialen in der T\u00fcrkei sowie je eine Filiale in New York, Bahrain und Erbil. Zu unseren Eckdaten Profil der Muttergesellschaft Gr\u00fcndungsdatum: 13. April 1954Zentrale: Istanbul \/ T\u00fcrkeiEingezahltes Kapital:&hellip;","_links":{"self":[{"href":"https:\/\/vakifbank.de\/tr\/wp-json\/wp\/v2\/pages\/1144","targetHints":{"allow":["GET"]}}],"collection":[{"href":"https:\/\/vakifbank.de\/tr\/wp-json\/wp\/v2\/pages"}],"about":[{"href":"https:\/\/vakifbank.de\/tr\/wp-json\/wp\/v2\/types\/page"}],"author":[{"embeddable":true,"href":"https:\/\/vakifbank.de\/tr\/wp-json\/wp\/v2\/users\/3"}],"replies":[{"embeddable":true,"href":"https:\/\/vakifbank.de\/tr\/wp-json\/wp\/v2\/comments?post=1144"}],"version-history":[{"count":55,"href":"https:\/\/vakifbank.de\/tr\/wp-json\/wp\/v2\/pages\/1144\/revisions"}],"predecessor-version":[{"id":3844,"href":"https:\/\/vakifbank.de\/tr\/wp-json\/wp\/v2\/pages\/1144\/revisions\/3844"}],"up":[{"embeddable":true,"href":"https:\/\/vakifbank.de\/tr\/wp-json\/wp\/v2\/pages\/565"}],"wp:attachment":[{"href":"https:\/\/vakifbank.de\/tr\/wp-json\/wp\/v2\/media?parent=1144"}],"curies":[{"name":"wp","href":"https:\/\/api.w.org\/{rel}","templated":true}]}}