{"id":2699,"date":"2023-03-08T14:07:57","date_gmt":"2023-03-08T13:07:57","guid":{"rendered":"https:\/\/vakifbank.de\/?page_id=2699"},"modified":"2023-03-08T14:24:28","modified_gmt":"2023-03-08T13:24:28","slug":"mitarbeiter-corporate-banking-w-m-d","status":"publish","type":"page","link":"https:\/\/vakifbank.de\/tr\/karriere-1\/mitarbeiter-corporate-banking-w-m-d\/","title":{"rendered":"Kurumsal Bankac\u0131l\u0131k \u00c7al\u0131\u015fan\u0131 (f\/m\/d)"},"content":{"rendered":"<div data-elementor-type=\"wp-page\" data-elementor-id=\"2699\" class=\"elementor elementor-2699\" data-elementor-post-type=\"page\">\n\t\t\t\t\t\t<section class=\"elementor-section elementor-top-section elementor-element elementor-element-b689bfb elementor-section-boxed elementor-section-height-default elementor-section-height-default\" data-id=\"b689bfb\" data-element_type=\"section\">\n\t\t\t\t\t\t<div class=\"elementor-container elementor-column-gap-default\">\n\t\t\t\t\t<div class=\"elementor-column elementor-col-100 elementor-top-column elementor-element elementor-element-8e7b10d\" data-id=\"8e7b10d\" data-element_type=\"column\">\n\t\t\t<div class=\"elementor-widget-wrap elementor-element-populated\">\n\t\t\t\t\t\t<div class=\"elementor-element elementor-element-070ef8a elementor-widget elementor-widget-heading\" data-id=\"070ef8a\" data-element_type=\"widget\" data-widget_type=\"heading.default\">\n\t\t\t\t<div class=\"elementor-widget-container\">\n\t\t\t\t\t<h1 class=\"elementor-heading-title elementor-size-default\">\u0130\u015f \u0130lan\u0131<\/h1>\t\t\t\t<\/div>\n\t\t\t\t<\/div>\n\t\t\t\t<div class=\"elementor-element elementor-element-9198237 elementor-widget elementor-widget-text-editor\" data-id=\"9198237\" data-element_type=\"widget\" data-widget_type=\"text-editor.default\">\n\t\t\t\t<div class=\"elementor-widget-container\">\n\t\t\t\t\t\t\t\t\t<h2><span style=\"color: #000000;\">Kurumsal Bankac\u0131l\u0131k \u00c7al\u0131\u015fan\u0131 (f\/m\/d)<\/span><\/h2><p>Tarih: \u015fu an itibariyle <br \/>Konum Viyana<br \/>Mesleki alan: Bankac\u0131l\u0131k, Kurumsal Bankac\u0131l\u0131k<\/p><p>Viyana merkezli uluslararas\u0131 bir bankay\u0131z. Geleneksel mevduat i\u015fine ek olarak, Avrupa'daki orta \u00f6l\u00e7ekli ve b\u00fcy\u00fck \u015firketlerin finansman\u0131na odaklan\u0131yoruz.<\/p><p>Viyana'daki uluslararas\u0131 bankac\u0131l\u0131k faaliyetlerinin \u015fekillendirilmesinde aktif bir rol oynamak ve fikirlerinizi do\u011frudan hayata ge\u00e7irmenin keyfini \u00e7\u0131karmak istiyorsan\u0131z do\u011fru yerdesiniz.<\/p><p>Hepsi bu kadar da de\u011fil: Gelecek vaat eden kariyer f\u0131rsatlar\u0131n\u0131n yan\u0131 s\u0131ra, aile dostu olmaya ve tam ve yar\u0131 zamanl\u0131 \u00e7al\u0131\u015fma modellerine b\u00fcy\u00fck \u00f6nem veriyoruz.<\/p><p>\u015eu anda Kurumsal Bankac\u0131l\u0131k departman\u0131m\u0131z i\u00e7in yeni tak\u0131m arkada\u015flar\u0131 ar\u0131yoruz. Bir bankan\u0131n t\u00fcm alanlar\u0131nda derinlemesine e\u011fitim sunuyoruz. B\u00fcy\u00fckl\u00fc\u011f\u00fcm\u00fcz nedeniyle, bankac\u0131l\u0131k i\u015fi hakk\u0131nda h\u0131zl\u0131 bir \u015fekilde b\u00fct\u00fcnsel bir anlay\u0131\u015f kazanacaks\u0131n\u0131z. <br \/>G\u00f6revler:<\/p><p style=\"padding-left: 40px;\">- Kredi ba\u015fvurular\u0131n\u0131n haz\u0131rlanmas\u0131<br \/>- Temel finansal rakamlar\u0131n analiz edilmesi ve de\u011ferlendirilmesi<br \/>- M\u00fc\u015fteriler\/i\u015f ortaklar\u0131 ile yeni ili\u015fkiler kurmak<br \/>- Mevcut m\u00fc\u015fteri ili\u015fkilerinin s\u00fcrd\u00fcr\u00fclmesi ve d\u00fczenli olarak g\u00fcncellenmesi <br \/>- Portf\u00f6y\u00fcn derecelendirme de\u011ferlendirmesi<br \/>- Finansal konular\u0131n ve piyasalar\u0131n izlenmesi<\/p><p>\u00a0<\/p><p>Gereksinimler:<\/p><p style=\"padding-left: 40px;\">- Finans veya bankac\u0131l\u0131k odakl\u0131 i\u015fletme e\u011fitimini tamamlam\u0131\u015f <br \/>- Kredi ve piyasa riski alan\u0131nda profesyonel deneyim <br \/>- Kredi verme i\u015findeki d\u00fczenleyici gereklilikler hakk\u0131nda bilgi <br \/>- \u0130leri d\u00fczeyde finansal analiz bilgisi<br \/>- Kredi \u00fcr\u00fcnlerinin hesaplanmas\u0131<br \/>- Makroekonomik geli\u015fmeler ve bunlar\u0131n sekt\u00f6rlerdeki etkileri hakk\u0131nda temel bilgi<br \/>- Di\u011fer bankac\u0131l\u0131k \u00fcr\u00fcnleri hakk\u0131nda bilgi<br \/>- M\u00fc\u015fteri ve hizmet odakl\u0131l\u0131k, g\u00fc\u00e7l\u00fc ileti\u015fim becerileri ve \u00f6\u011frenmeye isteklilik<\/p><p>\u00a0<\/p><p>Bizim teklifimiz:<\/p><p style=\"padding-left: 40px;\">- Uluslararas\u0131 bir bankada \u00e7ok y\u00f6nl\u00fc pozisyonlar <br \/>- g\u00fc\u00e7l\u00fc ve meslekta\u015f\u00e7a bir ekiple <br \/>- D\u00fcz hiyerar\u015fiye sahip dinamik ve modern bir \u00e7al\u0131\u015fma ortam\u0131nda<br \/>- \u0130lgili ileri e\u011fitim ve \u00f6\u011fretim programlar\u0131n\u0131n tan\u0131t\u0131m\u0131<\/p><p>\u00a0<\/p><p>Ba\u015fvurunuzu almak i\u00e7in sab\u0131rs\u0131zlan\u0131yoruz <a href=\"mailto:hr@vakifbank.de\">hr@vakifbank.de<\/a>!<\/p>\t\t\t\t\t\t\t\t<\/div>\n\t\t\t\t<\/div>\n\t\t\t\t\t<\/div>\n\t\t<\/div>\n\t\t\t\t\t<\/div>\n\t\t<\/section>\n\t\t\t\t<\/div>","protected":false},"excerpt":{"rendered":"<p>\u0130\u015f ilan\u0131 \u00c7al\u0131\u015fan Kurumsal Bankac\u0131l\u0131k (f\/m\/d) Tarih: hemen Yer: ViyanaMeslek alan\u0131: Bankac\u0131l\u0131k, Kurumsal Bankac\u0131l\u0131k Viyana merkezli uluslararas\u0131 bir bankay\u0131z. Geleneksel mevduat i\u015fine ek olarak, Avrupa'daki orta \u00f6l\u00e7ekli ve b\u00fcy\u00fck \u015firketlerin finansman\u0131na odaklan\u0131yoruz. Viyana'daki uluslararas\u0131 bankac\u0131l\u0131k faaliyetlerinin \u015fekillendirilmesinde aktif bir rol oynamak ve fikirlerinizi do\u011frudan uygulamaktan keyif almak istiyorsan\u0131z, [...]<\/p>","protected":false},"author":3,"featured_media":0,"parent":1334,"menu_order":0,"comment_status":"closed","ping_status":"closed","template":"elementor_header_footer","meta":{"_uag_custom_page_level_css":"","footnotes":""},"class_list":["post-2699","page","type-page","status-publish","hentry"],"uagb_featured_image_src":{"full":false,"thumbnail":false,"medium":false,"medium_large":false,"large":false,"1536x1536":false,"2048x2048":false,"trp-custom-language-flag":false},"uagb_author_info":{"display_name":"caner","author_link":"https:\/\/vakifbank.de\/tr\/author\/caner\/"},"uagb_comment_info":0,"uagb_excerpt":"Stellenausschreibung Mitarbeiter Corporate Banking (w\/m\/d) Datum: ab sofort Standort: WienBerufsfeld: Banking, Corporate Banking Wir sind eine internationale Bank mit Sitz in Wien. Neben dem klassischen Einlagengesch\u00e4ft fokussieren wir uns auf die Finanzierung mittlerer und gro\u00dfer Unternehmen in Europa. Wenn Sie in Wien internationale Bankt\u00e4tigkeit aktiv mitgestalten wollen und Spa\u00df daran haben, Ihre Ideen direkt umzusetzen,&hellip;","_links":{"self":[{"href":"https:\/\/vakifbank.de\/tr\/wp-json\/wp\/v2\/pages\/2699","targetHints":{"allow":["GET"]}}],"collection":[{"href":"https:\/\/vakifbank.de\/tr\/wp-json\/wp\/v2\/pages"}],"about":[{"href":"https:\/\/vakifbank.de\/tr\/wp-json\/wp\/v2\/types\/page"}],"author":[{"embeddable":true,"href":"https:\/\/vakifbank.de\/tr\/wp-json\/wp\/v2\/users\/3"}],"replies":[{"embeddable":true,"href":"https:\/\/vakifbank.de\/tr\/wp-json\/wp\/v2\/comments?post=2699"}],"version-history":[{"count":7,"href":"https:\/\/vakifbank.de\/tr\/wp-json\/wp\/v2\/pages\/2699\/revisions"}],"predecessor-version":[{"id":2714,"href":"https:\/\/vakifbank.de\/tr\/wp-json\/wp\/v2\/pages\/2699\/revisions\/2714"}],"up":[{"embeddable":true,"href":"https:\/\/vakifbank.de\/tr\/wp-json\/wp\/v2\/pages\/1334"}],"wp:attachment":[{"href":"https:\/\/vakifbank.de\/tr\/wp-json\/wp\/v2\/media?parent=2699"}],"curies":[{"name":"wp","href":"https:\/\/api.w.org\/{rel}","templated":true}]}}