{"id":2705,"date":"2023-03-08T14:14:01","date_gmt":"2023-03-08T13:14:01","guid":{"rendered":"https:\/\/vakifbank.de\/?page_id=2705"},"modified":"2023-03-08T14:24:30","modified_gmt":"2023-03-08T13:24:30","slug":"kundenbetreuer-w-m-d","status":"publish","type":"page","link":"https:\/\/vakifbank.de\/tr\/karriere-1\/kundenbetreuer-w-m-d\/","title":{"rendered":"M\u00fc\u015fteri Dan\u0131\u015fman\u0131 (f\/m\/d)"},"content":{"rendered":"<div data-elementor-type=\"wp-page\" data-elementor-id=\"2705\" class=\"elementor elementor-2705\" data-elementor-post-type=\"page\">\n\t\t\t\t\t\t<section class=\"elementor-section elementor-top-section elementor-element elementor-element-7b86435 elementor-section-boxed elementor-section-height-default elementor-section-height-default\" data-id=\"7b86435\" data-element_type=\"section\">\n\t\t\t\t\t\t<div class=\"elementor-container elementor-column-gap-default\">\n\t\t\t\t\t<div class=\"elementor-column elementor-col-100 elementor-top-column elementor-element elementor-element-3c199fe\" data-id=\"3c199fe\" data-element_type=\"column\">\n\t\t\t<div class=\"elementor-widget-wrap elementor-element-populated\">\n\t\t\t\t\t\t<div class=\"elementor-element elementor-element-ee649b5 elementor-widget elementor-widget-heading\" data-id=\"ee649b5\" data-element_type=\"widget\" data-widget_type=\"heading.default\">\n\t\t\t\t<div class=\"elementor-widget-container\">\n\t\t\t\t\t<h1 class=\"elementor-heading-title elementor-size-default\">\u0130\u015f \u0130lan\u0131<\/h1>\t\t\t\t<\/div>\n\t\t\t\t<\/div>\n\t\t\t\t<div class=\"elementor-element elementor-element-0c8dfdb elementor-widget elementor-widget-text-editor\" data-id=\"0c8dfdb\" data-element_type=\"widget\" data-widget_type=\"text-editor.default\">\n\t\t\t\t<div class=\"elementor-widget-container\">\n\t\t\t\t\t\t\t\t\t<h2><span style=\"color: #000000;\">M\u00fc\u015fteri Dan\u0131\u015fman\u0131 (f\/m\/d)<\/span><\/h2><p>Tarih: \u015fu an itibariyle <br \/>Konum Viyana<br \/>Mesleki alan: Bankac\u0131l\u0131k, \u00d6zel M\u00fc\u015fteriler<\/p><p>Viyana merkezli uluslararas\u0131 bir bankay\u0131z. Geleneksel mevduat i\u015fine ek olarak, Avrupa'daki orta \u00f6l\u00e7ekli ve b\u00fcy\u00fck \u015firketlerin finansman\u0131na odaklan\u0131yoruz.<\/p><p>Viyana'daki uluslararas\u0131 bankac\u0131l\u0131k faaliyetlerinin \u015fekillendirilmesinde aktif bir rol oynamak ve fikirlerinizi do\u011frudan hayata ge\u00e7irmenin keyfini \u00e7\u0131karmak istiyorsan\u0131z do\u011fru yerdesiniz. <br \/><br \/>Hepsi bu kadar da de\u011fil: Gelecek vaat eden kariyer f\u0131rsatlar\u0131n\u0131n yan\u0131 s\u0131ra, aile dostu olmaya ve tam ve yar\u0131 zamanl\u0131 \u00e7al\u0131\u015fma modellerine b\u00fcy\u00fck \u00f6nem veriyoruz.<\/p><p>\u015eu anda \u015fubemiz i\u00e7in yeni ekip arkada\u015flar\u0131 ar\u0131yoruz. Bir bankan\u0131n t\u00fcm alanlar\u0131nda derinlemesine e\u011fitim sunuyoruz. B\u00fcy\u00fckl\u00fc\u011f\u00fcm\u00fcz nedeniyle, bankac\u0131l\u0131k i\u015fi hakk\u0131nda h\u0131zl\u0131 bir \u015fekilde b\u00fct\u00fcnsel bir anlay\u0131\u015f kazanacaks\u0131n\u0131z. <br \/>Gereksinimler:<\/p><p style=\"padding-left: 40px;\">- HAK\/HAS veya di\u011fer i\u015fletme e\u011fitimlerinde asgari yeterlilik <br \/>- M\u00fc\u015fteri i\u015flerinde e\u011fitim ve\/veya ek nitelikler bir avantajd\u0131r<br \/>- Say\u0131lara kar\u015f\u0131 y\u00fcksek yak\u0131nl\u0131k<br \/>- \u00c7ok iyi MS Office becerileri<br \/>- \u00c7ok iyi derecede Almanca ve \u0130ngilizce bilgisi (Macarca veya T\u00fcrk\u00e7e bilgisi avantaj)<br \/>- \u0130nisiyatif sahibi, kesin ve yap\u0131land\u0131r\u0131lm\u0131\u015f bir \u00e7al\u0131\u015fma \u015fekli<br \/>- Y\u00fcksek operasyonel haz\u0131rl\u0131k<\/p><p>\u00a0<\/p><p>Bizim teklifimiz:<\/p><p style=\"padding-left: 40px;\">- Uluslararas\u0131 bir bankada \u00e7ok y\u00f6nl\u00fc pozisyonlar <br \/>- g\u00fc\u00e7l\u00fc ve meslekta\u015f\u00e7a bir ekiple <br \/>- D\u00fcz hiyerar\u015fiye sahip dinamik ve modern bir \u00e7al\u0131\u015fma ortam\u0131nda<br \/>- \u0130lgili ileri e\u011fitim ve \u00f6\u011fretim programlar\u0131n\u0131n tan\u0131t\u0131m\u0131<\/p><p>\u00a0<\/p><p>Ba\u015fvurunuzu almak i\u00e7in sab\u0131rs\u0131zlan\u0131yoruz <a href=\"mailto:hr@vakifbank.de\">hr@vakifbank.de<\/a>!<\/p>\t\t\t\t\t\t\t\t<\/div>\n\t\t\t\t<\/div>\n\t\t\t\t\t<\/div>\n\t\t<\/div>\n\t\t\t\t\t<\/div>\n\t\t<\/section>\n\t\t\t\t<\/div>","protected":false},"excerpt":{"rendered":"<p>\u0130\u015f ilan\u0131 Hesap Y\u00f6neticisi (f\/m\/d) Tarih: hemen Yer: ViyanaProfesyonel alan: Bankac\u0131l\u0131k, \u00d6zel M\u00fc\u015fteriler Viyana merkezli uluslararas\u0131 bir bankay\u0131z. Geleneksel mevduat i\u015fine ek olarak, Avrupa'daki orta \u00f6l\u00e7ekli ve b\u00fcy\u00fck \u015firketlerin finansman\u0131na odaklan\u0131yoruz. Viyana'daki uluslararas\u0131 bankac\u0131l\u0131k faaliyetlerini aktif olarak \u015fekillendirmek ve fikirlerinizi do\u011frudan uygulamaktan zevk almak istiyorsan\u0131z, do\u011fru yerdesiniz [...]<\/p>","protected":false},"author":3,"featured_media":0,"parent":1334,"menu_order":0,"comment_status":"closed","ping_status":"closed","template":"elementor_header_footer","meta":{"_uag_custom_page_level_css":"","footnotes":""},"class_list":["post-2705","page","type-page","status-publish","hentry"],"uagb_featured_image_src":{"full":false,"thumbnail":false,"medium":false,"medium_large":false,"large":false,"1536x1536":false,"2048x2048":false,"trp-custom-language-flag":false},"uagb_author_info":{"display_name":"caner","author_link":"https:\/\/vakifbank.de\/tr\/author\/caner\/"},"uagb_comment_info":0,"uagb_excerpt":"Stellenausschreibung Kundenbetreuer (w\/m\/d) Datum: ab sofort Standort: WienBerufsfeld: Banking, Privatkunden Wir sind eine internationale Bank mit Sitz in Wien. Neben dem klassischen Einlagengesch\u00e4ft fokussieren wir uns auf die Finanzierung mittlerer und gro\u00dfer Unternehmen in Europa. Wenn Sie in Wien internationale Bankt\u00e4tigkeit aktiv mitgestalten wollen und Spa\u00df daran haben, Ihre Ideen direkt umzusetzen, sind Sie bei&hellip;","_links":{"self":[{"href":"https:\/\/vakifbank.de\/tr\/wp-json\/wp\/v2\/pages\/2705","targetHints":{"allow":["GET"]}}],"collection":[{"href":"https:\/\/vakifbank.de\/tr\/wp-json\/wp\/v2\/pages"}],"about":[{"href":"https:\/\/vakifbank.de\/tr\/wp-json\/wp\/v2\/types\/page"}],"author":[{"embeddable":true,"href":"https:\/\/vakifbank.de\/tr\/wp-json\/wp\/v2\/users\/3"}],"replies":[{"embeddable":true,"href":"https:\/\/vakifbank.de\/tr\/wp-json\/wp\/v2\/comments?post=2705"}],"version-history":[{"count":7,"href":"https:\/\/vakifbank.de\/tr\/wp-json\/wp\/v2\/pages\/2705\/revisions"}],"predecessor-version":[{"id":2717,"href":"https:\/\/vakifbank.de\/tr\/wp-json\/wp\/v2\/pages\/2705\/revisions\/2717"}],"up":[{"embeddable":true,"href":"https:\/\/vakifbank.de\/tr\/wp-json\/wp\/v2\/pages\/1334"}],"wp:attachment":[{"href":"https:\/\/vakifbank.de\/tr\/wp-json\/wp\/v2\/media?parent=2705"}],"curies":[{"name":"wp","href":"https:\/\/api.w.org\/{rel}","templated":true}]}}