{"id":2710,"date":"2023-03-08T14:23:51","date_gmt":"2023-03-08T13:23:51","guid":{"rendered":"https:\/\/vakifbank.de\/?page_id=2710"},"modified":"2023-03-08T14:24:33","modified_gmt":"2023-03-08T13:24:33","slug":"it-allrounder-with-process-digitalization-background-w-m-d","status":"publish","type":"page","link":"https:\/\/vakifbank.de\/tr\/karriere-1\/it-allrounder-with-process-digitalization-background-w-m-d\/","title":{"rendered":"S\u00fcre\u00e7 Dijitalle\u015ftirme Ge\u00e7mi\u015fine Sahip \u00c7ok Y\u00f6nl\u00fc BT Uzman\u0131 (f\/m\/d)"},"content":{"rendered":"<div data-elementor-type=\"wp-page\" data-elementor-id=\"2710\" class=\"elementor elementor-2710\" data-elementor-post-type=\"page\">\n\t\t\t\t\t\t<section class=\"elementor-section elementor-top-section elementor-element elementor-element-677d393 elementor-section-boxed elementor-section-height-default elementor-section-height-default\" data-id=\"677d393\" data-element_type=\"section\">\n\t\t\t\t\t\t<div class=\"elementor-container elementor-column-gap-default\">\n\t\t\t\t\t<div class=\"elementor-column elementor-col-100 elementor-top-column elementor-element elementor-element-cf3589f\" data-id=\"cf3589f\" data-element_type=\"column\">\n\t\t\t<div class=\"elementor-widget-wrap elementor-element-populated\">\n\t\t\t\t\t\t<div class=\"elementor-element elementor-element-ee5b628 elementor-widget elementor-widget-heading\" data-id=\"ee5b628\" data-element_type=\"widget\" data-widget_type=\"heading.default\">\n\t\t\t\t<div class=\"elementor-widget-container\">\n\t\t\t\t\t<h1 class=\"elementor-heading-title elementor-size-default\">Bo\u015f pozisyon<\/h1>\t\t\t\t<\/div>\n\t\t\t\t<\/div>\n\t\t\t\t<div class=\"elementor-element elementor-element-6dfdfe9 elementor-widget elementor-widget-text-editor\" data-id=\"6dfdfe9\" data-element_type=\"widget\" data-widget_type=\"text-editor.default\">\n\t\t\t\t<div class=\"elementor-widget-container\">\n\t\t\t\t\t\t\t\t\t<h2>S\u00fcre\u00e7 Dijitalle\u015ftirme Ge\u00e7mi\u015fine Sahip \u00c7ok Y\u00f6nl\u00fc BT Uzman\u0131 (f\/m\/d)<\/h2><p>Vak\u0131fBank'a Genel Bak\u0131\u015f<br \/>1999 y\u0131l\u0131nda Viyana\/Avusturya'da kurulan Vak\u0131fBank International AG, farkl\u0131 ve \u00e7ok uluslu ge\u00e7mi\u015fe sahip 50'den fazla \u00e7al\u0131\u015fan\u0131yla Viyana, K\u00f6ln, Frankfurt ve yak\u0131nda Budape\u015fte'deki \u015fube a\u011f\u0131yla faaliyetlerini s\u00fcrd\u00fcrmektedir.<br \/>Banka, ana kurulu\u015funun deste\u011fiyle kurumsal m\u00fc\u015fteri taban\u0131na \u00f6zel finansal hizmetler sunarak ve tahvil yat\u0131r\u0131mlar\u0131 yaparak T\u00fcrkiye, Avusturya ve Almanya aras\u0131ndaki ekonomik ili\u015fkilere ve d\u0131\u015f ticaret angajmanlar\u0131n\u0131n geli\u015ftirilmesine \u00f6nemli katk\u0131larda bulunmaktad\u0131r.<br \/>G\u00fc\u00e7l\u00fc sermaye ve likidite yap\u0131s\u0131yla 2021 y\u0131l\u0131 itibar\u0131yla 900 milyon Avro aktif b\u00fcy\u00fckl\u00fc\u011fe ula\u015fan banka, g\u00fc\u00e7l\u00fc marka varl\u0131\u011f\u0131 ve itibar\u0131 sayesinde yakla\u015f\u0131k 10 bin bireysel m\u00fc\u015fteriye hizmet vermektedir.<br \/>Senin rol\u00fcn:<\/p><p style=\"padding-left: 40px;\">- Temel Bankac\u0131l\u0131k Sistemleri, Risk Y\u00f6netimi, S\u00fcre\u00e7 optimizasyonlar\u0131 ve \u00d6deme Sistemleri i\u015f b\u00f6l\u00fcmleri i\u00e7in kapsam, zaman, b\u00fct\u00e7e ve kalite a\u00e7\u0131s\u0131ndan y\u00f6netici ve \u00fcst y\u00f6netimin dikkatini \u00e7eken b\u00fcy\u00fck i\u015f d\u00f6n\u00fc\u015f\u00fcm programlar\u0131n\u0131n yan\u0131 s\u0131ra \u00e7apraz fonksiyonlu ve olduk\u00e7a karma\u015f\u0131k uluslararas\u0131 i\u015f projelerinde (DE'de) \u00e7al\u0131\u015facaks\u0131n\u0131z.<br \/>- Microsoft platformlar\u0131n\u0131 (PowerApps, Power Automate vb.) kullanarak manuel temel s\u00fcre\u00e7leri optimize etmek ve dijitalle\u015ftirmekten sorumlu olacaks\u0131n\u0131z.<br \/>- Stratejik konular\u0131 ve fikirleri geli\u015ftirip somut giri\u015fimlere ve projelere d\u00f6n\u00fc\u015ft\u00fcrecek ve i\u015f stratejisinin operasyonlara uygulanmas\u0131na katk\u0131da bulunacaks\u0131n\u0131z<br \/>- Alman Temel Bankac\u0131l\u0131k Sistemimizin ve bile\u015fenlerinin t\u00fcm g\u00fcnl\u00fck i\u015fleyi\u015finden sorumlu olacaks\u0131n\u0131z. <br \/>- De\u011fi\u015fim ve d\u00f6n\u00fc\u015f\u00fcm\u00fc s\u00fcrd\u00fcr\u00fclebilir bir \u015fekilde y\u00f6netecek ve Alman CBS'sinde s\u00fcrekli iyile\u015ftirme ger\u00e7ekle\u015ftireceksiniz.<br \/>- CBS \/ s\u00fcre\u00e7 optimizasyonundaki b\u00fcy\u00fck zorluklarda ba\u015far\u0131l\u0131 olmak i\u00e7in yetkinlikler ve en iyi uygulama ara\u00e7 setleri geli\u015ftireceksiniz.<\/p><p>\u00a0<\/p><p>Senin profilin:<\/p><p style=\"padding-left: 40px;\">- BT ile ilgili alanlarda, Dan\u0131\u015fmanl\u0131k, Proje Y\u00f6netimi veya benzer bir teknik disiplinde en az 4 y\u0131ll\u0131k mesleki deneyime sahip ve en az 2 y\u0131l\u0131 bankac\u0131l\u0131k sekt\u00f6r\u00fcnde olmak \u00fczere \u00fcniversite mezunu Y\u00fcksek Lisans\/Diploma<br \/>- S\u00fcre\u00e7 optimizasyonu alan\u0131nda kan\u0131tlanm\u0131\u015f bir ge\u00e7mi\u015fe sahipsiniz (ideal olarak Microsoft \u00dcr\u00fcnlerini kullanarak)<br \/>- SCRUM ve tasar\u0131m odakl\u0131 d\u00fc\u015f\u00fcnme gibi \u00e7evik y\u00f6ntemler hakk\u0131nda bilgi sahibi olmak da dahil olmak \u00fczere proje y\u00f6netimi y\u00f6ntemlerinde derin deneyime ve bilgi birikimine sahipsiniz<br \/>- Bankac\u0131l\u0131k i\u015finin de\u011fer zinciri ve de\u011fer fakt\u00f6rleri hakk\u0131nda kapsaml\u0131 bir anlay\u0131\u015fa sahipsiniz<br \/>- \u0130\u015f d\u00f6n\u00fc\u015f\u00fcm\u00fc, inovasyon ve dijitalle\u015fme geli\u015fmeleri hakk\u0131nda sa\u011flam bir bilgiye ve farkl\u0131 i\u015fletme modellerinin \u00e7e\u015fitli boyutlar\u0131 (operasyonel strateji, y\u00f6neti\u015fim, s\u00fcre\u00e7, teknoloji, organizasyonel tasar\u0131m, performans y\u00f6netimi) hakk\u0131nda ayr\u0131nt\u0131l\u0131 bir anlay\u0131\u015fa sahipsiniz<br \/>- Yeni ve uygulanabilir \u00e7\u00f6z\u00fcmler bularak ola\u011fan\u00fcst\u00fc sonu\u00e7lar elde etmek i\u00e7in veri analizi, veriye dayal\u0131 karar verme ve \u00fcst\u00fcn analitik ve problem \u00e7\u00f6zme yetenekleri konusunda sa\u011flam bir anlay\u0131\u015fa sahipsiniz<br \/>- \u00dcst\u00fcn ileti\u015fim, moderasyon ve sunum becerilerine sahipsiniz (\u00fcst y\u00f6netime raporlama yetene\u011fi dahil)<br \/>- Ak\u0131c\u0131 \u0130ngilizce konu\u015fuyorsunuz. (Almanca ve T\u00fcrk\u00e7e art\u0131 olarak kabul edilir)<\/p><p><br \/>Vak\u0131fBank size ne sunabilir?<\/p><p style=\"padding-left: 40px;\">- M\u00fckemmel geli\u015fim f\u0131rsatlar\u0131 sunan uluslararas\u0131 k\u00f6kl\u00fc bir \u015firkete kat\u0131lma f\u0131rsat\u0131<br \/>- Niteliklerinize ve mesleki deneyiminize uygun cazip bir \u00fccret paketi sunuyoruz.<br \/>- Merkezi konumdaki i\u015f yeri: Merkez ofis, Viyana, 1040<br \/>- \u015eirket Bisikleti - s\u00f6zde JobRad<br \/>- \u00d6\u011fle yeme\u011fi tazminat biletleri<\/p><p>\u00a0<\/p><p>Ba\u015fvurunuzu d\u00f6rt g\u00f6zle bekliyoruz <a href=\"mailto:hr@vakifbank.de\">hr@vakifbank.de<\/a>!<\/p>\t\t\t\t\t\t\t\t<\/div>\n\t\t\t\t<\/div>\n\t\t\t\t\t<\/div>\n\t\t<\/div>\n\t\t\t\t\t<\/div>\n\t\t<\/section>\n\t\t\t\t<\/div>","protected":false},"excerpt":{"rendered":"<p>Vacancy IT Allrounder with Process Digitalization Background (f\/m\/d) Vak\u0131fBank'a Genel Bak\u0131\u015f 1999 y\u0131l\u0131nda Viyana\/Avusturya'da kurulan Vak\u0131fBank International AG, Viyana, K\u00f6ln, Frankfurt ve yak\u0131nda Budape\u015fte'deki \u015fube a\u011f\u0131yla, farkl\u0131 ve \u00e7ok uluslu ge\u00e7mi\u015flere sahip 50'den fazla \u00e7al\u0131\u015fan\u0131yla faaliyet g\u00f6stermektedir.<\/p>","protected":false},"author":3,"featured_media":0,"parent":1334,"menu_order":0,"comment_status":"closed","ping_status":"closed","template":"elementor_header_footer","meta":{"_uag_custom_page_level_css":"","footnotes":""},"class_list":["post-2710","page","type-page","status-publish","hentry"],"uagb_featured_image_src":{"full":false,"thumbnail":false,"medium":false,"medium_large":false,"large":false,"1536x1536":false,"2048x2048":false,"trp-custom-language-flag":false},"uagb_author_info":{"display_name":"caner","author_link":"https:\/\/vakifbank.de\/tr\/author\/caner\/"},"uagb_comment_info":0,"uagb_excerpt":"Vacancy IT Allrounder with Process Digitalization Background (w\/m\/d) Overview of VakifBankFounded in 1999 in Vienna\/Austria, VakifBank International AG has been operating through its branch network in Vienna, Cologne, Frankfurt and soon in Budapest, with its 50+ employees, which are of diverse and multinational backgrounds.With the support of its parent institution, the bank makes significant contributions&hellip;","_links":{"self":[{"href":"https:\/\/vakifbank.de\/tr\/wp-json\/wp\/v2\/pages\/2710","targetHints":{"allow":["GET"]}}],"collection":[{"href":"https:\/\/vakifbank.de\/tr\/wp-json\/wp\/v2\/pages"}],"about":[{"href":"https:\/\/vakifbank.de\/tr\/wp-json\/wp\/v2\/types\/page"}],"author":[{"embeddable":true,"href":"https:\/\/vakifbank.de\/tr\/wp-json\/wp\/v2\/users\/3"}],"replies":[{"embeddable":true,"href":"https:\/\/vakifbank.de\/tr\/wp-json\/wp\/v2\/comments?post=2710"}],"version-history":[{"count":4,"href":"https:\/\/vakifbank.de\/tr\/wp-json\/wp\/v2\/pages\/2710\/revisions"}],"predecessor-version":[{"id":2720,"href":"https:\/\/vakifbank.de\/tr\/wp-json\/wp\/v2\/pages\/2710\/revisions\/2720"}],"up":[{"embeddable":true,"href":"https:\/\/vakifbank.de\/tr\/wp-json\/wp\/v2\/pages\/1334"}],"wp:attachment":[{"href":"https:\/\/vakifbank.de\/tr\/wp-json\/wp\/v2\/media?parent=2710"}],"curies":[{"name":"wp","href":"https:\/\/api.w.org\/{rel}","templated":true}]}}