{"id":409,"date":"2022-12-19T16:25:24","date_gmt":"2022-12-19T15:25:24","guid":{"rendered":"https:\/\/vakifbank.de\/?page_id=409"},"modified":"2023-10-20T12:47:58","modified_gmt":"2023-10-20T10:47:58","slug":"information-zum-festgeldkonto-fur-firmenkunden","status":"publish","type":"page","link":"https:\/\/vakifbank.de\/tr\/information-zum-festgeldkonto-fur-firmenkunden\/","title":{"rendered":"Kurumsal m\u00fc\u015fteriler i\u00e7in sabit vadeli mevduat hesab\u0131 hakk\u0131nda bilgi"},"content":{"rendered":"<div data-elementor-type=\"wp-page\" data-elementor-id=\"409\" class=\"elementor elementor-409\" data-elementor-post-type=\"page\">\n\t\t\t\t\t\t<section class=\"elementor-section elementor-top-section elementor-element elementor-element-4a79111 elementor-section-boxed elementor-section-height-default elementor-section-height-default\" data-id=\"4a79111\" data-element_type=\"section\">\n\t\t\t\t\t\t<div class=\"elementor-container elementor-column-gap-default\">\n\t\t\t\t\t<div class=\"elementor-column elementor-col-100 elementor-top-column elementor-element elementor-element-2786f08\" data-id=\"2786f08\" data-element_type=\"column\">\n\t\t\t<div class=\"elementor-widget-wrap elementor-element-populated\">\n\t\t\t\t\t\t<div class=\"elementor-element elementor-element-b02f53c elementor-widget elementor-widget-heading\" data-id=\"b02f53c\" data-element_type=\"widget\" data-widget_type=\"heading.default\">\n\t\t\t\t<div class=\"elementor-widget-container\">\n\t\t\t\t\t<h1 class=\"elementor-heading-title elementor-size-default\">\nKurumsal m\u00fc\u015fteriler i\u00e7in vadeli mevduat hesab\u0131 hakk\u0131nda bilgi\n\n<\/h1>\t\t\t\t<\/div>\n\t\t\t\t<\/div>\n\t\t\t\t\t<\/div>\n\t\t<\/div>\n\t\t\t\t\t<\/div>\n\t\t<\/section>\n\t\t\t\t<section class=\"elementor-section elementor-top-section elementor-element elementor-element-d083cd1 elementor-section-boxed elementor-section-height-default elementor-section-height-default\" data-id=\"d083cd1\" data-element_type=\"section\">\n\t\t\t\t\t\t<div class=\"elementor-container elementor-column-gap-default\">\n\t\t\t\t\t<div class=\"elementor-column elementor-col-100 elementor-top-column elementor-element elementor-element-963c712\" data-id=\"963c712\" data-element_type=\"column\">\n\t\t\t<div class=\"elementor-widget-wrap elementor-element-populated\">\n\t\t\t\t\t\t<div class=\"elementor-element elementor-element-c57f40b elementor-widget__width-initial elementor-widget elementor-widget-text-editor\" data-id=\"c57f40b\" data-element_type=\"widget\" data-widget_type=\"text-editor.default\">\n\t\t\t\t<div class=\"elementor-widget-container\">\n\t\t\t\t\t\t\t\t\t<p><strong>Gecelik ve Vadeli Mevduatlar i\u00e7in \u00d6zel Ko\u015fullar (A\u011fustos 2023 itibar\u0131yla)<\/strong><\/p><p><strong>\u00a0<\/strong><\/p><p><strong>Terminoloji<\/strong><\/p><p><strong>\u00a0<\/strong><\/p><p><strong>VakifBank Int. AG, Viyana, Almanya \u015eubesi <\/strong>Vak\u0131fBank olarak adland\u0131r\u0131lm\u0131\u015ft\u0131r.<\/p><p>\u00a0<\/p><p><strong>Vadeli mevduat (veya sabit vadeli mevduat)<\/strong> kararla\u015ft\u0131r\u0131lan bir faiz oran\u0131 ile belirli bir vade i\u00e7in yat\u0131r\u0131lan bir finansal yat\u0131r\u0131m \u015feklidir.<\/p><p>\u00a0<\/p><p><strong>Vadesiz Mevduat<\/strong> g\u00fcnl\u00fck kullan\u0131labilirli\u011fi ve de\u011fi\u015fken faiz oran\u0131 olan bir yat\u0131r\u0131m \u015feklidir.<\/p><p>\u00a0<\/p><p><strong>Vadeli mevduat mutabakat hesab\u0131 (veya mutabakat hesab\u0131)<\/strong> Vak\u0131fBank'ta vadeli mevduatlar\u0131n \u00f6denmesi i\u00e7in m\u00fc\u015fteri ad\u0131na a\u00e7\u0131lan bir hesapt\u0131r. Hesap \u00fccretsizdir.<\/p><p>\u00a0<\/p><p><strong>Referans hesap (veya kontra hesap)<\/strong> hesap sahibinin ad\u0131na olan ve m\u00fc\u015fterinin ev bankas\u0131nda tutulan bir hesapt\u0131r.<\/p><p>\u00a0<\/p><p><strong>Devrilme<\/strong> vadeli bir mevduat\u0131n (veya vadeli mevduat\u0131n) vadesinin uzat\u0131lmas\u0131d\u0131r.<\/p><p>\u00a0<\/p><p><strong>1. hesap a\u00e7\u0131l\u0131\u015flar\u0131<\/strong><\/p><p><strong>\u00a0<\/strong><\/p><p>Gecelik veya vadeli mevduat hesaplar\u0131 yaln\u0131zca \"bireysel hesap\" veya \"veya hesap\" olarak y\u00f6netilir. \"Ve\" veya \"vasi\" hesaplar\u0131 tutulmaz.<\/p><p>Hesaplar \u015fubelerde veya uzaktan sat\u0131\u015f yoluyla a\u00e7\u0131labilir. Ba\u015fvurunun al\u0131nmas\u0131ndan sonra, me\u015fruluk Postident\/Videoident taraf\u0131ndan do\u011frulan\u0131r. Me\u015fruiyetin onaylanmas\u0131ndan sonra, m\u00fc\u015fteri yat\u0131r\u0131m tutar\u0131n\u0131n transferi i\u00e7in yaz\u0131l\u0131 olarak \u00f6deme hesab\u0131n\u0131 alacakt\u0131r.<\/p><p>Vadeli mevduatlar i\u00e7in asgari yat\u0131r\u0131m tutar\u0131 5.000 Avro'dur ve hesap \u00f6zetleri ciro \u00fczerine d\u00fczenlenir.<\/p><p>\u00a0<\/p><p><strong>2. gecelik mevduatlar<\/strong><\/p><p><strong>\u00a0<\/strong><\/p><p>Gecelik mevduatlar sadece \u00f6zel m\u00fc\u015fteriler i\u00e7in tutulmaktad\u0131r. Faiz, paran\u0131n al\u0131nmas\u0131ndan sonra ge\u00e7erli faiz oran\u0131 \u00fczerinden yat\u0131r\u0131ma \u00f6denir. Ek \u00f6demeler her zaman m\u00fcmk\u00fcnd\u00fcr. Para \u00e7a\u011fr\u0131lar\u0131 telefonla, yaz\u0131l\u0131 olarak veya metin \u015feklinde yap\u0131l\u0131r. \u00c7a\u011fr\u0131lan tutarlar yaln\u0131zca ayn\u0131 g\u00fcn bilinen referans hesaba aktar\u0131l\u0131r.<br \/>Havale veya otomatik \u00f6deme ile \u00f6deme i\u015flemleri m\u00fcmk\u00fcn de\u011fildir. Tamamen elden \u00e7\u0131karma durumunda, \u00e7a\u011fr\u0131 hesab\u0131 kapat\u0131l\u0131r ve referans hesaba aktar\u0131l\u0131r. Faiz ekstreleri her \u00fc\u00e7 ayda bir \u00e7a\u011fr\u0131 hesab\u0131na yat\u0131r\u0131lan faiz ile haz\u0131rlan\u0131r. Maksimum mevduat tutar\u0131 banka taraf\u0131ndan belirlenir ve Vak\u0131fBank web sitesinde yay\u0131nlan\u0131r. Azami tutar\u0131n a\u015f\u0131lmas\u0131 durumunda, yay\u0131nlanan faiz oran\u0131 uygulanmaz.<\/p><p>\u00a0<\/p><p><strong>3. vadeli mevduatlar<\/strong><\/p><p><strong>\u00a0<\/strong><\/p><p>Para al\u0131nd\u0131\u011f\u0131nda ve rezerve edildi\u011finde, m\u00fc\u015fteri s\u00f6zle\u015fme verilerini i\u00e7eren bir hesap \u00f6zeti al\u0131r. Ek \u00f6demeler, para \u00e7ekme ve vade s\u0131ras\u0131nda fesih hari\u00e7tir. Yat\u0131r\u0131m\u0131n faizi kararla\u015ft\u0131r\u0131lan vade i\u00e7in sabittir. BGB \u00a7 314 uyar\u0131nca ola\u011fan\u00fcst\u00fc fesih durumunda, m\u00fc\u015fteri \u015funlar\u0131 yapabilir<br \/>Banka, avans i\u00e7in ge\u00e7erli \u00fccret ve faizin Vak\u0131fBank'a \u00f6denmesi ve gerekli belgelerin ibraz edilmesi ko\u015fuluyla erken feshi kabul edebilir. Avanslara ili\u015fkin \u00fccret ve faizlerin ayr\u0131nt\u0131lar\u0131 i\u00e7in l\u00fctfen \u00fccret ve masraf \u00e7izelgesine bak\u0131n\u0131z.<br \/>Vak\u0131fBank'\u0131n faiz teklifleri, takas hesab\u0131n\u0131n g\u00f6nderilmesinden sonraki 7 i\u015f g\u00fcn\u00fcne kadar garantilidir.<br \/>M\u00fc\u015fteri, s\u00f6zle\u015fmenin sona ermesinden 2 hafta \u00f6nce son \u00f6deme tarihi hakk\u0131nda bilgilendirilecektir. Bize 2 i\u015f g\u00fcn\u00fc \u00f6ncesine kadar bilgi verildi\u011fi takdirde<br \/>S\u00f6zle\u015fmenin sonunda aksi y\u00f6nde bir talimat almazsak, yat\u0131r\u0131m ayn\u0131 vade ve ayn\u0131 ko\u015fullarla yap\u0131l\u0131r.<br \/>o zaman ge\u00e7erli faiz oran\u0131.<br \/>Faiz \u00f6demeleri, bir y\u0131la kadar vadeli mevduatlarda s\u00f6zle\u015fme sonunda, birka\u00e7 y\u0131l vadeli mevduatlarda ise hesap a\u00e7\u0131l\u0131\u015f tarihinden sonra y\u0131ll\u0131k olarak de\u011fer kazan\u0131r. Banka, \u00f6zel bir m\u00fc\u015fteri talimat\u0131 olmaks\u0131z\u0131n faizi referans hesaba \u00f6der. Vadesi gelen faiz ve anapara \u00f6demeleri sadece referans hesaba yap\u0131l\u0131r.<\/p><p>\u00a0<\/p><p><strong>4. Y\u00f6netim<\/strong><\/p><p><strong>\u00a0<\/strong><\/p><p>Vadesiz para ve vadeli mevduat hesaplar\u0131 ile ilgili tasarruflar telefonla, yaz\u0131l\u0131 veya yaz\u0131l\u0131 olarak ger\u00e7ekle\u015ftirilir.<\/p><p>\u00a0<\/p><p>M\u00fc\u015fteri bilgilerinde ve referans hesapta yap\u0131lacak de\u011fi\u015fiklikler yaln\u0131zca yaz\u0131l\u0131 olarak ve t\u00fcm hesap sahipleri taraf\u0131ndan imzalanarak yap\u0131lacakt\u0131r. Bankac\u0131l\u0131k i\u015flemlerinin internet bankac\u0131l\u0131\u011f\u0131 \u00fczerinden ger\u00e7ekle\u015ftirilmesi m\u00fc\u015fteri ile kararla\u015ft\u0131r\u0131ld\u0131\u011f\u0131 s\u00fcrece, adres de\u011fi\u015fiklikleri, ileti\u015fim bilgilerindeki de\u011fi\u015fiklikler, hesap bilgilerindeki de\u011fi\u015fiklikler<br \/>Muafiyet talimatlar\u0131 ve referans hesap de\u011fi\u015fiklikleri online bankac\u0131l\u0131k \u00fczerinden ger\u00e7ekle\u015ftirilebilir.<\/p><p>\u00a0<\/p><p>Hesap y\u00f6netimi \u00fccretsizdir. \u00d6zel hizmetler i\u00e7in \u00fccretler Banka'n\u0131n Fiyat ve Hizmetler Listesi'nde listelenmi\u015ftir.<\/p><p>\u00a0<\/p><p><strong>5. hesap kapatma gecelik mevduat hesab\u0131 ve mutabakat hesab\u0131<\/strong><\/p><p><strong>\u00a0<\/strong><\/p><p>Takas hesab\u0131n\u0131n bir y\u0131l s\u00fcreyle ciro g\u00f6stermemesi ve cari vadeli mevduat bulunmamas\u0131 halinde, takas hesab\u0131 Vak\u0131fBank taraf\u0131ndan kapat\u0131lacak ve mevcut bakiyeler referans hesaba aktar\u0131lacakt\u0131r.<\/p><p>\u00a0<\/p><p><strong>6. emlak hesaplar\u0131 \/ vasiyetname \/ bir hesap \u00fczerinde vekaletname<\/strong><\/p><p><strong>\u00a0<\/strong><\/p><p>Bir hesap sahibinin \u00f6l\u00fcm\u00fc, \u00f6l\u00fcm belgesi ibraz edilerek derhal bankaya bildirilmelidir. Banka, \u00f6l\u00fcm tarihi itibariyle kredi bakiyelerini (yasal olarak \u00f6ng\u00f6r\u00fclen tutardan) ve kiral\u0131k kasalar\u0131 yetkili veraset vergisi dairesine bildirmekle y\u00fck\u00fcml\u00fcd\u00fcr. Hesap sahibinin \u00f6l\u00fcm\u00fc \u00fczerine hesaplar tereke olarak devam eder. Hesaplar i\u00e7in vekaletnameler \u00f6l\u00fcmden sonra da ge\u00e7erlidir; ilgili miras kan\u0131t\u0131 sunulana kadar. Hesab\u0131 devralma ve tasarruf etme hakk\u0131na sahip bir veya daha fazla ki\u015fi, a\u00e7\u0131l\u0131\u015f belgeli bir vasiyetname veya miras\u00e7\u0131l\u0131k belgesi ile kendilerini me\u015frula\u015ft\u0131rmal\u0131d\u0131r. Emanet hesaplar, tereke hesaplar\u0131 ve m\u00fc\u015fterek varislerin hesaplar\u0131ndaki bakiyeler k\u0131smen veya tamamen devir ve rehin edilemez. Vak\u0131fBank, teredd\u00fct halinde miras\u00e7\u0131lardan ek belge talep etme hakk\u0131n\u0131 sakl\u0131 tutar.\u00a0<\/p><p>\u00a0<\/p><p>Vekaletnameler yaln\u0131zca bir ger\u00e7ek ki\u015fiye verilebilir. M\u00fc\u015fterek hesaplar i\u00e7in her iki hesap sahibinin de imzas\u0131 gereklidir. Yetkili ki\u015fi bankaya vergi kimlik numaras\u0131n\u0131 bildirmekle y\u00fck\u00fcml\u00fcd\u00fcr. Yetkiler vekaletname belgesinden kaynaklan\u0131r.<\/p><p>\u00a0<\/p><p><strong>7. sermaye kazanc\u0131 \/ muafiyeti<\/strong><\/p><p><strong>\u00a0<\/strong><\/p><p>Yat\u0131r\u0131m gelirleri, sermaye kazanc\u0131 vergisi ve dayan\u0131\u015fma ek vergisi ile birlikte sabit bir oranda vergilendirilmektedir. Bankalar, m\u00fc\u015fterileri i\u00e7in bu faiz indirimini yapmakla y\u00fck\u00fcml\u00fcd\u00fcr. 01 Ocak 2015 tarihinden itibaren kilise vergisi de otomatik olarak kesilecek ve dini cemaat \u00fcyeleri taraf\u0131ndan \u00f6denecektir. Faiz gelirleri yasada \u00f6ng\u00f6r\u00fclen miktara kadar muaf tutulabilir. Tahakkuk etmeyen bir belge mevcutsa, faiz geliri kesinti olmaks\u0131z\u0131n vergiden muaft\u0131r. Takvim y\u0131l\u0131n\u0131n sonunda m\u00fc\u015fteri, vergilendirilmi\u015f\/muaf tutulmu\u015f yat\u0131r\u0131m geliri i\u00e7in otomatik olarak y\u0131ll\u0131k bir vergi sertifikas\u0131 al\u0131r.<br \/>Gelir tablosu.<\/p><p>\u00a0<\/p><p><strong>8. GWG'ye g\u00f6re intifa hakk\u0131 sahibi<\/strong><\/p><p><strong>\u00a0<\/strong><\/p><p>Hesaplar yaln\u0131zca s\u00f6zle\u015fme orta\u011f\u0131n\u0131n veya hesap sahibinin kendi hesab\u0131 i\u00e7in a\u00e7\u0131l\u0131r.<br \/>Sonu\u00e7 olarak, s\u00f6zle\u015fme taraf\u0131 veya hesap sahibi ayn\u0131 zamanda her zaman mevduat\u0131n ger\u00e7ek sahibidir.<\/p><p>\u00a0<\/p><p><strong>9. \u015fartlar ve ko\u015fullar<\/strong><\/p><p><strong>\u00a0<\/strong><\/p><p>M\u00fc\u015fteri bir hesap a\u00e7arak mevcut \"Genel H\u00fck\u00fcm ve Ko\u015fullar\" ile \"Gecelik ve Vadeli Mevduatlar i\u00e7in \u00d6zel H\u00fck\u00fcm ve Ko\u015fullar\u0131\" kabul etmi\u015f olur. Bunlar bankada da g\u00f6r\u00fclebilir veya m\u00fc\u015fteriye g\u00f6nderilebilir. Yarg\u0131 yeri K\u00f6ln'd\u00fcr.<\/p>\t\t\t\t\t\t\t\t<\/div>\n\t\t\t\t<\/div>\n\t\t\t\t\t<\/div>\n\t\t<\/div>\n\t\t\t\t\t<\/div>\n\t\t<\/section>\n\t\t\t\t<\/div>","protected":false},"excerpt":{"rendered":"<p>Kurumsal m\u00fc\u015fteriler i\u00e7in vadeli mevduat hesab\u0131 hakk\u0131nda bilgi Gecelik para ve vadeli mevduat i\u00e7in \u00f6zel ko\u015fullar (A\u011fustos 2023 itibar\u0131yla) Terminoloji VakifBank Int. AG, Viyana, Almanya \u015fubesi VakifBank olarak an\u0131lmaktad\u0131r.   Vadeli para (veya vadeli mevduat), kararla\u015ft\u0131r\u0131lan bir faiz oran\u0131 \u00fczerinden belirli bir vade i\u00e7in yat\u0131r\u0131lan bir finansal yat\u0131r\u0131m \u015feklidir.   \u00c7a\u011fr\u0131 paras\u0131 [...] ile bir yat\u0131r\u0131m \u015feklidir.<\/p>","protected":false},"author":1,"featured_media":0,"parent":0,"menu_order":0,"comment_status":"closed","ping_status":"closed","template":"elementor_header_footer","meta":{"_uag_custom_page_level_css":"","footnotes":""},"class_list":["post-409","page","type-page","status-publish","hentry"],"uagb_featured_image_src":{"full":false,"thumbnail":false,"medium":false,"medium_large":false,"large":false,"1536x1536":false,"2048x2048":false,"trp-custom-language-flag":false},"uagb_author_info":{"display_name":"meisterkoch840","author_link":"https:\/\/vakifbank.de\/tr\/author\/meisterkoch840\/"},"uagb_comment_info":0,"uagb_excerpt":"Information zum Termingeldkonto f\u00fcr Firmenkunden Besondere Bedingungen f\u00fcr Tagesgeld- und Termingeldanlagen (Stand August 2023) \u00a0 Terminologie \u00a0 VakifBank Int. AG, Wien, Zweigniederlassung Deutschland wird als VakifBank genannt. \u00a0 Termingeld (oder Festgeld) ist eine Form von Geldanlage, die f\u00fcr eine bestimmte Laufzeit mit einem vereinbarten Zinssatz angelegt wird. \u00a0 Tagesgeld ist eine Form von Geldanlage mit&hellip;","_links":{"self":[{"href":"https:\/\/vakifbank.de\/tr\/wp-json\/wp\/v2\/pages\/409","targetHints":{"allow":["GET"]}}],"collection":[{"href":"https:\/\/vakifbank.de\/tr\/wp-json\/wp\/v2\/pages"}],"about":[{"href":"https:\/\/vakifbank.de\/tr\/wp-json\/wp\/v2\/types\/page"}],"author":[{"embeddable":true,"href":"https:\/\/vakifbank.de\/tr\/wp-json\/wp\/v2\/users\/1"}],"replies":[{"embeddable":true,"href":"https:\/\/vakifbank.de\/tr\/wp-json\/wp\/v2\/comments?post=409"}],"version-history":[{"count":44,"href":"https:\/\/vakifbank.de\/tr\/wp-json\/wp\/v2\/pages\/409\/revisions"}],"predecessor-version":[{"id":3951,"href":"https:\/\/vakifbank.de\/tr\/wp-json\/wp\/v2\/pages\/409\/revisions\/3951"}],"wp:attachment":[{"href":"https:\/\/vakifbank.de\/tr\/wp-json\/wp\/v2\/media?parent=409"}],"curies":[{"name":"wp","href":"https:\/\/api.w.org\/{rel}","templated":true}]}}