{"id":58,"date":"2022-11-29T00:04:55","date_gmt":"2022-11-28T23:04:55","guid":{"rendered":"https:\/\/vakifbank.de\/?page_id=58"},"modified":"2022-11-29T00:04:55","modified_gmt":"2022-11-28T23:04:55","slug":"kredite","status":"publish","type":"page","link":"https:\/\/vakifbank.de\/tr\/kredite\/","title":{"rendered":"Krediler"},"content":{"rendered":"<p>\u00c7ok fazla g\u00fc\u00e7l\u00fck ve zaman kayb\u0131 olmadan, ucuz ve h\u0131zl\u0131 bir \u015fekilde \u00f6denen bir kredi b\u00f6yle g\u00f6r\u00fcnmelidir.<\/p>\n\n\n\n<p>VakifBank International AG bu nedenle size kar\u015f\u0131layabilece\u011finiz bireysel k\u0131sa ve orta vadeli krediler sunmaktad\u0131r. VakifBank International AG \u00e7al\u0131\u015fanlar\u0131m\u0131z sizi profesyonelce bilgilendirecektir.<\/p>\n\n\n\n<p>Finansman\u0131n t\u00fcm y\u00f6nleri hakk\u0131nda ki\u015fisel tavsiye almak i\u00e7in l\u00fctfen dan\u0131\u015fmanlar\u0131m\u0131zdan biriyle ileti\u015fime ge\u00e7in.<\/p>\n\n\n\n<p>Vak\u0131fBank International AG ile hedefinize ula\u015f\u0131n.<\/p>\n\n\n\n<p><strong>Hala sorular\u0131n\u0131z var m\u0131?<br><\/strong>Size yard\u0131mc\u0131 olmaktan mutluluk duyaca\u011f\u0131z. Do\u011frudan ofisimize gelin veya bizi aray\u0131n. Dan\u0131\u015fmanlar\u0131m\u0131z sizinle tan\u0131\u015fmak i\u00e7in sab\u0131rs\u0131zlan\u0131yor!<\/p>","protected":false},"excerpt":{"rendered":"<p>Bir kredinin uygun bir oranla \u00f6denmesi kolay ve h\u0131zl\u0131 olmal\u0131d\u0131r. VakifBank International AG bu nedenle size kar\u015f\u0131layabilece\u011finiz, \u00f6zelle\u015ftirilmi\u015f k\u0131sa ve orta vadeli krediler sunmaktad\u0131r. VakifBank International AG personelimiz size uzman bilgileri sa\u011flayacakt\u0131r. Finansman\u0131n t\u00fcm y\u00f6nleri hakk\u0131nda ki\u015fisel tavsiye i\u00e7in l\u00fctfen [...] ile ileti\u015fime ge\u00e7in.<\/p>","protected":false},"author":1,"featured_media":0,"parent":0,"menu_order":0,"comment_status":"closed","ping_status":"closed","template":"","meta":{"_uag_custom_page_level_css":"","footnotes":""},"class_list":["post-58","page","type-page","status-publish","hentry"],"uagb_featured_image_src":{"full":false,"thumbnail":false,"medium":false,"medium_large":false,"large":false,"1536x1536":false,"2048x2048":false,"trp-custom-language-flag":false},"uagb_author_info":{"display_name":"meisterkoch840","author_link":"https:\/\/vakifbank.de\/tr\/author\/meisterkoch840\/"},"uagb_comment_info":0,"uagb_excerpt":"Ohne viele Umst\u00e4nde und Zeitverlust, g\u00fcnstig und rasch ausbezahlt, so sollte ein Kredit aussehen. Die VakifBank International AG bietet Ihnen deshalb individuell auf Sie ausgerichtete kurz- und mittelfristige Kredite an, welche Sie sich auch leisten k\u00f6nnen. Unsere Mitarbeiter der VakifBank International AG werden sie fachm\u00e4nnisch informieren. F\u00fcr pers\u00f6nliche Beratung rund ums Finanzieren kontaktieren Sie bitte&hellip;","_links":{"self":[{"href":"https:\/\/vakifbank.de\/tr\/wp-json\/wp\/v2\/pages\/58","targetHints":{"allow":["GET"]}}],"collection":[{"href":"https:\/\/vakifbank.de\/tr\/wp-json\/wp\/v2\/pages"}],"about":[{"href":"https:\/\/vakifbank.de\/tr\/wp-json\/wp\/v2\/types\/page"}],"author":[{"embeddable":true,"href":"https:\/\/vakifbank.de\/tr\/wp-json\/wp\/v2\/users\/1"}],"replies":[{"embeddable":true,"href":"https:\/\/vakifbank.de\/tr\/wp-json\/wp\/v2\/comments?post=58"}],"version-history":[{"count":1,"href":"https:\/\/vakifbank.de\/tr\/wp-json\/wp\/v2\/pages\/58\/revisions"}],"predecessor-version":[{"id":59,"href":"https:\/\/vakifbank.de\/tr\/wp-json\/wp\/v2\/pages\/58\/revisions\/59"}],"wp:attachment":[{"href":"https:\/\/vakifbank.de\/tr\/wp-json\/wp\/v2\/media?parent=58"}],"curies":[{"name":"wp","href":"https:\/\/api.w.org\/{rel}","templated":true}]}}