{"id":583,"date":"2022-12-29T23:42:01","date_gmt":"2022-12-29T22:42:01","guid":{"rendered":"https:\/\/vakifbank.de\/?page_id=583"},"modified":"2026-03-24T10:35:37","modified_gmt":"2026-03-24T09:35:37","slug":"agb","status":"publish","type":"page","link":"https:\/\/vakifbank.de\/tr\/agb\/","title":{"rendered":"AGB"},"content":{"rendered":"<div data-elementor-type=\"wp-page\" data-elementor-id=\"583\" class=\"elementor elementor-583\" data-elementor-post-type=\"page\">\n\t\t\t\t\t\t<section class=\"elementor-section elementor-top-section elementor-element elementor-element-92db7dc elementor-section-boxed elementor-section-height-default elementor-section-height-default\" data-id=\"92db7dc\" data-element_type=\"section\">\n\t\t\t\t\t\t<div class=\"elementor-container elementor-column-gap-default\">\n\t\t\t\t\t<div class=\"elementor-column elementor-col-100 elementor-top-column elementor-element elementor-element-dff7500\" data-id=\"dff7500\" data-element_type=\"column\">\n\t\t\t<div class=\"elementor-widget-wrap elementor-element-populated\">\n\t\t\t\t\t\t<div class=\"elementor-element elementor-element-f6340d8 elementor-widget elementor-widget-heading\" data-id=\"f6340d8\" data-element_type=\"widget\" data-widget_type=\"heading.default\">\n\t\t\t\t<div class=\"elementor-widget-container\">\n\t\t\t\t\t<h1 class=\"elementor-heading-title elementor-size-default\">Genel H\u00fck\u00fcm ve Ko\u015fullar<\/h1>\t\t\t\t<\/div>\n\t\t\t\t<\/div>\n\t\t\t\t\t<\/div>\n\t\t<\/div>\n\t\t\t\t\t<\/div>\n\t\t<\/section>\n\t\t\t\t<section class=\"elementor-section elementor-top-section elementor-element elementor-element-581bcc7 elementor-section-boxed elementor-section-height-default elementor-section-height-default\" data-id=\"581bcc7\" data-element_type=\"section\">\n\t\t\t\t\t\t<div class=\"elementor-container elementor-column-gap-default\">\n\t\t\t\t\t<div class=\"elementor-column elementor-col-100 elementor-top-column elementor-element elementor-element-6d6a08e\" data-id=\"6d6a08e\" data-element_type=\"column\">\n\t\t\t<div class=\"elementor-widget-wrap elementor-element-populated\">\n\t\t\t\t\t\t<div class=\"elementor-element elementor-element-0a5e3a6 elementor-toc--minimized-on-tablet elementor-widget elementor-widget-table-of-contents\" data-id=\"0a5e3a6\" data-element_type=\"widget\" data-settings=\"{&quot;headings_by_tags&quot;:[&quot;h3&quot;],&quot;exclude_headings_by_selector&quot;:[],&quot;no_headings_message&quot;:&quot;No headings were found on this page.&quot;,&quot;marker_view&quot;:&quot;numbers&quot;,&quot;minimize_box&quot;:&quot;yes&quot;,&quot;minimized_on&quot;:&quot;tablet&quot;,&quot;hierarchical_view&quot;:&quot;yes&quot;,&quot;min_height&quot;:{&quot;unit&quot;:&quot;px&quot;,&quot;size&quot;:&quot;&quot;,&quot;sizes&quot;:[]},&quot;min_height_tablet&quot;:{&quot;unit&quot;:&quot;px&quot;,&quot;size&quot;:&quot;&quot;,&quot;sizes&quot;:[]},&quot;min_height_mobile&quot;:{&quot;unit&quot;:&quot;px&quot;,&quot;size&quot;:&quot;&quot;,&quot;sizes&quot;:[]}}\" data-widget_type=\"table-of-contents.default\">\n\t\t\t\t<div class=\"elementor-widget-container\">\n\t\t\t\t\t\t\t\t\t<div class=\"elementor-toc__header\">\n\t\t\t\t\t\t<h2 class=\"elementor-toc__header-title\">\n\t\t\t\tBurada Genel H\u00fck\u00fcm ve Ko\u015fullar\u0131 bulacaks\u0131n\u0131z. <em>Vak\u0131fBank<\/em> International AG\t\t\t<\/h2>\n\t\t\t\t\t\t\t\t\t\t<div class=\"elementor-toc__toggle-button elementor-toc__toggle-button--expand\" role=\"button\" tabindex=\"0\" aria-controls=\"elementor-toc__0a5e3a6\" aria-expanded=\"true\" aria-label=\"\u0130\u00e7indekiler a\u00e7\"><i aria-hidden=\"true\" class=\"fas fa-chevron-down\"><\/i><\/div>\n\t\t\t\t<div class=\"elementor-toc__toggle-button elementor-toc__toggle-button--collapse\" role=\"button\" tabindex=\"0\" aria-controls=\"elementor-toc__0a5e3a6\" aria-expanded=\"true\" aria-label=\"\u0130\u00e7indekiler kapan\u0131\u015f\"><i aria-hidden=\"true\" class=\"fas fa-chevron-up\"><\/i><\/div>\n\t\t\t\t\t<\/div>\n\t\t\t\t<div id=\"elementor-toc__0a5e3a6\" class=\"elementor-toc__body\">\n\t\t\t<div class=\"elementor-toc__spinner-container\">\n\t\t\t\t<i class=\"elementor-toc__spinner eicon-animation-spin eicon-loading\" aria-hidden=\"true\"><\/i>\t\t\t<\/div>\n\t\t<\/div>\n\t\t\t\t\t\t<\/div>\n\t\t\t\t<\/div>\n\t\t\t\t<div class=\"elementor-element elementor-element-e5809ff elementor-widget elementor-widget-text-editor\" data-id=\"e5809ff\" data-element_type=\"widget\" data-widget_type=\"text-editor.default\">\n\t\t\t\t<div class=\"elementor-widget-container\">\n\t\t\t\t\t\t\t\t\t<h3 style=\"text-align: left;\"><strong>Genel h\u00fck\u00fcm ve ko\u015fullar<\/strong><\/h3><div id=\"c41\" class=\"csc-default\"><p class=\"bodytext\"><a href=\"https:\/\/vakifbank.de\/wp-content\/uploads\/2023\/12\/AGB-mit-Fassungsdatum-1.pdf\" target=\"_blank\" rel=\"noopener\">Genel h\u00fck\u00fcm ve ko\u015fullar<\/a><br \/><a href=\"https:\/\/vakifbank.de\/wp-content\/uploads\/2023\/04\/Merkblatt_EK.pdf\" target=\"_blank\" rel=\"noopener\">Bro\u015f\u00fcr Avrupa Komisyonu<\/a> \u00a0<\/p><p class=\"bodytext\"><a href=\"https:\/\/vakifbank.de\/wp-content\/uploads\/2026\/03\/Sonderbedingungen-Ueberweisungsverkehr-2026.pdf\">Kredi Transferleri i\u00e7in \u00d6zel Ko\u015fullar<\/a><\/p><p class=\"bodytext\"><a href=\"https:\/\/vakifbank.de\/wp-content\/uploads\/2026\/03\/Sonderbedingungen-fuer-den-Lastschriftverkehr.pdf\">\u00d6zel Ko\u015fullar Do\u011frudan Bor\u00e7land\u0131rma \u0130\u015flemleri<\/a><\/p><p class=\"bodytext\"><a href=\"https:\/\/vakifbank.de\/wp-content\/uploads\/2023\/10\/Sonerbedingungen-fuer-das-Online-banking.pdf\">\u00d6zel Ko\u015fullar Online Bankac\u0131l\u0131k<\/a><\/p><p class=\"bodytext\"><a href=\"https:\/\/vakifbank.de\/wp-content\/uploads\/2023\/10\/Informationsbogen-fuer-den-Einleger-2023.pdf\">Mevduat Garantisi - Mevduat Sahibi i\u00e7in Bilgi Formu<\/a><\/p><p><a href=\"https:\/\/vakifbank.de\/wp-content\/uploads\/2026\/03\/Besondere-Bedingungen-2026.pdf\">\u00c7a\u011fr\u0131 paras\u0131 ve vadeli mevduatlar i\u00e7in \u00f6zel ko\u015fullar<\/a><\/p><\/div>\t\t\t\t\t\t\t\t<\/div>\n\t\t\t\t<\/div>\n\t\t\t\t\t<\/div>\n\t\t<\/div>\n\t\t\t\t\t<\/div>\n\t\t<\/section>\n\t\t\t\t<\/div>","protected":false},"excerpt":{"rendered":"<p>Genel H\u00fck\u00fcm ve Ko\u015fullar Burada Vak\u0131fBank International AG'nin Genel H\u00fck\u00fcm ve Ko\u015fullar\u0131n\u0131 bulacaks\u0131n\u0131z Genel H\u00fck\u00fcm ve Ko\u015fullar Genel H\u00fck\u00fcm ve Ko\u015fullar Bilgi Sayfas\u0131 Avrupa Komisyonu Kredi Transferleri i\u00e7in \u00d6zel Ko\u015fullar Otomatik \u00d6deme \u0130\u015flemleri i\u00e7in \u00d6zel Ko\u015fullar \u0130nternet Bankac\u0131l\u0131\u011f\u0131 i\u00e7in \u00d6zel Ko\u015fullar Mevduat Korumas\u0131 - Mevduat Sahibi i\u00e7in Bilgi Sayfas\u0131 Gecelik ve Vadeli Mevduatlar i\u00e7in \u00d6zel Ko\u015fullar<\/p>","protected":false},"author":3,"featured_media":0,"parent":0,"menu_order":0,"comment_status":"closed","ping_status":"closed","template":"elementor_header_footer","meta":{"_uag_custom_page_level_css":"","footnotes":""},"class_list":["post-583","page","type-page","status-publish","hentry"],"uagb_featured_image_src":{"full":false,"thumbnail":false,"medium":false,"medium_large":false,"large":false,"1536x1536":false,"2048x2048":false,"trp-custom-language-flag":false},"uagb_author_info":{"display_name":"caner","author_link":"https:\/\/vakifbank.de\/tr\/author\/caner\/"},"uagb_comment_info":0,"uagb_excerpt":"Allgemeinen Gesch\u00e4ftsbedinungen Hier finden Sie die Allgemeinen Gesch\u00e4ftsbedingungen der Vak\u0131fBank International AG Allgemeine Gesch\u00e4ftsbedingungen Allgemeine Gesch\u00e4ftsbedingungenMerkblatt Europ\u00e4ische Kommission \u00a0 Sonderbedingungen \u00dcberweisungsverkehr Sonderbedingungen Lastschriftverkehr Sonderbedingungen Online Banking Einlagensicherung &#8211; Informationsbogen f\u00fcr den Einleger Besondere Bedingungen f\u00fcr Tagesgeld- und Termingeldanlagen","_links":{"self":[{"href":"https:\/\/vakifbank.de\/tr\/wp-json\/wp\/v2\/pages\/583","targetHints":{"allow":["GET"]}}],"collection":[{"href":"https:\/\/vakifbank.de\/tr\/wp-json\/wp\/v2\/pages"}],"about":[{"href":"https:\/\/vakifbank.de\/tr\/wp-json\/wp\/v2\/types\/page"}],"author":[{"embeddable":true,"href":"https:\/\/vakifbank.de\/tr\/wp-json\/wp\/v2\/users\/3"}],"replies":[{"embeddable":true,"href":"https:\/\/vakifbank.de\/tr\/wp-json\/wp\/v2\/comments?post=583"}],"version-history":[{"count":67,"href":"https:\/\/vakifbank.de\/tr\/wp-json\/wp\/v2\/pages\/583\/revisions"}],"predecessor-version":[{"id":4774,"href":"https:\/\/vakifbank.de\/tr\/wp-json\/wp\/v2\/pages\/583\/revisions\/4774"}],"wp:attachment":[{"href":"https:\/\/vakifbank.de\/tr\/wp-json\/wp\/v2\/media?parent=583"}],"curies":[{"name":"wp","href":"https:\/\/api.w.org\/{rel}","templated":true}]}}